{"id":12031,"date":"2015-09-20T23:40:46","date_gmt":"2015-09-20T22:40:46","guid":{"rendered":"http:\/\/www.nordiclightmals.com\/?page_id=12031"},"modified":"2022-11-18T02:00:22","modified_gmt":"2022-11-18T01:00:22","slug":"youtube","status":"publish","type":"page","link":"http:\/\/www.nordiclightmals.com\/?page_id=12031","title":{"rendered":"Youtube"},"content":{"rendered":"<p style=\"text-align: center;\"><img loading=\"lazy\" decoding=\"async\" class=\"wp-image-18007 size-full aligncenter\" title=\"FRED_1\" src=\"http:\/\/www.nordiclightmals.com\/wp-content\/uploads\/2022\/09\/cropped-IMG_3901-scaled-1.jpg\" alt=\"\" width=\"1000\" height=\"515\" srcset=\"http:\/\/www.nordiclightmals.com\/wp-content\/uploads\/2022\/09\/cropped-IMG_3901-scaled-1.jpg 1000w, http:\/\/www.nordiclightmals.com\/wp-content\/uploads\/2022\/09\/cropped-IMG_3901-scaled-1-300x155.jpg 300w, http:\/\/www.nordiclightmals.com\/wp-content\/uploads\/2022\/09\/cropped-IMG_3901-scaled-1-768x396.jpg 768w, http:\/\/www.nordiclightmals.com\/wp-content\/uploads\/2022\/09\/cropped-IMG_3901-scaled-1-500x258.jpg 500w\" sizes=\"auto, (max-width: 1000px) 100vw, 1000px\" \/>Nous vous invitons \u00e0 visiter notre cha\u00eene YouTube et \u00e0 vous abonnez pour recevoir un avis lorsque nous publions de nouveaux vid\u00e9os.Vous y trouverez des vid\u00e9os de notre gang durant les p\u00e9riodes de jeux quotidiens ou \u00e0 l&rsquo;entra\u00eenement.<\/p>\n<p style=\"text-align: center;\"><strong>Vous trouverez tous nos vid\u00e9os<a href=\"https:\/\/www.youtube.com\/user\/nordiclightmals\/videos\" target=\"_blank\" rel=\"noopener\"><span style=\"color: #ff0000;\"><span style=\"color: #ff0000;\"> ICI<\/span><\/span><\/a><\/strong><\/p>\n<p style=\"text-align: center;\">We invite you to visit our Youtube Network and to subscribe for receive a note when we publish a new video. You will find there several videos of our gang, in their daily playtime or at work.<\/p>\n<p style=\"text-align: center;\"><strong>You will find our videos<span style=\"color: #ff0000;\"><a style=\"color: #ff0000;\" href=\"https:\/\/www.youtube.com\/user\/nordiclightmals\/videos\" target=\"_blank\" rel=\"noopener\"> HERE<\/a><\/span><\/strong><\/p>\n<p><a href=\"https:\/\/www.youtube.com\/user\/nordiclightmals\/videos\" target=\"_blank\" rel=\"noopener\"><img loading=\"lazy\" decoding=\"async\" class=\"size-large wp-image-17520 aligncenter\" src=\"http:\/\/www.nordiclightmals.com\/wp-content\/uploads\/2022\/01\/IMG_5733-1-1024x681.jpg\" alt=\"\" width=\"584\" height=\"388\" srcset=\"http:\/\/www.nordiclightmals.com\/wp-content\/uploads\/2022\/01\/IMG_5733-1-1024x681.jpg 1024w, http:\/\/www.nordiclightmals.com\/wp-content\/uploads\/2022\/01\/IMG_5733-1-300x200.jpg 300w, http:\/\/www.nordiclightmals.com\/wp-content\/uploads\/2022\/01\/IMG_5733-1-768x511.jpg 768w, http:\/\/www.nordiclightmals.com\/wp-content\/uploads\/2022\/01\/IMG_5733-1-1536x1022.jpg 1536w, http:\/\/www.nordiclightmals.com\/wp-content\/uploads\/2022\/01\/IMG_5733-1-2048x1363.jpg 2048w, http:\/\/www.nordiclightmals.com\/wp-content\/uploads\/2022\/01\/IMG_5733-1-451x300.jpg 451w\" sizes=\"auto, (max-width: 584px) 100vw, 584px\" \/><\/a><\/p>\n","protected":false},"excerpt":{"rendered":"<p>Nous vous invitons \u00e0 visiter notre cha\u00eene YouTube et \u00e0 vous abonnez pour recevoir un avis lorsque nous publions de nouveaux vid\u00e9os.Vous y trouverez des vid\u00e9os de notre gang durant les p\u00e9riodes de jeux quotidiens ou \u00e0 l&rsquo;entra\u00eenement. Vous trouverez &hellip; <a href=\"http:\/\/www.nordiclightmals.com\/?page_id=12031\">Continuer la lecture <span class=\"meta-nav\"> \u00bb<\/span><\/a><\/p>\n","protected":false},"author":1,"featured_media":0,"parent":0,"menu_order":7,"comment_status":"closed","ping_status":"closed","template":"","meta":{"footnotes":""},"class_list":["post-12031","page","type-page","status-publish","hentry"],"_links":{"self":[{"href":"http:\/\/www.nordiclightmals.com\/index.php?rest_route=\/wp\/v2\/pages\/12031","targetHints":{"allow":["GET"]}}],"collection":[{"href":"http:\/\/www.nordiclightmals.com\/index.php?rest_route=\/wp\/v2\/pages"}],"about":[{"href":"http:\/\/www.nordiclightmals.com\/index.php?rest_route=\/wp\/v2\/types\/page"}],"author":[{"embeddable":true,"href":"http:\/\/www.nordiclightmals.com\/index.php?rest_route=\/wp\/v2\/users\/1"}],"replies":[{"embeddable":true,"href":"http:\/\/www.nordiclightmals.com\/index.php?rest_route=%2Fwp%2Fv2%2Fcomments&post=12031"}],"version-history":[{"count":9,"href":"http:\/\/www.nordiclightmals.com\/index.php?rest_route=\/wp\/v2\/pages\/12031\/revisions"}],"predecessor-version":[{"id":18110,"href":"http:\/\/www.nordiclightmals.com\/index.php?rest_route=\/wp\/v2\/pages\/12031\/revisions\/18110"}],"wp:attachment":[{"href":"http:\/\/www.nordiclightmals.com\/index.php?rest_route=%2Fwp%2Fv2%2Fmedia&parent=12031"}],"curies":[{"name":"wp","href":"https:\/\/api.w.org\/{rel}","templated":true}]}}