{"id":12025,"date":"2015-09-20T23:31:07","date_gmt":"2015-09-20T22:31:07","guid":{"rendered":"http:\/\/www.nordiclightmals.com\/?page_id=12025"},"modified":"2017-02-09T05:02:45","modified_gmt":"2017-02-09T04:02:45","slug":"facebook","status":"publish","type":"page","link":"https:\/\/www.nordiclightmals.com\/?page_id=12025","title":{"rendered":"Facebook"},"content":{"rendered":"<p style=\"text-align: left;\"><a href=\"http:\/\/www.nordiclightmals.com\/wp-content\/uploads\/2017\/02\/DSC_0236.jpg\"><img loading=\"lazy\" decoding=\"async\" class=\"aligncenter size-full wp-image-14019\" title=\"Nordiclight, photographe\/photographer: Fred Biss\" src=\"http:\/\/www.nordiclightmals.com\/wp-content\/uploads\/2017\/02\/DSC_0236.jpg\" alt=\"\" width=\"3216\" height=\"2136\" srcset=\"https:\/\/www.nordiclightmals.com\/wp-content\/uploads\/2017\/02\/DSC_0236.jpg 3216w, https:\/\/www.nordiclightmals.com\/wp-content\/uploads\/2017\/02\/DSC_0236-300x199.jpg 300w, https:\/\/www.nordiclightmals.com\/wp-content\/uploads\/2017\/02\/DSC_0236-1024x680.jpg 1024w, https:\/\/www.nordiclightmals.com\/wp-content\/uploads\/2017\/02\/DSC_0236-451x300.jpg 451w\" sizes=\"auto, (max-width: 3216px) 100vw, 3216px\" \/><\/a><\/p>\n<h1 style=\"text-align: center;\"><a href=\"https:\/\/www.facebook.com\/NordiclightWorkingKennel\" target=\"_blank\"><img loading=\"lazy\" decoding=\"async\" class=\"wp-image-9413 alignleft\" title=\"Nordiclight Malamutes d'Alaska\" src=\"http:\/\/www.nordiclightmals.com\/wp-content\/uploads\/2013\/01\/FB_aimez_nous.jpg\" alt=\"\" width=\"326\" height=\"99\" \/><\/a><\/h1>\n<p>Venez nous visiter r\u00e9guli\u00e8rement sur notre page Facebook, nous y postons les derni\u00e8res nouvelles et de nombreuses photos.<\/p>\n<h1 style=\"text-align: center;\"><\/h1>\n<h1 style=\"text-align: center;\"><a href=\"https:\/\/www.facebook.com\/NordiclightWorkingKennel\" target=\"_blank\"><br \/>\n<\/a><\/h1>\n<p><a href=\"https:\/\/www.facebook.com\/NordiclightWorkingKennel\" target=\"_blank\"><img loading=\"lazy\" decoding=\"async\" class=\"wp-image-9417 alignright\" title=\"Nordiclight Alaskan Malamutes\" src=\"http:\/\/www.nordiclightmals.com\/wp-content\/uploads\/2013\/01\/FB_Like_us.jpg\" alt=\"\" width=\"291\" height=\"117\" \/><\/a><\/p>\n<p>Visit us regularly on our Facebook page, we post there the latest news and numerous photos.<\/p>\n<p>&nbsp;<\/p>\n<p><a href=\"http:\/\/www.nordiclightmals.com\/wp-content\/uploads\/2017\/02\/DSC_0246.jpg\"><img loading=\"lazy\" decoding=\"async\" class=\"aligncenter size-full wp-image-14021\" title=\"Nordiclight, photographe\/photographer: Fred Biss\" src=\"http:\/\/www.nordiclightmals.com\/wp-content\/uploads\/2017\/02\/DSC_0246.jpg\" alt=\"\" width=\"3216\" height=\"2136\" srcset=\"https:\/\/www.nordiclightmals.com\/wp-content\/uploads\/2017\/02\/DSC_0246.jpg 3216w, https:\/\/www.nordiclightmals.com\/wp-content\/uploads\/2017\/02\/DSC_0246-300x199.jpg 300w, https:\/\/www.nordiclightmals.com\/wp-content\/uploads\/2017\/02\/DSC_0246-1024x680.jpg 1024w, https:\/\/www.nordiclightmals.com\/wp-content\/uploads\/2017\/02\/DSC_0246-451x300.jpg 451w\" sizes=\"auto, (max-width: 3216px) 100vw, 3216px\" \/><\/a><\/p>\n<p>&nbsp;<\/p>\n<p>&nbsp;<\/p>\n<p>&nbsp;<\/p>\n","protected":false},"excerpt":{"rendered":"<p>Venez nous visiter r\u00e9guli\u00e8rement sur notre page Facebook, nous y postons les derni\u00e8res nouvelles et de nombreuses photos. Visit us regularly on our Facebook page, we post there the latest news and numerous photos. &nbsp; &nbsp; &nbsp; &nbsp;<\/p>\n","protected":false},"author":1,"featured_media":0,"parent":0,"menu_order":6,"comment_status":"closed","ping_status":"closed","template":"","meta":{"footnotes":""},"class_list":["post-12025","page","type-page","status-publish","hentry"],"_links":{"self":[{"href":"https:\/\/www.nordiclightmals.com\/index.php?rest_route=\/wp\/v2\/pages\/12025","targetHints":{"allow":["GET"]}}],"collection":[{"href":"https:\/\/www.nordiclightmals.com\/index.php?rest_route=\/wp\/v2\/pages"}],"about":[{"href":"https:\/\/www.nordiclightmals.com\/index.php?rest_route=\/wp\/v2\/types\/page"}],"author":[{"embeddable":true,"href":"https:\/\/www.nordiclightmals.com\/index.php?rest_route=\/wp\/v2\/users\/1"}],"replies":[{"embeddable":true,"href":"https:\/\/www.nordiclightmals.com\/index.php?rest_route=%2Fwp%2Fv2%2Fcomments&post=12025"}],"version-history":[{"count":5,"href":"https:\/\/www.nordiclightmals.com\/index.php?rest_route=\/wp\/v2\/pages\/12025\/revisions"}],"predecessor-version":[{"id":12027,"href":"https:\/\/www.nordiclightmals.com\/index.php?rest_route=\/wp\/v2\/pages\/12025\/revisions\/12027"}],"wp:attachment":[{"href":"https:\/\/www.nordiclightmals.com\/index.php?rest_route=%2Fwp%2Fv2%2Fmedia&parent=12025"}],"curies":[{"name":"wp","href":"https:\/\/api.w.org\/{rel}","templated":true}]}}