{"id":13285,"date":"2016-04-04T00:19:51","date_gmt":"2016-04-03T23:19:51","guid":{"rendered":"http:\/\/www.nordiclightmals.com\/?page_id=13285"},"modified":"2026-04-22T01:06:51","modified_gmt":"2026-04-22T00:06:51","slug":"nordiclights-im-a-zombie-too-zombie","status":"publish","type":"page","link":"https:\/\/www.nordiclightmals.com\/?page_id=13285","title":{"rendered":"SNAP&#8230; Nordiclight&rsquo;s Snap WTD WTDA (st\u00e9rilis\u00e9e)"},"content":{"rendered":"<p><a href=\"http:\/\/www.nordiclightmals.com\/wp-content\/uploads\/2016\/08\/DSC_0540.jpg\"><img loading=\"lazy\" decoding=\"async\" class=\"alignleft size-large wp-image-16344\" title=\"Snap\" src=\"http:\/\/www.nordiclightmals.com\/wp-content\/uploads\/2016\/08\/DSC_0540-1024x680.jpg\" alt=\"\" width=\"584\" height=\"387\" srcset=\"https:\/\/www.nordiclightmals.com\/wp-content\/uploads\/2016\/08\/DSC_0540-1024x680.jpg 1024w, https:\/\/www.nordiclightmals.com\/wp-content\/uploads\/2016\/08\/DSC_0540-300x199.jpg 300w, https:\/\/www.nordiclightmals.com\/wp-content\/uploads\/2016\/08\/DSC_0540-451x300.jpg 451w\" sizes=\"auto, (max-width: 584px) 100vw, 584px\" \/><\/a>Statut: St\u00e9rilis\u00e9e, membre de l&rsquo;\u00e9quipe<\/p>\n<p>Poids: 67 lbs<\/p>\n<p>Couleur: Blanche<\/p>\n<p>N\u00e9e le: 15 Juin 2018<\/p>\n<p><strong>Voir son album photos <span style=\"color: #ff0000;\"><a title=\"Snap\" href=\"http:\/\/www.nordiclightmals.com\/?page_id=15385\"><span style=\"color: #ff0000;\">ICI <\/span><\/a><\/span><\/strong><\/p>\n<p><strong>Sant\u00e9:<\/strong><\/p>\n<p>Hanches: OFA: prelim Fair (test\u00e9e \u00e0 18 mois)<\/p>\n<p>Coudes: OFA: prelim Normal (test\u00e9e \u00e0 18 mois)<\/p>\n<p>Yeux: OFA: AM-EYE740\/12F-VIP<\/p>\n<p>ADN Polyneuropathie: N\/N (clair\/non porteuse par ses parents)<\/p>\n<p>ADN test poil long: N\/N (clair\/non porteuse par ses parents)<\/p>\n<p><strong>Pedigree:<\/strong><\/p>\n<table cellspacing=\"0\" cellpadding=\"0\" border=\"1\">\n<tbody>\n<tr>\n<td rowspan=\"4\" width=\"195\" valign=\"top\">\n<p align=\"center\">Snow Creek Frost-Ice Demon WTD WTDA ROMWD (DEN)<a href=\"http:\/\/www.nordiclightmals.com\/wp-content\/uploads\/2012\/09\/demon_harness.jpg\"><img loading=\"lazy\" decoding=\"async\" class=\"aligncenter size-full wp-image-14138\" title=\"demon_harness\" src=\"http:\/\/www.nordiclightmals.com\/wp-content\/uploads\/2012\/09\/demon_harness.jpg\" alt=\"\" width=\"1024\" height=\"739\" srcset=\"https:\/\/www.nordiclightmals.com\/wp-content\/uploads\/2012\/09\/demon_harness.jpg 1024w, https:\/\/www.nordiclightmals.com\/wp-content\/uploads\/2012\/09\/demon_harness-300x216.jpg 300w, https:\/\/www.nordiclightmals.com\/wp-content\/uploads\/2012\/09\/demon_harness-415x300.jpg 415w\" sizes=\"auto, (max-width: 1024px) 100vw, 1024px\" \/><\/a><\/p>\n<p align=\"center\">\n<\/td>\n<td rowspan=\"2\" width=\"195\" valign=\"top\">\n<p align=\"center\">Snow Creek\u2019s Blizzard Grey Wolf<\/p>\n<\/td>\n<td width=\"195\" valign=\"top\">\n<p align=\"center\">Yakataga\u2019s White Hawk<\/p>\n<\/td>\n<\/tr>\n<tr>\n<td width=\"195\" valign=\"top\">\n<p align=\"center\">Nordiclight\u2019s Snowcreek Akeela<\/p>\n<\/td>\n<\/tr>\n<tr>\n<td style=\"text-align: center;\" rowspan=\"2\" width=\"195\" valign=\"top\">\n<h4>Trap Line Quick Kee-nai WTD WTDA<\/h4>\n<\/td>\n<td width=\"195\" valign=\"top\">\n<p align=\"center\">Nordiclight\u2019s Kane<\/p>\n<\/td>\n<\/tr>\n<tr>\n<td width=\"195\" valign=\"top\">\n<p align=\"center\">BISS C.I.B NordUch NV-04-06 Trap Line Cougar Kitty<\/p>\n<\/td>\n<\/tr>\n<tr>\n<td rowspan=\"4\" width=\"195\" valign=\"top\">\n<p align=\"center\">Yoko Nordiclight of Indian Valley WPD WTD WTDA ROMWD ROMWDA (GER)<\/p>\n<p align=\"center\"><a href=\"http:\/\/www.nordiclightmals.com\/wp-content\/uploads\/2012\/11\/CAMP_Oct2013-106.jpg\"><img loading=\"lazy\" decoding=\"async\" class=\"aligncenter size-full wp-image-6778\" title=\"Yoko\" src=\"http:\/\/www.nordiclightmals.com\/wp-content\/uploads\/2012\/11\/CAMP_Oct2013-106.jpg\" alt=\"\" width=\"3216\" height=\"2136\" srcset=\"https:\/\/www.nordiclightmals.com\/wp-content\/uploads\/2012\/11\/CAMP_Oct2013-106.jpg 3216w, https:\/\/www.nordiclightmals.com\/wp-content\/uploads\/2012\/11\/CAMP_Oct2013-106-300x199.jpg 300w, https:\/\/www.nordiclightmals.com\/wp-content\/uploads\/2012\/11\/CAMP_Oct2013-106-1024x680.jpg 1024w, https:\/\/www.nordiclightmals.com\/wp-content\/uploads\/2012\/11\/CAMP_Oct2013-106-451x300.jpg 451w\" sizes=\"auto, (max-width: 3216px) 100vw, 3216px\" \/><\/a><\/p>\n<\/td>\n<td rowspan=\"2\" width=\"195\" valign=\"top\">\n<p align=\"center\">Rakkunbarri Bohemia Amarok<\/p>\n<\/td>\n<td width=\"195\" valign=\"top\">\n<p align=\"center\">P-Brumia Bohemia Amarok<\/p>\n<\/td>\n<\/tr>\n<tr>\n<td width=\"195\" valign=\"top\">\n<p align=\"center\">Mithril von Kuhn<\/p>\n<\/td>\n<\/tr>\n<tr>\n<td rowspan=\"2\" width=\"195\" valign=\"top\">\n<p align=\"center\">Taiga of Indian Valley<\/p>\n<\/td>\n<td width=\"195\" valign=\"top\">\n<p align=\"center\">Arock Nikita Vom Weiherhauser Vogelb<\/p>\n<\/td>\n<\/tr>\n<tr>\n<td width=\"195\" valign=\"top\">\n<p align=\"center\">Power-Amaroq of Indian Valley<\/p>\n<\/td>\n<\/tr>\n<\/tbody>\n<\/table>\n","protected":false},"excerpt":{"rendered":"<p>Statut: St\u00e9rilis\u00e9e, membre de l&rsquo;\u00e9quipe Poids: 67 lbs Couleur: Blanche N\u00e9e le: 15 Juin 2018 Voir son album photos ICI Sant\u00e9: Hanches: OFA: prelim Fair (test\u00e9e \u00e0 18 mois) Coudes: OFA: prelim Normal (test\u00e9e \u00e0 18 mois) Yeux: OFA: AM-EYE740\/12F-VIP &hellip; <a href=\"https:\/\/www.nordiclightmals.com\/?page_id=13285\">Continuer la lecture <span class=\"meta-nav\"> \u00bb<\/span><\/a><\/p>\n","protected":false},"author":1,"featured_media":0,"parent":13637,"menu_order":70,"comment_status":"closed","ping_status":"closed","template":"","meta":{"footnotes":""},"class_list":["post-13285","page","type-page","status-publish","hentry"],"_links":{"self":[{"href":"https:\/\/www.nordiclightmals.com\/index.php?rest_route=\/wp\/v2\/pages\/13285","targetHints":{"allow":["GET"]}}],"collection":[{"href":"https:\/\/www.nordiclightmals.com\/index.php?rest_route=\/wp\/v2\/pages"}],"about":[{"href":"https:\/\/www.nordiclightmals.com\/index.php?rest_route=\/wp\/v2\/types\/page"}],"author":[{"embeddable":true,"href":"https:\/\/www.nordiclightmals.com\/index.php?rest_route=\/wp\/v2\/users\/1"}],"replies":[{"embeddable":true,"href":"https:\/\/www.nordiclightmals.com\/index.php?rest_route=%2Fwp%2Fv2%2Fcomments&post=13285"}],"version-history":[{"count":46,"href":"https:\/\/www.nordiclightmals.com\/index.php?rest_route=\/wp\/v2\/pages\/13285\/revisions"}],"predecessor-version":[{"id":18235,"href":"https:\/\/www.nordiclightmals.com\/index.php?rest_route=\/wp\/v2\/pages\/13285\/revisions\/18235"}],"up":[{"embeddable":true,"href":"https:\/\/www.nordiclightmals.com\/index.php?rest_route=\/wp\/v2\/pages\/13637"}],"wp:attachment":[{"href":"https:\/\/www.nordiclightmals.com\/index.php?rest_route=%2Fwp%2Fv2%2Fmedia&parent=13285"}],"curies":[{"name":"wp","href":"https:\/\/api.w.org\/{rel}","templated":true}]}}