{"id":13637,"date":"2016-08-08T18:51:18","date_gmt":"2016-08-08T17:51:18","guid":{"rendered":"http:\/\/www.nordiclightmals.com\/?page_id=13637"},"modified":"2026-04-22T02:06:03","modified_gmt":"2026-04-22T01:06:03","slug":"femelles","status":"publish","type":"page","link":"https:\/\/www.nordiclightmals.com\/?page_id=13637","title":{"rendered":"Femelles"},"content":{"rendered":"<p><span style=\"text-decoration: underline;\"><span style=\"color: #ff0000;\"><strong>Nos femelles intactes<\/strong><\/span><\/span><\/p>\n<p><strong>DARCY&#8230; Nordiclight&rsquo;s Miss Darcy WTD WTDA<br \/>\n<\/strong><\/p>\n<p>(intacte, reproductrice, membre de l&rsquo;\u00e9quipe)<\/p>\n<p><strong>Voir sa page personnelle<a href=\"http:\/\/www.nordiclightmals.com\/?page_id=17180\"><span style=\"color: #ff0000;\"> ICI<\/span><\/a> <\/strong><\/p>\n<p><img loading=\"lazy\" decoding=\"async\" class=\"aligncenter wp-image-18623 size-large\" src=\"http:\/\/www.nordiclightmals.com\/wp-content\/uploads\/2023\/06\/IMG_7825-1-1024x745.jpg\" alt=\"\" width=\"584\" height=\"425\" srcset=\"https:\/\/www.nordiclightmals.com\/wp-content\/uploads\/2023\/06\/IMG_7825-1-1024x745.jpg 1024w, https:\/\/www.nordiclightmals.com\/wp-content\/uploads\/2023\/06\/IMG_7825-1-300x218.jpg 300w, https:\/\/www.nordiclightmals.com\/wp-content\/uploads\/2023\/06\/IMG_7825-1-768x559.jpg 768w, https:\/\/www.nordiclightmals.com\/wp-content\/uploads\/2023\/06\/IMG_7825-1-1536x1118.jpg 1536w, https:\/\/www.nordiclightmals.com\/wp-content\/uploads\/2023\/06\/IMG_7825-1-2048x1490.jpg 2048w, https:\/\/www.nordiclightmals.com\/wp-content\/uploads\/2023\/06\/IMG_7825-1-412x300.jpg 412w\" sizes=\"auto, (max-width: 584px) 100vw, 584px\" \/><\/p>\n<p><strong>Parents<\/strong><\/p>\n<p>Nordiclight\u2019s Syd the Warrior WTD WTDA ROMWD x Nordiclight\u2019s Jett WTD ROMWD<\/p>\n<p><img loading=\"lazy\" decoding=\"async\" class=\"alignleft  wp-image-17275\" src=\"http:\/\/www.nordiclightmals.com\/wp-content\/uploads\/2021\/09\/sydteam.jpg\" alt=\"\" width=\"247\" height=\"187\" \/><\/p>\n<p><strong><a href=\"http:\/\/www.nordiclightmals.com\/wp-content\/uploads\/2014\/04\/IMG_7440.jpg\"><img loading=\"lazy\" decoding=\"async\" class=\"alignleft  wp-image-16831\" src=\"http:\/\/www.nordiclightmals.com\/wp-content\/uploads\/2020\/08\/DSC_1088-2-1024x812.jpg\" alt=\"\" width=\"229\" height=\"184\" \/><\/a><\/strong><\/p>\n<p>_____________________________________________________________________<\/p>\n<p><strong>FUNKY&#8230; Nordiclight&rsquo;s Funky girl WTD<br \/>\n<\/strong><\/p>\n<p>(intacte, future reproductrice, membre de l&rsquo;\u00e9quipe)<\/p>\n<p><strong>Voir sa page personnelle <a href=\"http:\/\/www.nordiclightmals.com\/?page_id=18186\"><span style=\"color: #ff0000;\">ICI<\/span><\/a><\/strong><\/p>\n<p><img loading=\"lazy\" decoding=\"async\" class=\"aligncenter size-large wp-image-19798\" src=\"http:\/\/www.nordiclightmals.com\/wp-content\/uploads\/2026\/02\/Funky-1024x682.jpg\" alt=\"\" width=\"584\" height=\"389\" srcset=\"https:\/\/www.nordiclightmals.com\/wp-content\/uploads\/2026\/02\/Funky-1024x682.jpg 1024w, https:\/\/www.nordiclightmals.com\/wp-content\/uploads\/2026\/02\/Funky-300x200.jpg 300w, https:\/\/www.nordiclightmals.com\/wp-content\/uploads\/2026\/02\/Funky-768x511.jpg 768w, https:\/\/www.nordiclightmals.com\/wp-content\/uploads\/2026\/02\/Funky-1536x1022.jpg 1536w, https:\/\/www.nordiclightmals.com\/wp-content\/uploads\/2026\/02\/Funky-451x300.jpg 451w, https:\/\/www.nordiclightmals.com\/wp-content\/uploads\/2026\/02\/Funky.jpg 2048w\" sizes=\"auto, (max-width: 584px) 100vw, 584px\" \/><\/p>\n<p><strong>Parents<\/strong><\/p>\n<p>Biisaiyowaq Boomer for Nordiclight WLD WTD WLDA WTDA (SWE) x Nordiclight\u2019s Izzy WTD WTDA ROMWD<\/p>\n<p><img loading=\"lazy\" decoding=\"async\" class=\"wp-image-17565  alignleft\" src=\"http:\/\/www.nordiclightmals.com\/wp-content\/uploads\/2022\/01\/IMG_5688-1024x683.jpg\" alt=\"\" width=\"249\" height=\"170\" \/><\/p>\n<p><strong><img loading=\"lazy\" decoding=\"async\" class=\"wp-image-17883  alignright\" src=\"http:\/\/www.nordiclightmals.com\/wp-content\/uploads\/2022\/06\/IMG_6249-1024x683.jpg\" alt=\"\" width=\"237\" height=\"161\" \/><\/strong><\/p>\n<p>_____________________________________________________________________<\/p>\n<p><strong>QUEEN&#8230; Nordiclight&rsquo;s Queen of the Night WTD<br \/>\n<\/strong><\/p>\n<p>(intacte, espoir du futur)<\/p>\n<p><strong>Voir sa page personnelle <span style=\"color: #ff0000;\"><a style=\"color: #ff0000;\" href=\"http:\/\/www.nordiclightmals.com\/?page_id=19478\">ICI<\/a><\/span><\/strong><\/p>\n<p><img loading=\"lazy\" decoding=\"async\" class=\"aligncenter size-large wp-image-19797\" src=\"http:\/\/www.nordiclightmals.com\/wp-content\/uploads\/2026\/02\/IMG_3610-1024x670.jpg\" alt=\"\" width=\"584\" height=\"382\" srcset=\"https:\/\/www.nordiclightmals.com\/wp-content\/uploads\/2026\/02\/IMG_3610-1024x670.jpg 1024w, https:\/\/www.nordiclightmals.com\/wp-content\/uploads\/2026\/02\/IMG_3610-300x196.jpg 300w, https:\/\/www.nordiclightmals.com\/wp-content\/uploads\/2026\/02\/IMG_3610-768x503.jpg 768w, https:\/\/www.nordiclightmals.com\/wp-content\/uploads\/2026\/02\/IMG_3610-1536x1005.jpg 1536w, https:\/\/www.nordiclightmals.com\/wp-content\/uploads\/2026\/02\/IMG_3610-2048x1340.jpg 2048w, https:\/\/www.nordiclightmals.com\/wp-content\/uploads\/2026\/02\/IMG_3610-458x300.jpg 458w\" sizes=\"auto, (max-width: 584px) 100vw, 584px\" \/><\/p>\n<p><strong>Parents<\/strong><\/p>\n<p>Nordiclight&rsquo;s Iroquois\u00a0 WTD WTDA x Nordiclight\u2019s Izzy WTD WTDA ROMWD<\/p>\n<p><img loading=\"lazy\" decoding=\"async\" class=\"wp-image-19372  alignleft\" src=\"http:\/\/www.nordiclightmals.com\/wp-content\/uploads\/2024\/03\/Iro.jpg\" alt=\"\" width=\"224\" height=\"161\" \/><\/p>\n<p><strong><img loading=\"lazy\" decoding=\"async\" class=\"wp-image-17883  alignright\" src=\"http:\/\/www.nordiclightmals.com\/wp-content\/uploads\/2022\/06\/IMG_6249-1024x683.jpg\" alt=\"\" width=\"237\" height=\"161\" \/><\/strong><\/p>\n<p>_____________________________________________________________________<\/p>\n<p><strong>TATTOO.. Nordiclight&rsquo;s Black Ink Tattoo WTD<br \/>\n<\/strong><\/p>\n<p>(intacte, espoir du futur)<\/p>\n<p><strong>Voir sa page personnelle <span style=\"color: #ff0000;\"><a style=\"color: #ff0000;\" href=\"https:\/\/www.nordiclightmals.com\/?page_id=19475\">ICI<\/a><\/span><\/strong><\/p>\n<p><img loading=\"lazy\" decoding=\"async\" class=\"aligncenter wp-image-19672 size-large\" src=\"http:\/\/www.nordiclightmals.com\/wp-content\/uploads\/2025\/03\/Tattoo-1-1024x682.jpg\" alt=\"\" width=\"584\" height=\"389\" srcset=\"https:\/\/www.nordiclightmals.com\/wp-content\/uploads\/2025\/03\/Tattoo-1-1024x682.jpg 1024w, https:\/\/www.nordiclightmals.com\/wp-content\/uploads\/2025\/03\/Tattoo-1-300x200.jpg 300w, https:\/\/www.nordiclightmals.com\/wp-content\/uploads\/2025\/03\/Tattoo-1-768x511.jpg 768w, https:\/\/www.nordiclightmals.com\/wp-content\/uploads\/2025\/03\/Tattoo-1-1536x1022.jpg 1536w, https:\/\/www.nordiclightmals.com\/wp-content\/uploads\/2025\/03\/Tattoo-1-451x300.jpg 451w, https:\/\/www.nordiclightmals.com\/wp-content\/uploads\/2025\/03\/Tattoo-1.jpg 2048w\" sizes=\"auto, (max-width: 584px) 100vw, 584px\" \/><\/p>\n<p><strong>Parents<\/strong><\/p>\n<p>Nordiclight&rsquo;s Iroquois\u00a0 WTD WTDA x Nordiclight\u2019s Izzy WTD WTDA ROMWD<\/p>\n<p><img loading=\"lazy\" decoding=\"async\" class=\"wp-image-19372  alignleft\" src=\"http:\/\/www.nordiclightmals.com\/wp-content\/uploads\/2024\/03\/Iro.jpg\" alt=\"\" width=\"224\" height=\"161\" \/><\/p>\n<p><strong><img loading=\"lazy\" decoding=\"async\" class=\"wp-image-17883  alignright\" src=\"http:\/\/www.nordiclightmals.com\/wp-content\/uploads\/2022\/06\/IMG_6249-1024x683.jpg\" alt=\"\" width=\"237\" height=\"161\" \/><\/strong><\/p>\n<p>_____________________________________________________________________<\/p>\n<p><strong>ZOMBIE&#8230; Nordiclight&rsquo;s a Zombie Story<br \/>\n<\/strong><\/p>\n<p>(intacte, espoir du futur)<\/p>\n<p><strong>Voir sa page personnelle <span style=\"color: #ff0000;\"><a style=\"color: #ff0000;\" href=\"https:\/\/www.nordiclightmals.com\/?page_id=19883\">ICI<\/a><\/span><\/strong><\/p>\n<p><img loading=\"lazy\" decoding=\"async\" class=\"aligncenter size-large wp-image-19893\" src=\"http:\/\/www.nordiclightmals.com\/wp-content\/uploads\/2026\/04\/table-Zombie-1024x715.jpg\" alt=\"\" width=\"584\" height=\"408\" srcset=\"https:\/\/www.nordiclightmals.com\/wp-content\/uploads\/2026\/04\/table-Zombie-1024x715.jpg 1024w, https:\/\/www.nordiclightmals.com\/wp-content\/uploads\/2026\/04\/table-Zombie-300x209.jpg 300w, https:\/\/www.nordiclightmals.com\/wp-content\/uploads\/2026\/04\/table-Zombie-768x536.jpg 768w, https:\/\/www.nordiclightmals.com\/wp-content\/uploads\/2026\/04\/table-Zombie-1536x1072.jpg 1536w, https:\/\/www.nordiclightmals.com\/wp-content\/uploads\/2026\/04\/table-Zombie-2048x1429.jpg 2048w, https:\/\/www.nordiclightmals.com\/wp-content\/uploads\/2026\/04\/table-Zombie-430x300.jpg 430w\" sizes=\"auto, (max-width: 584px) 100vw, 584px\" \/><\/p>\n<p><strong>Parents<\/strong><\/p>\n<p>Biisaiyowaq Boomer for Nordiclight WLD WTD WLDA WTDA (SWE) x Nordiclight\u2019s Miss Darcy WTD WTDA<\/p>\n<p><img loading=\"lazy\" decoding=\"async\" class=\"wp-image-19909  alignleft\" src=\"http:\/\/www.nordiclightmals.com\/wp-content\/uploads\/2026\/04\/Boom-1024x732.jpg\" alt=\"\" width=\"249\" height=\"182\" \/><\/p>\n<p><img loading=\"lazy\" decoding=\"async\" class=\" wp-image-18623 alignright\" src=\"http:\/\/www.nordiclightmals.com\/wp-content\/uploads\/2023\/06\/IMG_7825-1-1024x745.jpg\" alt=\"\" width=\"236\" height=\"176\" \/><\/p>\n<p>_____________________________________________________________________<\/p>\n<p><strong>ZIGG&#8230; Nordiclight&rsquo;s Amazing Zigg<br \/>\n<\/strong><\/p>\n<p>(intacte, espoir du futur)<\/p>\n<p><strong>Voir sa page personnelle <span style=\"color: #ff0000;\"><a style=\"color: #ff0000;\" href=\"https:\/\/www.nordiclightmals.com\/?page_id=19861\">ICI<\/a><\/span><\/strong><\/p>\n<p><img loading=\"lazy\" decoding=\"async\" class=\"aligncenter size-large wp-image-19895\" src=\"http:\/\/www.nordiclightmals.com\/wp-content\/uploads\/2026\/04\/table-Zigg-1024x687.jpg\" alt=\"\" width=\"584\" height=\"392\" srcset=\"https:\/\/www.nordiclightmals.com\/wp-content\/uploads\/2026\/04\/table-Zigg-1024x687.jpg 1024w, https:\/\/www.nordiclightmals.com\/wp-content\/uploads\/2026\/04\/table-Zigg-300x201.jpg 300w, https:\/\/www.nordiclightmals.com\/wp-content\/uploads\/2026\/04\/table-Zigg-768x515.jpg 768w, https:\/\/www.nordiclightmals.com\/wp-content\/uploads\/2026\/04\/table-Zigg-1536x1030.jpg 1536w, https:\/\/www.nordiclightmals.com\/wp-content\/uploads\/2026\/04\/table-Zigg-2048x1373.jpg 2048w, https:\/\/www.nordiclightmals.com\/wp-content\/uploads\/2026\/04\/table-Zigg-447x300.jpg 447w\" sizes=\"auto, (max-width: 584px) 100vw, 584px\" \/><\/p>\n<p><strong>Parents<\/strong><\/p>\n<p style=\"text-align: left;\">Biisaiyowaq Boomer for Nordiclight WLD WTD WLDA WTDA (SWE) x Nordiclight\u2019s Miss Darcy WTD WTDA<\/p>\n<p><img loading=\"lazy\" decoding=\"async\" class=\"wp-image-19909  alignleft\" src=\"http:\/\/www.nordiclightmals.com\/wp-content\/uploads\/2026\/04\/Boom-1024x732.jpg\" alt=\"\" width=\"249\" height=\"182\" \/><\/p>\n<p><img loading=\"lazy\" decoding=\"async\" class=\" wp-image-18623 alignright\" src=\"http:\/\/www.nordiclightmals.com\/wp-content\/uploads\/2023\/06\/IMG_7825-1-1024x745.jpg\" alt=\"\" width=\"236\" height=\"176\" \/><\/p>\n<p>_____________________________________________________________________<\/p>\n<p><span style=\"color: #ff0000;\"><strong><span style=\"text-decoration: underline;\">Nos femelles st\u00e9rilis\u00e9es<\/span><\/strong><\/span><\/p>\n<p><strong>TEK&#8230; Biisaiyowaq Tek for Nordiclight WTD WTDA (SWE)<br \/>\n<\/strong><\/p>\n<p>(st\u00e9rilis\u00e9e, membre de l&rsquo;\u00e9quipe)<\/p>\n<p><strong>Voir sa page personnelle <a href=\"http:\/\/www.nordiclightmals.com\/?page_id=16859\"><span style=\"color: #ff0000;\">ICI<\/span><\/a><\/strong><\/p>\n<p><img loading=\"lazy\" decoding=\"async\" class=\"alignleft wp-image-18150 size-large\" src=\"http:\/\/www.nordiclightmals.com\/wp-content\/uploads\/2023\/01\/IMG_2497-Copie-1-1024x650.jpg\" alt=\"\" width=\"584\" height=\"371\" srcset=\"https:\/\/www.nordiclightmals.com\/wp-content\/uploads\/2023\/01\/IMG_2497-Copie-1-1024x650.jpg 1024w, https:\/\/www.nordiclightmals.com\/wp-content\/uploads\/2023\/01\/IMG_2497-Copie-1-300x190.jpg 300w, https:\/\/www.nordiclightmals.com\/wp-content\/uploads\/2023\/01\/IMG_2497-Copie-1-768x487.jpg 768w, https:\/\/www.nordiclightmals.com\/wp-content\/uploads\/2023\/01\/IMG_2497-Copie-1-1536x975.jpg 1536w, https:\/\/www.nordiclightmals.com\/wp-content\/uploads\/2023\/01\/IMG_2497-Copie-1-2048x1299.jpg 2048w, https:\/\/www.nordiclightmals.com\/wp-content\/uploads\/2023\/01\/IMG_2497-Copie-1-473x300.jpg 473w\" sizes=\"auto, (max-width: 584px) 100vw, 584px\" \/><\/p>\n<p><strong>Parents:<\/strong><\/p>\n<p>Nordic Sled Dog&rsquo;s Mi Zagreus x Back to Work High Spirit Knotte<\/p>\n<p><a href=\"http:\/\/www.nordiclightmals.com\/wp-content\/uploads\/2021\/03\/zagreus.jpg\"><img loading=\"lazy\" decoding=\"async\" class=\"alignleft  wp-image-16979\" src=\"http:\/\/www.nordiclightmals.com\/wp-content\/uploads\/2021\/03\/zagreus.jpg\" alt=\"\" width=\"193\" height=\"254\" \/><\/a><\/p>\n<p><a href=\"http:\/\/www.nordiclightmals.com\/wp-content\/uploads\/2021\/03\/Back-to-Work-High-Spirit-Knotte-2.jpg\"><img loading=\"lazy\" decoding=\"async\" class=\"alignleft  wp-image-16980\" src=\"http:\/\/www.nordiclightmals.com\/wp-content\/uploads\/2021\/03\/Back-to-Work-High-Spirit-Knotte-2.jpg\" alt=\"\" width=\"269\" height=\"205\" \/><\/a><\/p>\n<p>________________________________________________________________________<\/p>\n<p><strong>IZZY&#8230; Nordiclight&rsquo;s Izzy WTD WTDA ROMWD<br \/>\n<\/strong><\/p>\n<p>(st\u00e9rilis\u00e9e, membre de l&rsquo;\u00e9quipe)<\/p>\n<p><strong>Voir sa page personnelle <a title=\"IZZY\u2026 Nordiclight\u2019s Izzy (espoir du futur)\" href=\"http:\/\/www.nordiclightmals.com\/?page_id=15843\"><span style=\"color: #ff0000;\">ICI<\/span><\/a><\/strong><\/p>\n<p><a href=\"http:\/\/www.nordiclightmals.com\/wp-content\/uploads\/2020\/07\/DSC_1081-scaled.jpg\"><img loading=\"lazy\" decoding=\"async\" class=\"alignleft size-large wp-image-16736\" src=\"http:\/\/www.nordiclightmals.com\/wp-content\/uploads\/2020\/07\/DSC_1081-1024x680.jpg\" alt=\"\" width=\"584\" height=\"388\" srcset=\"https:\/\/www.nordiclightmals.com\/wp-content\/uploads\/2020\/07\/DSC_1081-1024x680.jpg 1024w, https:\/\/www.nordiclightmals.com\/wp-content\/uploads\/2020\/07\/DSC_1081-300x199.jpg 300w, https:\/\/www.nordiclightmals.com\/wp-content\/uploads\/2020\/07\/DSC_1081-768x510.jpg 768w, https:\/\/www.nordiclightmals.com\/wp-content\/uploads\/2020\/07\/DSC_1081-1536x1020.jpg 1536w, https:\/\/www.nordiclightmals.com\/wp-content\/uploads\/2020\/07\/DSC_1081-2048x1360.jpg 2048w, https:\/\/www.nordiclightmals.com\/wp-content\/uploads\/2020\/07\/DSC_1081-452x300.jpg 452w\" sizes=\"auto, (max-width: 584px) 100vw, 584px\" \/><\/a>\u00a0<strong>Parents:<\/strong><\/p>\n<p>Nordiclight&rsquo;s Syd the Warrior WTD WTDA ROMWD\u00a0 x Nordiclight&rsquo;s Salem WTD WTDA<\/p>\n<p><a href=\"http:\/\/www.nordiclightmals.com\/wp-content\/uploads\/2013\/05\/DSC_1139.jpg\"><img loading=\"lazy\" decoding=\"async\" title=\"Salem\" src=\"http:\/\/www.nordiclightmals.com\/wp-content\/uploads\/2013\/05\/DSC_1139-1024x680.jpg\" alt=\"\" width=\"270\" height=\"185\" \/><\/a> <a href=\"http:\/\/www.nordiclightmals.com\/wp-content\/uploads\/2017\/07\/IMG_7831.jpg\"><img loading=\"lazy\" decoding=\"async\" class=\" wp-image-15208 alignleft\" title=\"SYD\" src=\"http:\/\/www.nordiclightmals.com\/wp-content\/uploads\/2017\/07\/IMG_7831-300x225.jpg\" alt=\"\" width=\"250\" height=\"185\" \/><\/a><\/p>\n<p>_________________________________________________________________________<\/p>\n<p><strong>HATI&#8230; Nordiclight&rsquo;s Hati WTD WTDA<br \/>\n<\/strong><\/p>\n<p>(st\u00e9rilis\u00e9e, membre de l&rsquo;\u00e9quipe)<\/p>\n<p><strong><strong><strong><strong><strong><strong><strong><strong><strong>Voir sa page personnelle <span style=\"color: #ff0000;\"><a title=\"Nordiclight\u2019s Hati \u2018HATI\u2019\" href=\"http:\/\/www.nordiclightmals.com\/?page_id=15258\"><span style=\"color: #ff0000;\">ICI<\/span><\/a><\/span><\/strong><\/strong><\/strong> <\/strong><\/strong><\/strong><\/strong><\/strong><\/strong><\/p>\n<p><strong><a href=\"http:\/\/www.nordiclightmals.com\/wp-content\/uploads\/2019\/03\/DSC_0080_011.jpg\"><img loading=\"lazy\" decoding=\"async\" class=\"aligncenter size-large wp-image-15906\" title=\"Hati\" src=\"http:\/\/www.nordiclightmals.com\/wp-content\/uploads\/2019\/03\/DSC_0080_011-1024x690.jpg\" alt=\"\" width=\"584\" height=\"393\" srcset=\"https:\/\/www.nordiclightmals.com\/wp-content\/uploads\/2019\/03\/DSC_0080_011-1024x690.jpg 1024w, https:\/\/www.nordiclightmals.com\/wp-content\/uploads\/2019\/03\/DSC_0080_011-300x202.jpg 300w, https:\/\/www.nordiclightmals.com\/wp-content\/uploads\/2019\/03\/DSC_0080_011-444x300.jpg 444w\" sizes=\"auto, (max-width: 584px) 100vw, 584px\" \/><\/a>Parents:<\/strong><\/p>\n<p>Snow Creek Frost-Ice Demon WTD WTDA ROMWD (DEN) x Yoko Nordiclight of Indian Valley WPD WTD WTDA ROMWD ROMWDA (GER)<\/p>\n<p><a href=\"http:\/\/www.nordiclightmals.com\/wp-content\/uploads\/2012\/09\/demon_harness.jpg\"><img loading=\"lazy\" decoding=\"async\" title=\"demon_harness\" src=\"http:\/\/www.nordiclightmals.com\/wp-content\/uploads\/2012\/09\/demon_harness.jpg\" alt=\"\" width=\"257\" height=\"189\" \/><\/a><a href=\"http:\/\/www.nordiclightmals.com\/wp-content\/uploads\/2012\/11\/CAMP_Oct2013-311.jpg\"><img loading=\"lazy\" decoding=\"async\" class=\"alignright\" title=\"Yoko\" src=\"http:\/\/www.nordiclightmals.com\/wp-content\/uploads\/2012\/11\/CAMP_Oct2013-311.jpg\" alt=\"\" width=\"270\" height=\"187\" \/><\/a><\/p>\n<p>_________________________________________________________________________<\/p>\n<p><strong>SNAP&#8230; Nordiclight&rsquo;s Snap WTD WTDA<br \/>\n<\/strong><\/p>\n<p>(st\u00e9rilis\u00e9e, membre de l&rsquo;\u00e9quipe)<\/p>\n<p><strong>Voir sa page personnelle <a title=\"Nordiclight\u2019s Snap \u2018SNAP\u2019 (espoir du futur)\" href=\"http:\/\/www.nordiclightmals.com\/?page_id=13285\"><span style=\"color: #ff0000;\">ICI<\/span><\/a> <\/strong><\/p>\n<p><strong><a href=\"http:\/\/www.nordiclightmals.com\/wp-content\/uploads\/2016\/08\/DSC_0540.jpg\"><img loading=\"lazy\" decoding=\"async\" class=\"alignleft size-large wp-image-16344\" title=\"Snap\" src=\"http:\/\/www.nordiclightmals.com\/wp-content\/uploads\/2016\/08\/DSC_0540-1024x680.jpg\" alt=\"\" width=\"584\" height=\"387\" srcset=\"https:\/\/www.nordiclightmals.com\/wp-content\/uploads\/2016\/08\/DSC_0540-1024x680.jpg 1024w, https:\/\/www.nordiclightmals.com\/wp-content\/uploads\/2016\/08\/DSC_0540-300x199.jpg 300w, https:\/\/www.nordiclightmals.com\/wp-content\/uploads\/2016\/08\/DSC_0540-451x300.jpg 451w\" sizes=\"auto, (max-width: 584px) 100vw, 584px\" \/><\/a>Parents:<\/strong><\/p>\n<p>Snow Creek Frost-Ice Demon WTD WTDA ROMWD (DEN) x Yoko Nordiclight of Indian Valley WPD WTD WTDA ROMWD ROMWDA (GER)<\/p>\n<p><a href=\"http:\/\/www.nordiclightmals.com\/wp-content\/uploads\/2012\/09\/demon_harness.jpg\"><img loading=\"lazy\" decoding=\"async\" class=\"alignleft\" title=\"demon_harness\" src=\"http:\/\/www.nordiclightmals.com\/wp-content\/uploads\/2012\/09\/demon_harness.jpg\" alt=\"\" width=\"257\" height=\"189\" \/><\/a><a href=\"http:\/\/www.nordiclightmals.com\/wp-content\/uploads\/2012\/11\/CAMP_Oct2013-311.jpg\"><img loading=\"lazy\" decoding=\"async\" title=\"Yoko\" src=\"http:\/\/www.nordiclightmals.com\/wp-content\/uploads\/2012\/11\/CAMP_Oct2013-311.jpg\" alt=\"\" width=\"270\" height=\"187\" \/><\/a><\/p>\n<p>_________________________________________________________________________<\/p>\n","protected":false},"excerpt":{"rendered":"<p>Nos femelles intactes DARCY&#8230; Nordiclight&rsquo;s Miss Darcy WTD WTDA (intacte, reproductrice, membre de l&rsquo;\u00e9quipe) Voir sa page personnelle ICI Parents Nordiclight\u2019s Syd the Warrior WTD WTDA ROMWD x Nordiclight\u2019s Jett WTD ROMWD _____________________________________________________________________ FUNKY&#8230; Nordiclight&rsquo;s Funky girl WTD (intacte, future &hellip; <a href=\"https:\/\/www.nordiclightmals.com\/?page_id=13637\">Continuer la lecture <span class=\"meta-nav\"> \u00bb<\/span><\/a><\/p>\n","protected":false},"author":1,"featured_media":0,"parent":609,"menu_order":1,"comment_status":"closed","ping_status":"closed","template":"","meta":{"footnotes":""},"class_list":["post-13637","page","type-page","status-publish","hentry"],"_links":{"self":[{"href":"https:\/\/www.nordiclightmals.com\/index.php?rest_route=\/wp\/v2\/pages\/13637","targetHints":{"allow":["GET"]}}],"collection":[{"href":"https:\/\/www.nordiclightmals.com\/index.php?rest_route=\/wp\/v2\/pages"}],"about":[{"href":"https:\/\/www.nordiclightmals.com\/index.php?rest_route=\/wp\/v2\/types\/page"}],"author":[{"embeddable":true,"href":"https:\/\/www.nordiclightmals.com\/index.php?rest_route=\/wp\/v2\/users\/1"}],"replies":[{"embeddable":true,"href":"https:\/\/www.nordiclightmals.com\/index.php?rest_route=%2Fwp%2Fv2%2Fcomments&post=13637"}],"version-history":[{"count":133,"href":"https:\/\/www.nordiclightmals.com\/index.php?rest_route=\/wp\/v2\/pages\/13637\/revisions"}],"predecessor-version":[{"id":19911,"href":"https:\/\/www.nordiclightmals.com\/index.php?rest_route=\/wp\/v2\/pages\/13637\/revisions\/19911"}],"up":[{"embeddable":true,"href":"https:\/\/www.nordiclightmals.com\/index.php?rest_route=\/wp\/v2\/pages\/609"}],"wp:attachment":[{"href":"https:\/\/www.nordiclightmals.com\/index.php?rest_route=%2Fwp%2Fv2%2Fmedia&parent=13637"}],"curies":[{"name":"wp","href":"https:\/\/api.w.org\/{rel}","templated":true}]}}