{"id":15843,"date":"2019-07-08T01:39:01","date_gmt":"2019-07-08T00:39:01","guid":{"rendered":"http:\/\/www.nordiclightmals.com\/?page_id=15843"},"modified":"2026-02-15T20:19:57","modified_gmt":"2026-02-15T19:19:57","slug":"syd-x-salem","status":"publish","type":"page","link":"https:\/\/www.nordiclightmals.com\/?page_id=15843","title":{"rendered":"IZZY&#8230; Nordiclight&rsquo;s Izzy WTD WTDA ROMWD (st\u00e9rilis\u00e9e)"},"content":{"rendered":"<p><a href=\"http:\/\/www.nordiclightmals.com\/wp-content\/uploads\/2020\/07\/DSC_1081-scaled.jpg\"><img loading=\"lazy\" decoding=\"async\" class=\"alignleft size-large wp-image-17883\" src=\"http:\/\/www.nordiclightmals.com\/wp-content\/uploads\/2022\/06\/IMG_6249-1024x683.jpg\" alt=\"\" width=\"584\" height=\"390\" srcset=\"https:\/\/www.nordiclightmals.com\/wp-content\/uploads\/2022\/06\/IMG_6249-1024x683.jpg 1024w, https:\/\/www.nordiclightmals.com\/wp-content\/uploads\/2022\/06\/IMG_6249-300x200.jpg 300w, https:\/\/www.nordiclightmals.com\/wp-content\/uploads\/2022\/06\/IMG_6249-768x512.jpg 768w, https:\/\/www.nordiclightmals.com\/wp-content\/uploads\/2022\/06\/IMG_6249-1536x1024.jpg 1536w, https:\/\/www.nordiclightmals.com\/wp-content\/uploads\/2022\/06\/IMG_6249-2048x1365.jpg 2048w, https:\/\/www.nordiclightmals.com\/wp-content\/uploads\/2022\/06\/IMG_6249-450x300.jpg 450w\" sizes=\"auto, (max-width: 584px) 100vw, 584px\" \/><\/a><\/p>\n<p>Statut: St\u00e9rilis\u00e9e, retrait\u00e9e et vit dans la maison avec nous<\/p>\n<p>Poids: 68 lbs<\/p>\n<p>Couleur: Noir\/blanc (Agouti-Noir)<\/p>\n<p>N\u00e9e le:\u00a0 27 Juin 2019<\/p>\n<p><strong>Voir son album photos <a title=\"Izzy\" href=\"http:\/\/www.nordiclightmals.com\/?page_id=16185\"><span style=\"color: #ff0000;\"><span style=\"color: #ff0000;\">ICI <\/span><\/span><\/a><\/strong><\/p>\n<p><strong>Sant\u00e9:<\/strong><\/p>\n<p>Hanches: OFA: AM-14668G25F-VPI (Good)<\/p>\n<p>Coudes: OFA: AM-EL1499F25-VPI (Normal)<\/p>\n<p>Yeux: OFA: AM-EYE807\/13F-VPI<\/p>\n<p>ADN Polyneuropathie: N\/N (clair\/non porteuse par ses parents)<\/p>\n<p>ADN test poil long: N\/N (clair\/non porteuse par ses parents)<\/p>\n<p><span style=\"color: #ff0000;\"><strong>Les enfants d&rsquo;Izzy ayant obtenus des titres de travail:<\/strong><\/span><\/p>\n<p>1) Nordiclight\u2019s Funky Girl WTD<\/p>\n<p>2) Nordiclight&rsquo;s in the Groove WTD<\/p>\n<p>3) Nordiclight&rsquo;s that&rsquo;s a Gizmo thing WTD<\/p>\n<p>4) Nordiclight&rsquo;s Shelby of my dreams WTD<\/p>\n<p>5) Nordiclight&rsquo;s Queen of the Night WTD<\/p>\n<p>6) Nordiclight&rsquo;s Black Ink Tattoo WTD<\/p>\n<p><img loading=\"lazy\" decoding=\"async\" class=\"alignleft size-large wp-image-17881\" src=\"http:\/\/www.nordiclightmals.com\/wp-content\/uploads\/2022\/06\/IMG_3281-1024x740.jpg\" alt=\"\" width=\"584\" height=\"422\" srcset=\"https:\/\/www.nordiclightmals.com\/wp-content\/uploads\/2022\/06\/IMG_3281-1024x740.jpg 1024w, https:\/\/www.nordiclightmals.com\/wp-content\/uploads\/2022\/06\/IMG_3281-300x217.jpg 300w, https:\/\/www.nordiclightmals.com\/wp-content\/uploads\/2022\/06\/IMG_3281-768x555.jpg 768w, https:\/\/www.nordiclightmals.com\/wp-content\/uploads\/2022\/06\/IMG_3281-1536x1110.jpg 1536w, https:\/\/www.nordiclightmals.com\/wp-content\/uploads\/2022\/06\/IMG_3281-2048x1480.jpg 2048w, https:\/\/www.nordiclightmals.com\/wp-content\/uploads\/2022\/06\/IMG_3281-415x300.jpg 415w\" sizes=\"auto, (max-width: 584px) 100vw, 584px\" \/><\/p>\n<p><img loading=\"lazy\" decoding=\"async\" class=\"alignleft wp-image-17884 size-large\" src=\"http:\/\/www.nordiclightmals.com\/wp-content\/uploads\/2022\/06\/IMG_4274-1024x684.jpg\" alt=\"\" width=\"584\" height=\"390\" srcset=\"https:\/\/www.nordiclightmals.com\/wp-content\/uploads\/2022\/06\/IMG_4274-1024x684.jpg 1024w, https:\/\/www.nordiclightmals.com\/wp-content\/uploads\/2022\/06\/IMG_4274-300x201.jpg 300w, https:\/\/www.nordiclightmals.com\/wp-content\/uploads\/2022\/06\/IMG_4274-768x513.jpg 768w, https:\/\/www.nordiclightmals.com\/wp-content\/uploads\/2022\/06\/IMG_4274-1536x1027.jpg 1536w, https:\/\/www.nordiclightmals.com\/wp-content\/uploads\/2022\/06\/IMG_4274-2048x1369.jpg 2048w, https:\/\/www.nordiclightmals.com\/wp-content\/uploads\/2022\/06\/IMG_4274-449x300.jpg 449w\" sizes=\"auto, (max-width: 584px) 100vw, 584px\" \/><\/p>\n<p><strong>Pedigree:<\/strong><\/p>\n<table border=\"1\" cellspacing=\"0\" cellpadding=\"0\">\n<tbody>\n<tr>\n<td rowspan=\"4\" valign=\"top\" width=\"195\">\n<p align=\"center\">Nordiclight&rsquo;s Syd the Warrior WTD WTDA ROMWD <a href=\"http:\/\/www.nordiclightmals.com\/wp-content\/uploads\/2017\/07\/IMG_7831.jpg\"><img loading=\"lazy\" decoding=\"async\" class=\"alignright size-medium wp-image-15208\" title=\"SYD\" src=\"http:\/\/www.nordiclightmals.com\/wp-content\/uploads\/2017\/07\/IMG_7831-300x225.jpg\" alt=\"\" width=\"300\" height=\"225\" srcset=\"https:\/\/www.nordiclightmals.com\/wp-content\/uploads\/2017\/07\/IMG_7831-300x225.jpg 300w, https:\/\/www.nordiclightmals.com\/wp-content\/uploads\/2017\/07\/IMG_7831-1024x768.jpg 1024w, https:\/\/www.nordiclightmals.com\/wp-content\/uploads\/2017\/07\/IMG_7831-399x300.jpg 399w\" sizes=\"auto, (max-width: 300px) 100vw, 300px\" \/><\/a><\/p>\n<p align=\"center\">\n<\/td>\n<td rowspan=\"2\" valign=\"top\" width=\"195\">\n<p align=\"center\">Malamute Mountain&rsquo;s Flake for Nordiclight WPD WLD WTD WLDA WTDA (GER)<\/p>\n<\/td>\n<td valign=\"top\" width=\"195\">\n<p align=\"center\">Crazy Crew\u2019s Hetja til Oona<\/p>\n<\/td>\n<\/tr>\n<tr>\n<td valign=\"top\" width=\"195\">\n<p align=\"center\">Malamute Mountain\u2019s Elsa<\/p>\n<\/td>\n<\/tr>\n<tr>\n<td style=\"text-align: center;\" rowspan=\"2\" valign=\"top\" width=\"195\">\n<h4>Snow Creek Great Surprise Chilli WTD WTDA (DEN)<\/h4>\n<\/td>\n<td valign=\"top\" width=\"195\">\n<p align=\"center\">Snow Creek Daring Thor<\/p>\n<\/td>\n<\/tr>\n<tr>\n<td valign=\"top\" width=\"195\">\n<p align=\"center\">Snow Creek Frost-ice Pepzi<\/p>\n<\/td>\n<\/tr>\n<tr>\n<td rowspan=\"4\" valign=\"top\" width=\"195\">\n<p align=\"center\">Nordiclight&rsquo;s Salem WTD WTDA<\/p>\n<p align=\"center\"><a href=\"http:\/\/www.nordiclightmals.com\/wp-content\/uploads\/2013\/05\/DSC_1139.jpg\"><img loading=\"lazy\" decoding=\"async\" class=\"alignright size-medium wp-image-14558\" title=\"Salem\" src=\"http:\/\/www.nordiclightmals.com\/wp-content\/uploads\/2013\/05\/DSC_1139-300x199.jpg\" alt=\"\" width=\"300\" height=\"199\" srcset=\"https:\/\/www.nordiclightmals.com\/wp-content\/uploads\/2013\/05\/DSC_1139-300x199.jpg 300w, https:\/\/www.nordiclightmals.com\/wp-content\/uploads\/2013\/05\/DSC_1139-1024x680.jpg 1024w, https:\/\/www.nordiclightmals.com\/wp-content\/uploads\/2013\/05\/DSC_1139-451x300.jpg 451w\" sizes=\"auto, (max-width: 300px) 100vw, 300px\" \/><\/a><\/p>\n<\/td>\n<td rowspan=\"2\" valign=\"top\" width=\"195\">\n<p align=\"center\">Y-Shadow of Indian Valley WPD WTD WTDA (GER)<\/p>\n<\/td>\n<td valign=\"top\" width=\"195\">\n<p align=\"center\">Rakkunbarri Bohemia Amarok<\/p>\n<\/td>\n<\/tr>\n<tr>\n<td valign=\"top\" width=\"195\">\n<p align=\"center\">Taiga of Indian Valley<\/p>\n<\/td>\n<\/tr>\n<tr>\n<td rowspan=\"2\" valign=\"top\" width=\"195\">\n<p align=\"center\">Nordiclight\u2019s Spicy Ginger WPD WTD WTDA<\/p>\n<\/td>\n<td valign=\"top\" width=\"195\">\n<p align=\"center\">Nordiclight\u2019s Black VooDoo WPD WTD WTDA ROMWD<\/p>\n<\/td>\n<\/tr>\n<tr>\n<td valign=\"top\" width=\"195\">\n<p align=\"center\">Nordiclight\u2019s Sweet Indy WPD WTD ROMWD<\/p>\n<\/td>\n<\/tr>\n<\/tbody>\n<\/table>\n","protected":false},"excerpt":{"rendered":"<p>Statut: St\u00e9rilis\u00e9e, retrait\u00e9e et vit dans la maison avec nous Poids: 68 lbs Couleur: Noir\/blanc (Agouti-Noir) N\u00e9e le:\u00a0 27 Juin 2019 Voir son album photos ICI Sant\u00e9: Hanches: OFA: AM-14668G25F-VPI (Good) Coudes: OFA: AM-EL1499F25-VPI (Normal) Yeux: OFA: AM-EYE807\/13F-VPI ADN Polyneuropathie: &hellip; <a href=\"https:\/\/www.nordiclightmals.com\/?page_id=15843\">Continuer la lecture <span class=\"meta-nav\"> \u00bb<\/span><\/a><\/p>\n","protected":false},"author":1,"featured_media":0,"parent":13637,"menu_order":50,"comment_status":"closed","ping_status":"closed","template":"","meta":{"footnotes":""},"class_list":["post-15843","page","type-page","status-publish","hentry"],"_links":{"self":[{"href":"https:\/\/www.nordiclightmals.com\/index.php?rest_route=\/wp\/v2\/pages\/15843","targetHints":{"allow":["GET"]}}],"collection":[{"href":"https:\/\/www.nordiclightmals.com\/index.php?rest_route=\/wp\/v2\/pages"}],"about":[{"href":"https:\/\/www.nordiclightmals.com\/index.php?rest_route=\/wp\/v2\/types\/page"}],"author":[{"embeddable":true,"href":"https:\/\/www.nordiclightmals.com\/index.php?rest_route=\/wp\/v2\/users\/1"}],"replies":[{"embeddable":true,"href":"https:\/\/www.nordiclightmals.com\/index.php?rest_route=%2Fwp%2Fv2%2Fcomments&post=15843"}],"version-history":[{"count":29,"href":"https:\/\/www.nordiclightmals.com\/index.php?rest_route=\/wp\/v2\/pages\/15843\/revisions"}],"predecessor-version":[{"id":19807,"href":"https:\/\/www.nordiclightmals.com\/index.php?rest_route=\/wp\/v2\/pages\/15843\/revisions\/19807"}],"up":[{"embeddable":true,"href":"https:\/\/www.nordiclightmals.com\/index.php?rest_route=\/wp\/v2\/pages\/13637"}],"wp:attachment":[{"href":"https:\/\/www.nordiclightmals.com\/index.php?rest_route=%2Fwp%2Fv2%2Fmedia&parent=15843"}],"curies":[{"name":"wp","href":"https:\/\/api.w.org\/{rel}","templated":true}]}}