{"id":16533,"date":"2020-04-09T03:04:00","date_gmt":"2020-04-09T02:04:00","guid":{"rendered":"http:\/\/www.nordiclightmals.com\/?page_id=16533"},"modified":"2023-07-01T17:06:07","modified_gmt":"2023-07-01T16:06:07","slug":"nos-imports","status":"publish","type":"page","link":"https:\/\/www.nordiclightmals.com\/?page_id=16533","title":{"rendered":"Nos imports"},"content":{"rendered":"\n<p>Puisque nous sommes toujours soucieux d\u2019am\u00e9liorer  la qualit\u00e9 de notre \u00e9levage et de notre \u00e9quipe,  au fil des ans, nous avons  import\u00e9s de nombreux chiens provenant d\u2019\u00e9levages s\u00e9lectifs ayant toujours  eu \u00e0 coeur la sant\u00e9, le temp\u00e9rament et l\u2019aptitude au travail. Notre  programme d\u2019\u00e9levage est d&rsquo;ailleurs bas\u00e9 sur ces chiens qui proviennent en majorit\u00e9  d\u2019Europe pour les 15-20 derni\u00e8res ann\u00e9es et pr\u00e9c\u00e9demment des USA et de l\u2019Ouest Canadien. <\/p>\n\n\n\n<p class=\"has-vivid-red-background-color has-background\"><strong>MALAMUTES D&rsquo;ALASKA:<\/strong><\/p>\n\n\n\n<p>1) Import\u00e9e des USA: ZENA&#8230; Strawberry Mountain Xema WTDX ROMWD ROMWDA ROMWDX  <\/p>\n\n\n\n<figure class=\"wp-block-image size-large\"><img loading=\"lazy\" decoding=\"async\" width=\"345\" height=\"308\" src=\"http:\/\/www.nordiclightmals.com\/wp-content\/uploads\/2012\/12\/Zena.jpg\" alt=\"\" class=\"wp-image-3194\" srcset=\"https:\/\/www.nordiclightmals.com\/wp-content\/uploads\/2012\/12\/Zena.jpg 345w, https:\/\/www.nordiclightmals.com\/wp-content\/uploads\/2012\/12\/Zena-300x267.jpg 300w, https:\/\/www.nordiclightmals.com\/wp-content\/uploads\/2012\/12\/Zena-336x300.jpg 336w\" sizes=\"auto, (max-width: 345px) 100vw, 345px\" \/><\/figure>\n\n\n\n<p>2) Import\u00e9e de l&rsquo;Ouest Canadien: KIT&#8230; Oopik&rsquo;s Kindred Spirit WTDX ROMWD<\/p>\n\n\n\n<figure class=\"wp-block-image size-large is-resized\"><img loading=\"lazy\" decoding=\"async\" src=\"http:\/\/www.nordiclightmals.com\/wp-content\/uploads\/2012\/12\/kit2.jpg\" alt=\"\" class=\"wp-image-1328\" width=\"347\" height=\"260\" srcset=\"https:\/\/www.nordiclightmals.com\/wp-content\/uploads\/2012\/12\/kit2.jpg 400w, https:\/\/www.nordiclightmals.com\/wp-content\/uploads\/2012\/12\/kit2-300x225.jpg 300w\" sizes=\"auto, (max-width: 347px) 100vw, 347px\" \/><\/figure>\n\n\n\n<p>3) Import\u00e9 des USA: TU&#8230; Mick-Shrok&rsquo;s Second II None WTD  ROMWD ROMWDA ROMWDX   <\/p>\n\n\n\n<figure class=\"wp-block-image size-large is-resized\"><img loading=\"lazy\" decoding=\"async\" src=\"http:\/\/www.nordiclightmals.com\/wp-content\/uploads\/2012\/09\/TU.jpg\" alt=\"\" class=\"wp-image-417\" width=\"330\" height=\"347\" srcset=\"https:\/\/www.nordiclightmals.com\/wp-content\/uploads\/2012\/09\/TU.jpg 646w, https:\/\/www.nordiclightmals.com\/wp-content\/uploads\/2012\/09\/TU-285x300.jpg 285w\" sizes=\"auto, (max-width: 330px) 100vw, 330px\" \/><\/figure>\n\n\n\n<p>4) Import\u00e9 des USA: QWEST&#8230; Mick-Shrok&rsquo;s Akicita QWest WTDX  ROMWD<\/p>\n\n\n\n<figure class=\"wp-block-image size-large is-resized\"><img loading=\"lazy\" decoding=\"async\" src=\"http:\/\/www.nordiclightmals.com\/wp-content\/uploads\/2013\/01\/qwest.jpg\" alt=\"\" class=\"wp-image-3783\" width=\"331\" height=\"286\" srcset=\"https:\/\/www.nordiclightmals.com\/wp-content\/uploads\/2013\/01\/qwest.jpg 480w, https:\/\/www.nordiclightmals.com\/wp-content\/uploads\/2013\/01\/qwest-300x259.jpg 300w, https:\/\/www.nordiclightmals.com\/wp-content\/uploads\/2013\/01\/qwest-346x300.jpg 346w\" sizes=\"auto, (max-width: 331px) 100vw, 331px\" \/><\/figure>\n\n\n\n<p>5)  Import\u00e9e des USA: SUNNY&#8230; Strawberry Mountain Saturn Sunrise CGC<\/p>\n\n\n\n<figure class=\"wp-block-image size-large\"><img loading=\"lazy\" decoding=\"async\" width=\"350\" height=\"339\" src=\"http:\/\/www.nordiclightmals.com\/wp-content\/uploads\/2012\/09\/strawberrymtnsaturnsunrise.jpg\" alt=\"\" class=\"wp-image-418\" srcset=\"https:\/\/www.nordiclightmals.com\/wp-content\/uploads\/2012\/09\/strawberrymtnsaturnsunrise.jpg 350w, https:\/\/www.nordiclightmals.com\/wp-content\/uploads\/2012\/09\/strawberrymtnsaturnsunrise-300x290.jpg 300w, https:\/\/www.nordiclightmals.com\/wp-content\/uploads\/2012\/09\/strawberrymtnsaturnsunrise-309x300.jpg 309w\" sizes=\"auto, (max-width: 350px) 100vw, 350px\" \/><\/figure>\n\n\n\n<p>6)  Import\u00e9e des USA: SHASTA&#8230; MickShrok&rsquo;s Nordiclight Shasta WTDX <\/p>\n\n\n\n<p>7)  Import\u00e9e des USA: Frostfield Mad Maggie SD WTD ROMWD ROMWDA<\/p>\n\n\n\n<figure class=\"wp-block-image size-large\"><img loading=\"lazy\" decoding=\"async\" width=\"334\" height=\"319\" src=\"http:\/\/www.nordiclightmals.com\/wp-content\/uploads\/2013\/01\/maggie_relief.jpg\" alt=\"\" class=\"wp-image-3784\" srcset=\"https:\/\/www.nordiclightmals.com\/wp-content\/uploads\/2013\/01\/maggie_relief.jpg 334w, https:\/\/www.nordiclightmals.com\/wp-content\/uploads\/2013\/01\/maggie_relief-300x286.jpg 300w, https:\/\/www.nordiclightmals.com\/wp-content\/uploads\/2013\/01\/maggie_relief-314x300.jpg 314w\" sizes=\"auto, (max-width: 334px) 100vw, 334px\" \/><\/figure>\n\n\n\n<p>8) Import\u00e9e d&rsquo;Allemagne: ANVIK&#8230; Tzebariki Tshajka Anvik for Nordiclight WPD WTD WTDA<\/p>\n\n\n\n<figure class=\"wp-block-image size-large is-resized\"><img loading=\"lazy\" decoding=\"async\" src=\"http:\/\/www.nordiclightmals.com\/wp-content\/uploads\/2012\/12\/Camp_OCT2010-216.jpg\" alt=\"\" class=\"wp-image-1656\" width=\"355\" height=\"266\" srcset=\"https:\/\/www.nordiclightmals.com\/wp-content\/uploads\/2012\/12\/Camp_OCT2010-216.jpg 600w, https:\/\/www.nordiclightmals.com\/wp-content\/uploads\/2012\/12\/Camp_OCT2010-216-300x225.jpg 300w, https:\/\/www.nordiclightmals.com\/wp-content\/uploads\/2012\/12\/Camp_OCT2010-216-400x300.jpg 400w\" sizes=\"auto, (max-width: 355px) 100vw, 355px\" \/><\/figure>\n\n\n\n<p>9) Import\u00e9e de France: CH\u00c9YENNE&#8230; Ch\u00e9yenne Nordiclight des Rives du Haut Verdon WPD <\/p>\n\n\n\n<figure class=\"wp-block-image size-large is-resized\"><img loading=\"lazy\" decoding=\"async\" src=\"http:\/\/www.nordiclightmals.com\/wp-content\/uploads\/2013\/06\/Camp_OCT2010-159.jpg\" alt=\"\" class=\"wp-image-5782\" width=\"336\" height=\"269\" srcset=\"https:\/\/www.nordiclightmals.com\/wp-content\/uploads\/2013\/06\/Camp_OCT2010-159.jpg 600w, https:\/\/www.nordiclightmals.com\/wp-content\/uploads\/2013\/06\/Camp_OCT2010-159-300x240.jpg 300w, https:\/\/www.nordiclightmals.com\/wp-content\/uploads\/2013\/06\/Camp_OCT2010-159-375x300.jpg 375w\" sizes=\"auto, (max-width: 336px) 100vw, 336px\" \/><\/figure>\n\n\n\n<p>10) Import\u00e9 de France: COMANCHE&#8230; Comanche Nordiclight des Rives du Haut Verdon ROMWD <\/p>\n\n\n\n<figure class=\"wp-block-image size-large is-resized\"><img loading=\"lazy\" decoding=\"async\" src=\"http:\/\/www.nordiclightmals.com\/wp-content\/uploads\/2012\/09\/Com1.jpg\" alt=\"\" class=\"wp-image-852\" width=\"309\" height=\"298\" srcset=\"https:\/\/www.nordiclightmals.com\/wp-content\/uploads\/2012\/09\/Com1.jpg 443w, https:\/\/www.nordiclightmals.com\/wp-content\/uploads\/2012\/09\/Com1-300x289.jpg 300w, https:\/\/www.nordiclightmals.com\/wp-content\/uploads\/2012\/09\/Com1-311x300.jpg 311w\" sizes=\"auto, (max-width: 309px) 100vw, 309px\" \/><\/figure>\n\n\n\n<p>11) Import\u00e9 d&rsquo;Allemagne: FLAKE&#8230; Malamute Mountain&rsquo;s Flake for Nordiclight WPD WLD WTD WLDA WTDA <\/p>\n\n\n\n<figure class=\"wp-block-image size-large is-resized\"><img loading=\"lazy\" decoding=\"async\" src=\"http:\/\/www.nordiclightmals.com\/wp-content\/uploads\/2012\/09\/flake_side.jpg\" alt=\"\" class=\"wp-image-211\" width=\"344\" height=\"260\" srcset=\"https:\/\/www.nordiclightmals.com\/wp-content\/uploads\/2012\/09\/flake_side.jpg 627w, https:\/\/www.nordiclightmals.com\/wp-content\/uploads\/2012\/09\/flake_side-300x227.jpg 300w, https:\/\/www.nordiclightmals.com\/wp-content\/uploads\/2012\/09\/flake_side-396x300.jpg 396w\" sizes=\"auto, (max-width: 344px) 100vw, 344px\" \/><\/figure>\n\n\n\n<p>12) Import\u00e9e de Suisse: DIAZ&#8230; Diaz Nordiclight of Alaskan Sky WPD WTD<\/p>\n\n\n\n<figure class=\"wp-block-image size-large is-resized\"><img loading=\"lazy\" decoding=\"async\" src=\"http:\/\/www.nordiclightmals.com\/wp-content\/uploads\/2012\/12\/IMG_3130.jpg\" alt=\"\" class=\"wp-image-1673\" width=\"355\" height=\"266\" srcset=\"https:\/\/www.nordiclightmals.com\/wp-content\/uploads\/2012\/12\/IMG_3130.jpg 700w, https:\/\/www.nordiclightmals.com\/wp-content\/uploads\/2012\/12\/IMG_3130-300x225.jpg 300w, https:\/\/www.nordiclightmals.com\/wp-content\/uploads\/2012\/12\/IMG_3130-400x300.jpg 400w\" sizes=\"auto, (max-width: 355px) 100vw, 355px\" \/><\/figure>\n\n\n\n<p>13) Import\u00e9e d&rsquo;Allemagne: YOKO&#8230; Yoko Nordiclight of Indian Valley WPD WTD WTDA ROMWD ROMWDA<\/p>\n\n\n\n<figure class=\"wp-block-image size-large is-resized\"><img loading=\"lazy\" decoding=\"async\" src=\"http:\/\/www.nordiclightmals.com\/wp-content\/uploads\/2012\/11\/CAMP_Oct2013-687-1024x842.jpg\" alt=\"\" class=\"wp-image-6768\" width=\"350\" height=\"287\" srcset=\"https:\/\/www.nordiclightmals.com\/wp-content\/uploads\/2012\/11\/CAMP_Oct2013-687-1024x842.jpg 1024w, https:\/\/www.nordiclightmals.com\/wp-content\/uploads\/2012\/11\/CAMP_Oct2013-687-300x246.jpg 300w, https:\/\/www.nordiclightmals.com\/wp-content\/uploads\/2012\/11\/CAMP_Oct2013-687-364x300.jpg 364w, https:\/\/www.nordiclightmals.com\/wp-content\/uploads\/2012\/11\/CAMP_Oct2013-687.jpg 1842w\" sizes=\"auto, (max-width: 350px) 100vw, 350px\" \/><\/figure>\n\n\n\n<p>14) Import\u00e9 d&rsquo;Allemagne: Shadow&#8230; Y-Shadow of Indian Valley WPD WTD WTDA <\/p>\n\n\n\n<figure class=\"wp-block-image size-large is-resized\"><img loading=\"lazy\" decoding=\"async\" src=\"http:\/\/www.nordiclightmals.com\/wp-content\/uploads\/2012\/11\/0341-1024x801.jpg\" alt=\"\" class=\"wp-image-11290\" width=\"354\" height=\"276\" srcset=\"https:\/\/www.nordiclightmals.com\/wp-content\/uploads\/2012\/11\/0341-1024x801.jpg 1024w, https:\/\/www.nordiclightmals.com\/wp-content\/uploads\/2012\/11\/0341-300x234.jpg 300w, https:\/\/www.nordiclightmals.com\/wp-content\/uploads\/2012\/11\/0341-383x300.jpg 383w\" sizes=\"auto, (max-width: 354px) 100vw, 354px\" \/><\/figure>\n\n\n\n<p>15) Import\u00e9 du Danemark: D\u00c9MON&#8230; Snow Creek Frost-Ice Demon WTD WTDA ROMWD<\/p>\n\n\n\n<figure class=\"wp-block-image size-large is-resized\"><img loading=\"lazy\" decoding=\"async\" src=\"http:\/\/www.nordiclightmals.com\/wp-content\/uploads\/2016\/07\/DSC_0994-1024x775.jpg\" alt=\"\" class=\"wp-image-15450\" width=\"356\" height=\"268\" srcset=\"https:\/\/www.nordiclightmals.com\/wp-content\/uploads\/2016\/07\/DSC_0994-1024x775.jpg 1024w, https:\/\/www.nordiclightmals.com\/wp-content\/uploads\/2016\/07\/DSC_0994-300x227.jpg 300w\" sizes=\"auto, (max-width: 356px) 100vw, 356px\" \/><\/figure>\n\n\n\n<p> 16) Import\u00e9e du Danemark: CHILLI&#8230; Snow Creek Great Surprise Chilli WTD WTDA<\/p>\n\n\n\n<figure class=\"wp-block-image size-large is-resized\"><img loading=\"lazy\" decoding=\"async\" src=\"http:\/\/www.nordiclightmals.com\/wp-content\/uploads\/2016\/07\/DSC_10331-1024x680.jpg\" alt=\"\" class=\"wp-image-15593\" width=\"375\" height=\"249\" srcset=\"https:\/\/www.nordiclightmals.com\/wp-content\/uploads\/2016\/07\/DSC_10331-1024x680.jpg 1024w, https:\/\/www.nordiclightmals.com\/wp-content\/uploads\/2016\/07\/DSC_10331-300x199.jpg 300w, https:\/\/www.nordiclightmals.com\/wp-content\/uploads\/2016\/07\/DSC_10331-451x300.jpg 451w\" sizes=\"auto, (max-width: 375px) 100vw, 375px\" \/><\/figure>\n\n\n\n<p>17) Import\u00e9 de Su\u00e8de: BOOMER&#8230; Biisaiyowaq Boomer for Nordiclight WTD<\/p>\n\n\n\n<figure class=\"wp-block-image size-large\"><a href=\"http:\/\/www.nordiclightmals.com\/wp-content\/uploads\/2022\/01\/IMG_5688-scaled.jpg\"><img loading=\"lazy\" decoding=\"async\" width=\"1024\" height=\"683\" src=\"http:\/\/www.nordiclightmals.com\/wp-content\/uploads\/2022\/01\/IMG_5688-1024x683.jpg\" alt=\"\" class=\"wp-image-17565\" srcset=\"https:\/\/www.nordiclightmals.com\/wp-content\/uploads\/2022\/01\/IMG_5688-1024x683.jpg 1024w, https:\/\/www.nordiclightmals.com\/wp-content\/uploads\/2022\/01\/IMG_5688-300x200.jpg 300w, https:\/\/www.nordiclightmals.com\/wp-content\/uploads\/2022\/01\/IMG_5688-768x512.jpg 768w, https:\/\/www.nordiclightmals.com\/wp-content\/uploads\/2022\/01\/IMG_5688-1536x1024.jpg 1536w, https:\/\/www.nordiclightmals.com\/wp-content\/uploads\/2022\/01\/IMG_5688-2048x1365.jpg 2048w, https:\/\/www.nordiclightmals.com\/wp-content\/uploads\/2022\/01\/IMG_5688-450x300.jpg 450w\" sizes=\"auto, (max-width: 1024px) 100vw, 1024px\" \/><\/a><\/figure>\n\n\n\n<p>18) Import\u00e9e de Su\u00e8de: TEK\u2026 Biisaiyowaq Tek for Nordiclight WTD<\/p>\n\n\n\n<figure class=\"wp-block-image size-large\"><a href=\"http:\/\/www.nordiclightmals.com\/wp-content\/uploads\/2022\/01\/IMG_5693-scaled.jpg\"><img loading=\"lazy\" decoding=\"async\" width=\"1024\" height=\"683\" src=\"http:\/\/www.nordiclightmals.com\/wp-content\/uploads\/2022\/01\/IMG_5693-1024x683.jpg\" alt=\"\" class=\"wp-image-17568\" srcset=\"https:\/\/www.nordiclightmals.com\/wp-content\/uploads\/2022\/01\/IMG_5693-1024x683.jpg 1024w, https:\/\/www.nordiclightmals.com\/wp-content\/uploads\/2022\/01\/IMG_5693-300x200.jpg 300w, https:\/\/www.nordiclightmals.com\/wp-content\/uploads\/2022\/01\/IMG_5693-768x512.jpg 768w, https:\/\/www.nordiclightmals.com\/wp-content\/uploads\/2022\/01\/IMG_5693-1536x1024.jpg 1536w, https:\/\/www.nordiclightmals.com\/wp-content\/uploads\/2022\/01\/IMG_5693-2048x1365.jpg 2048w, https:\/\/www.nordiclightmals.com\/wp-content\/uploads\/2022\/01\/IMG_5693-450x300.jpg 450w\" sizes=\"auto, (max-width: 1024px) 100vw, 1024px\" \/><\/a><\/figure>\n\n\n\n<p class=\"has-vivid-red-background-color has-background\">Nous avons \u00e9galement import\u00e9s des <strong>SEMENCES CONGEL\u00c9ES<\/strong>:<\/p>\n\n\n\n<p>1)  Semences import\u00e9es de Norv\u00e8ge: F\u00c9LIX&#8230; NUCH NTCH Najanin&rsquo;s Eager Felix<\/p>\n\n\n\n<figure class=\"wp-block-image size-large\"><img loading=\"lazy\" decoding=\"async\" width=\"300\" height=\"201\" src=\"http:\/\/www.nordiclightmals.com\/wp-content\/uploads\/2013\/01\/felix.jpg\" alt=\"\" class=\"wp-image-8814\"\/><\/figure>\n\n\n\n<p>2)  Semences import\u00e9es de Suisse: CHINOOK&#8230; Vanya<\/p>\n\n\n\n<figure class=\"wp-block-image size-large is-resized\"><img loading=\"lazy\" decoding=\"async\" src=\"http:\/\/www.nordiclightmals.com\/wp-content\/uploads\/2012\/09\/Vanya_harnais.jpg\" alt=\"\" class=\"wp-image-160\" width=\"349\" height=\"262\" srcset=\"https:\/\/www.nordiclightmals.com\/wp-content\/uploads\/2012\/09\/Vanya_harnais.jpg 392w, https:\/\/www.nordiclightmals.com\/wp-content\/uploads\/2012\/09\/Vanya_harnais-300x225.jpg 300w\" sizes=\"auto, (max-width: 349px) 100vw, 349px\" \/><\/figure>\n\n\n\n<p><\/p>\n\n\n\n<p class=\"has-vivid-red-background-color has-background\"><strong>CHIENS DU GROENLAND<\/strong><\/p>\n\n\n\n<p>1) Import\u00e9e de Norv\u00e8ge: VIXEN&#8230; Tinka&rsquo;s Vixen for Nordiclight<\/p>\n\n\n\n<figure class=\"wp-block-image size-large is-resized\"><img loading=\"lazy\" decoding=\"async\" src=\"http:\/\/www.nordiclightmals.com\/wp-content\/uploads\/2013\/01\/CSC_1069-e1456012026974-684x1024.jpg\" alt=\"\" class=\"wp-image-13230\" width=\"247\" height=\"370\" srcset=\"https:\/\/www.nordiclightmals.com\/wp-content\/uploads\/2013\/01\/CSC_1069-e1456012026974-684x1024.jpg 684w, https:\/\/www.nordiclightmals.com\/wp-content\/uploads\/2013\/01\/CSC_1069-e1456012026974.jpg 856w\" sizes=\"auto, (max-width: 247px) 100vw, 247px\" \/><\/figure>\n\n\n\n<p>2) Import\u00e9 de Su\u00e8de: APUT&#8230; Aput<\/p>\n\n\n\n<figure class=\"wp-block-image size-large is-resized\"><img loading=\"lazy\" decoding=\"async\" src=\"http:\/\/www.nordiclightmals.com\/wp-content\/uploads\/2013\/01\/aput_aout06.jpg\" alt=\"\" class=\"wp-image-5371\" width=\"352\" height=\"306\" srcset=\"https:\/\/www.nordiclightmals.com\/wp-content\/uploads\/2013\/01\/aput_aout06.jpg 479w, https:\/\/www.nordiclightmals.com\/wp-content\/uploads\/2013\/01\/aput_aout06-300x260.jpg 300w, https:\/\/www.nordiclightmals.com\/wp-content\/uploads\/2013\/01\/aput_aout06-345x300.jpg 345w\" sizes=\"auto, (max-width: 352px) 100vw, 352px\" \/><\/figure>\n\n\n\n<p>3) Import\u00e9 de Su\u00e8de: OKAN&#8230; Racystar Okalruserk<\/p>\n\n\n\n<figure class=\"wp-block-image size-large is-resized\"><img loading=\"lazy\" decoding=\"async\" src=\"http:\/\/www.nordiclightmals.com\/wp-content\/uploads\/2012\/09\/portrait_okan3.jpg\" alt=\"\" class=\"wp-image-77\" width=\"325\" height=\"244\" srcset=\"https:\/\/www.nordiclightmals.com\/wp-content\/uploads\/2012\/09\/portrait_okan3.jpg 500w, https:\/\/www.nordiclightmals.com\/wp-content\/uploads\/2012\/09\/portrait_okan3-300x225.jpg 300w, https:\/\/www.nordiclightmals.com\/wp-content\/uploads\/2012\/09\/portrait_okan3-400x300.jpg 400w\" sizes=\"auto, (max-width: 325px) 100vw, 325px\" \/><\/figure>\n\n\n\n<p>4) Import\u00e9e de Norv\u00e8ge: MAGIC&#8230; Black Magic av Tasermiut<\/p>\n\n\n\n<figure class=\"wp-block-image size-large is-resized\"><img loading=\"lazy\" decoding=\"async\" src=\"http:\/\/www.nordiclightmals.com\/wp-content\/uploads\/2013\/06\/CAMP_Janv15-1558-768x1024.jpg\" alt=\"\" class=\"wp-image-11251\" width=\"275\" height=\"367\" srcset=\"https:\/\/www.nordiclightmals.com\/wp-content\/uploads\/2013\/06\/CAMP_Janv15-1558-768x1024.jpg 768w, https:\/\/www.nordiclightmals.com\/wp-content\/uploads\/2013\/06\/CAMP_Janv15-1558-225x300.jpg 225w\" sizes=\"auto, (max-width: 275px) 100vw, 275px\" \/><\/figure>\n\n\n\n<p><\/p>\n\n\n\n<p><\/p>\n\n\n\n<p><\/p>\n\n\n\n<p><\/p>\n","protected":false},"excerpt":{"rendered":"<p>Puisque nous sommes toujours soucieux d\u2019am\u00e9liorer la qualit\u00e9 de notre \u00e9levage et de notre \u00e9quipe, au fil des ans, nous avons import\u00e9s de nombreux chiens provenant d\u2019\u00e9levages s\u00e9lectifs ayant toujours eu \u00e0 coeur la sant\u00e9, le temp\u00e9rament et l\u2019aptitude au &hellip; <a href=\"https:\/\/www.nordiclightmals.com\/?page_id=16533\">Continuer la lecture <span class=\"meta-nav\"> \u00bb<\/span><\/a><\/p>\n","protected":false},"author":1,"featured_media":0,"parent":1844,"menu_order":20,"comment_status":"closed","ping_status":"closed","template":"","meta":{"footnotes":""},"class_list":["post-16533","page","type-page","status-publish","hentry"],"_links":{"self":[{"href":"https:\/\/www.nordiclightmals.com\/index.php?rest_route=\/wp\/v2\/pages\/16533","targetHints":{"allow":["GET"]}}],"collection":[{"href":"https:\/\/www.nordiclightmals.com\/index.php?rest_route=\/wp\/v2\/pages"}],"about":[{"href":"https:\/\/www.nordiclightmals.com\/index.php?rest_route=\/wp\/v2\/types\/page"}],"author":[{"embeddable":true,"href":"https:\/\/www.nordiclightmals.com\/index.php?rest_route=\/wp\/v2\/users\/1"}],"replies":[{"embeddable":true,"href":"https:\/\/www.nordiclightmals.com\/index.php?rest_route=%2Fwp%2Fv2%2Fcomments&post=16533"}],"version-history":[{"count":26,"href":"https:\/\/www.nordiclightmals.com\/index.php?rest_route=\/wp\/v2\/pages\/16533\/revisions"}],"predecessor-version":[{"id":18947,"href":"https:\/\/www.nordiclightmals.com\/index.php?rest_route=\/wp\/v2\/pages\/16533\/revisions\/18947"}],"up":[{"embeddable":true,"href":"https:\/\/www.nordiclightmals.com\/index.php?rest_route=\/wp\/v2\/pages\/1844"}],"wp:attachment":[{"href":"https:\/\/www.nordiclightmals.com\/index.php?rest_route=%2Fwp%2Fv2%2Fmedia&parent=16533"}],"curies":[{"name":"wp","href":"https:\/\/api.w.org\/{rel}","templated":true}]}}