{"id":16866,"date":"2021-03-17T22:53:42","date_gmt":"2021-03-17T21:53:42","guid":{"rendered":"http:\/\/www.nordiclightmals.com\/?page_id=16866"},"modified":"2025-05-18T20:15:13","modified_gmt":"2025-05-18T19:15:13","slug":"boomer-biisaiyowaq-boomer-for-nordiclight-espoir-du-futur","status":"publish","type":"page","link":"https:\/\/www.nordiclightmals.com\/?page_id=16866","title":{"rendered":"BOOMER&#8230; Biisaiyowaq Boomer for Nordiclight WLD WTD WLDA WTDA (SWE) (intact)"},"content":{"rendered":"<p style=\"text-align: center;\"><img loading=\"lazy\" decoding=\"async\" class=\"aligncenter wp-image-19250 size-large\" src=\"http:\/\/www.nordiclightmals.com\/wp-content\/uploads\/2024\/02\/Boomer2-1024x847.jpg\" alt=\"\" width=\"584\" height=\"483\" srcset=\"https:\/\/www.nordiclightmals.com\/wp-content\/uploads\/2024\/02\/Boomer2-1024x847.jpg 1024w, https:\/\/www.nordiclightmals.com\/wp-content\/uploads\/2024\/02\/Boomer2-300x248.jpg 300w, https:\/\/www.nordiclightmals.com\/wp-content\/uploads\/2024\/02\/Boomer2-768x635.jpg 768w, https:\/\/www.nordiclightmals.com\/wp-content\/uploads\/2024\/02\/Boomer2-1536x1270.jpg 1536w, https:\/\/www.nordiclightmals.com\/wp-content\/uploads\/2024\/02\/Boomer2-2048x1693.jpg 2048w, https:\/\/www.nordiclightmals.com\/wp-content\/uploads\/2024\/02\/Boomer2-363x300.jpg 363w\" sizes=\"auto, (max-width: 584px) 100vw, 584px\" \/><\/p>\n<p style=\"text-align: left;\">Statut: Intact, reproducteur, membre de l&rsquo;\u00e9quipe et <a href=\"http:\/\/www.nordiclightmals.com\/?page_id=516\"><span style=\"color: #ff0000;\">disponible pour le service de reproduction \/ semences congel\u00e9es<\/span><\/a><\/p>\n<p>Poids: 75 lbs<\/p>\n<p>Couleur: Noir\/blanc<\/p>\n<p>N\u00e9 le: 5 D\u00e9cembre 2020<\/p>\n<p><strong>Voir son album photos <span style=\"color: #ff0000;\"><span style=\"color: #ff0000;\"><a href=\"http:\/\/www.nordiclightmals.com\/?page_id=16996\"><span style=\"color: #ff0000;\">ICI<\/span><\/a> <\/span><\/span><\/strong><\/p>\n<p style=\"text-align: left;\"><a href=\"http:\/\/www.nordiclightmals.com\/wp-content\/uploads\/2021\/03\/DSC_0149.jpg\"><img loading=\"lazy\" decoding=\"async\" class=\"alignleft size-full wp-image-17399\" src=\"http:\/\/www.nordiclightmals.com\/wp-content\/uploads\/2021\/11\/DSC_0055-2.jpg\" alt=\"\" width=\"642\" height=\"513\" srcset=\"https:\/\/www.nordiclightmals.com\/wp-content\/uploads\/2021\/11\/DSC_0055-2.jpg 642w, https:\/\/www.nordiclightmals.com\/wp-content\/uploads\/2021\/11\/DSC_0055-2-300x240.jpg 300w, https:\/\/www.nordiclightmals.com\/wp-content\/uploads\/2021\/11\/DSC_0055-2-375x300.jpg 375w\" sizes=\"auto, (max-width: 642px) 100vw, 642px\" \/><\/a><strong>Sant\u00e9:<\/strong><\/p>\n<p>Hanches: OFA: Prelim GOOD (test\u00e9 \u00e0 18 mois)<\/p>\n<p>Coudes: OFA: Prelim Normal (test\u00e9 \u00e0 18 mois)<\/p>\n<p>Yeux: OFA: AM-EYE977\/16M-VPI<\/p>\n<p>ADN Polyneuropathie: Embark test\u00e9 clair<\/p>\n<p>ADN test poil long: Embark test\u00e9 clair<\/p>\n<p><span style=\"color: #ff0000;\"><strong>Les enfants de Boomer ayant obtenus des titres de travail:<\/strong><\/span><\/p>\n<p>1) Nordiclight\u2019s Funky Girl WTD<\/p>\n<p>2) Nordiclight&rsquo;s in the Groove WTD<\/p>\n<p>3) Nordiclight\u2019s that\u2019s a Gizmo thing WTD<\/p>\n<p>4) Nordiclight\u2019s Shelby of my dreams WTD<\/p>\n<p><strong>Pedigree:<\/strong><\/p>\n<table border=\"1\" cellspacing=\"0\" cellpadding=\"0\">\n<tbody>\n<tr>\n<td rowspan=\"4\" valign=\"top\" width=\"195\">\n<p align=\"center\">Nordic Sled Dog&rsquo;s Mi Zagreus<\/p>\n<p align=\"center\"><a href=\"http:\/\/www.nordiclightmals.com\/wp-content\/uploads\/2021\/02\/zagreus.jpg\"><img loading=\"lazy\" decoding=\"async\" class=\"alignleft size-full wp-image-16869\" src=\"http:\/\/www.nordiclightmals.com\/wp-content\/uploads\/2021\/02\/zagreus.jpg\" alt=\"\" width=\"192\" height=\"257\" \/><\/a><\/p>\n<p align=\"center\">\n<\/td>\n<td rowspan=\"2\" valign=\"top\" width=\"195\">\n<p align=\"center\">Yukon Trail Zipp<\/p>\n<\/td>\n<td valign=\"top\" width=\"195\">\n<p align=\"center\">Kodiak-Zorro<\/p>\n<\/td>\n<\/tr>\n<tr>\n<td valign=\"top\" width=\"195\">\n<p align=\"center\">Vinca Von Kuhn<\/p>\n<\/td>\n<\/tr>\n<tr>\n<td style=\"text-align: center;\" rowspan=\"2\" valign=\"top\" width=\"195\">\n<h4>Nordic Sled Dog&rsquo;s St Alcor<\/h4>\n<\/td>\n<td valign=\"top\" width=\"195\">\n<p align=\"center\">Noatak&rsquo;s Arluk du Niki<\/p>\n<\/td>\n<\/tr>\n<tr>\n<td valign=\"top\" width=\"195\">\n<p align=\"center\">Noatak&rsquo;s Beau Njarka Du Kigga<\/p>\n<\/td>\n<\/tr>\n<tr>\n<td rowspan=\"4\" valign=\"top\" width=\"195\">\n<p align=\"center\">Back to Work High Spirit Knotte<\/p>\n<p align=\"center\"><a href=\"http:\/\/www.nordiclightmals.com\/wp-content\/uploads\/2021\/02\/Back-to-Work-High-Spirit-Knotte-2.jpg\"><img loading=\"lazy\" decoding=\"async\" class=\"alignleft size-full wp-image-16870\" src=\"http:\/\/www.nordiclightmals.com\/wp-content\/uploads\/2021\/02\/Back-to-Work-High-Spirit-Knotte-2.jpg\" alt=\"\" width=\"509\" height=\"383\" srcset=\"https:\/\/www.nordiclightmals.com\/wp-content\/uploads\/2021\/02\/Back-to-Work-High-Spirit-Knotte-2.jpg 509w, https:\/\/www.nordiclightmals.com\/wp-content\/uploads\/2021\/02\/Back-to-Work-High-Spirit-Knotte-2-300x226.jpg 300w, https:\/\/www.nordiclightmals.com\/wp-content\/uploads\/2021\/02\/Back-to-Work-High-Spirit-Knotte-2-399x300.jpg 399w\" sizes=\"auto, (max-width: 509px) 100vw, 509px\" \/><\/a><\/p>\n<\/td>\n<td rowspan=\"2\" valign=\"top\" width=\"195\">\n<p align=\"center\"><span id=\"bodyContent_lblFarnamn\" class=\"datatext col-form-label\">Stens\u00e5sens Snow Dogs Ravn<\/span><\/p>\n<\/td>\n<td valign=\"top\" width=\"195\">\n<p align=\"center\">Nordic Sled Dog&rsquo;s Ak Black Harley<\/p>\n<\/td>\n<\/tr>\n<tr>\n<td valign=\"top\" width=\"195\">\n<p align=\"center\">Stens\u00e5sens Snow Dogs Holley<\/p>\n<\/td>\n<\/tr>\n<tr>\n<td rowspan=\"2\" valign=\"top\" width=\"195\">\n<p align=\"center\">Back to Work Long Distance Gallop<\/p>\n<\/td>\n<td valign=\"top\" width=\"195\">\n<p align=\"center\">Hjoki<\/p>\n<\/td>\n<\/tr>\n<tr>\n<td style=\"text-align: center;\" valign=\"top\" width=\"195\">Heaven<\/td>\n<\/tr>\n<\/tbody>\n<\/table>\n","protected":false},"excerpt":{"rendered":"<p>Statut: Intact, reproducteur, membre de l&rsquo;\u00e9quipe et disponible pour le service de reproduction \/ semences congel\u00e9es Poids: 75 lbs Couleur: Noir\/blanc N\u00e9 le: 5 D\u00e9cembre 2020 Voir son album photos ICI Sant\u00e9: Hanches: OFA: Prelim GOOD (test\u00e9 \u00e0 18 mois) &hellip; <a href=\"https:\/\/www.nordiclightmals.com\/?page_id=16866\">Continuer la lecture <span class=\"meta-nav\"> \u00bb<\/span><\/a><\/p>\n","protected":false},"author":1,"featured_media":0,"parent":32,"menu_order":15,"comment_status":"closed","ping_status":"closed","template":"","meta":{"footnotes":""},"class_list":["post-16866","page","type-page","status-publish","hentry"],"_links":{"self":[{"href":"https:\/\/www.nordiclightmals.com\/index.php?rest_route=\/wp\/v2\/pages\/16866","targetHints":{"allow":["GET"]}}],"collection":[{"href":"https:\/\/www.nordiclightmals.com\/index.php?rest_route=\/wp\/v2\/pages"}],"about":[{"href":"https:\/\/www.nordiclightmals.com\/index.php?rest_route=\/wp\/v2\/types\/page"}],"author":[{"embeddable":true,"href":"https:\/\/www.nordiclightmals.com\/index.php?rest_route=\/wp\/v2\/users\/1"}],"replies":[{"embeddable":true,"href":"https:\/\/www.nordiclightmals.com\/index.php?rest_route=%2Fwp%2Fv2%2Fcomments&post=16866"}],"version-history":[{"count":25,"href":"https:\/\/www.nordiclightmals.com\/index.php?rest_route=\/wp\/v2\/pages\/16866\/revisions"}],"predecessor-version":[{"id":19753,"href":"https:\/\/www.nordiclightmals.com\/index.php?rest_route=\/wp\/v2\/pages\/16866\/revisions\/19753"}],"up":[{"embeddable":true,"href":"https:\/\/www.nordiclightmals.com\/index.php?rest_route=\/wp\/v2\/pages\/32"}],"wp:attachment":[{"href":"https:\/\/www.nordiclightmals.com\/index.php?rest_route=%2Fwp%2Fv2%2Fmedia&parent=16866"}],"curies":[{"name":"wp","href":"https:\/\/api.w.org\/{rel}","templated":true}]}}