{"id":17180,"date":"2021-08-23T01:37:10","date_gmt":"2021-08-23T00:37:10","guid":{"rendered":"http:\/\/www.nordiclightmals.com\/?page_id=17180"},"modified":"2024-10-07T01:12:17","modified_gmt":"2024-10-07T00:12:17","slug":"nordiclights-c4-power-espoir-du-futur","status":"publish","type":"page","link":"https:\/\/www.nordiclightmals.com\/?page_id=17180","title":{"rendered":"DARCY&#8230; Nordiclight&rsquo;s Miss Darcy WTD WTDA (intacte)"},"content":{"rendered":"<p><img loading=\"lazy\" decoding=\"async\" class=\"aligncenter wp-image-18623 size-large\" src=\"http:\/\/www.nordiclightmals.com\/wp-content\/uploads\/2023\/06\/IMG_7825-1-1024x745.jpg\" alt=\"\" width=\"584\" height=\"425\" srcset=\"https:\/\/www.nordiclightmals.com\/wp-content\/uploads\/2023\/06\/IMG_7825-1-1024x745.jpg 1024w, https:\/\/www.nordiclightmals.com\/wp-content\/uploads\/2023\/06\/IMG_7825-1-300x218.jpg 300w, https:\/\/www.nordiclightmals.com\/wp-content\/uploads\/2023\/06\/IMG_7825-1-768x559.jpg 768w, https:\/\/www.nordiclightmals.com\/wp-content\/uploads\/2023\/06\/IMG_7825-1-1536x1118.jpg 1536w, https:\/\/www.nordiclightmals.com\/wp-content\/uploads\/2023\/06\/IMG_7825-1-2048x1490.jpg 2048w, https:\/\/www.nordiclightmals.com\/wp-content\/uploads\/2023\/06\/IMG_7825-1-412x300.jpg 412w\" sizes=\"auto, (max-width: 584px) 100vw, 584px\" \/>Statut: Intacte, reproductrice et membre de l\u2019\u00e9quipe<\/p>\n<p>Poids: 65 lbs<\/p>\n<p>Couleur: Noir\/blanc<\/p>\n<p>N\u00e9e le: 17 F\u00e9vrier 2022<\/p>\n<p><strong>Voir son album photos <a href=\"http:\/\/www.nordiclightmals.com\/?page_id=18485\"><span style=\"color: #ff0000;\"><span style=\"color: #ff0000;\">I<\/span><\/span><span style=\"color: #ff0000;\"><span style=\"color: #ff0000;\">CI<\/span><\/span><\/a><\/strong><\/p>\n<p><img loading=\"lazy\" decoding=\"async\" class=\"alignleft wp-image-18121 size-large\" src=\"http:\/\/www.nordiclightmals.com\/wp-content\/uploads\/2023\/01\/IMG_2619-1024x683.jpg\" alt=\"\" width=\"584\" height=\"390\" srcset=\"https:\/\/www.nordiclightmals.com\/wp-content\/uploads\/2023\/01\/IMG_2619-1024x683.jpg 1024w, https:\/\/www.nordiclightmals.com\/wp-content\/uploads\/2023\/01\/IMG_2619-300x200.jpg 300w, https:\/\/www.nordiclightmals.com\/wp-content\/uploads\/2023\/01\/IMG_2619-768x512.jpg 768w, https:\/\/www.nordiclightmals.com\/wp-content\/uploads\/2023\/01\/IMG_2619-1536x1024.jpg 1536w, https:\/\/www.nordiclightmals.com\/wp-content\/uploads\/2023\/01\/IMG_2619-2048x1365.jpg 2048w, https:\/\/www.nordiclightmals.com\/wp-content\/uploads\/2023\/01\/IMG_2619-450x300.jpg 450w\" sizes=\"auto, (max-width: 584px) 100vw, 584px\" \/><\/p>\n<p><strong>Sant\u00e9:<\/strong><\/p>\n<p>Hanches: OFA: AM-14995G24F-C-VPI (GOOD)<\/p>\n<p>Coudes: OFA: AM-EL1755F24-C-VPI (Normal)<\/p>\n<p>Yeux: OFA: AM-EYE1107\/24F-VPI (Normal)<\/p>\n<p>ADN Polyneuropathie: N\/N (clair\/non porteur par ses parents)<\/p>\n<p>ADN test poil long: N\/N (clair\/non porteur par ses parents)<\/p>\n<p><strong>Pedigree:<\/strong><\/p>\n<table border=\"1\" cellspacing=\"0\" cellpadding=\"0\">\n<tbody>\n<tr>\n<td rowspan=\"4\" valign=\"top\" width=\"195\">\n<p align=\"center\">Nordiclight&rsquo;s Syd the Warrior WTD WTDA ROMWD <a href=\"http:\/\/www.nordiclightmals.com\/wp-content\/uploads\/2017\/07\/IMG_7831.jpg\"><img loading=\"lazy\" decoding=\"async\" class=\"alignright size-medium wp-image-15208\" title=\"SYD\" src=\"http:\/\/www.nordiclightmals.com\/wp-content\/uploads\/2017\/07\/IMG_7831-300x225.jpg\" alt=\"\" width=\"300\" height=\"225\" srcset=\"https:\/\/www.nordiclightmals.com\/wp-content\/uploads\/2017\/07\/IMG_7831-300x225.jpg 300w, https:\/\/www.nordiclightmals.com\/wp-content\/uploads\/2017\/07\/IMG_7831-1024x768.jpg 1024w, https:\/\/www.nordiclightmals.com\/wp-content\/uploads\/2017\/07\/IMG_7831-399x300.jpg 399w\" sizes=\"auto, (max-width: 300px) 100vw, 300px\" \/><\/a><\/p>\n<p align=\"center\">\n<\/td>\n<td rowspan=\"2\" valign=\"top\" width=\"195\">\n<p align=\"center\">Malamute Mountain&rsquo;s Flake for Nordiclight WPD WLD WTD WLDA WTDA (GER)<\/p>\n<\/td>\n<td valign=\"top\" width=\"195\">\n<p align=\"center\">Crazy Crew\u2019s Hetja til Oona<\/p>\n<\/td>\n<\/tr>\n<tr>\n<td valign=\"top\" width=\"195\">\n<p align=\"center\">Malamute Mountain\u2019s Elsa<\/p>\n<\/td>\n<\/tr>\n<tr>\n<td style=\"text-align: center;\" rowspan=\"2\" valign=\"top\" width=\"195\">\n<h4><\/h4>\n<h4><\/h4>\n<p>Snow Creek Great Surprise Chilli WTD WTDA (DEN)<\/td>\n<td valign=\"top\" width=\"195\">\n<p align=\"center\">Snow Creek Daring Thor<\/p>\n<\/td>\n<\/tr>\n<tr>\n<td valign=\"top\" width=\"195\">\n<p align=\"center\">Snow Creek Frost-ice Pepzi<\/p>\n<\/td>\n<\/tr>\n<tr>\n<td rowspan=\"4\" valign=\"top\" width=\"195\">\n<p align=\"center\">Nordiclight&rsquo;s Jett WTD ROMWD<\/p>\n<p align=\"center\"><img loading=\"lazy\" decoding=\"async\" class=\"alignleft size-large wp-image-16831\" src=\"http:\/\/www.nordiclightmals.com\/wp-content\/uploads\/2020\/08\/DSC_1088-2-1024x812.jpg\" alt=\"\" width=\"584\" height=\"463\" srcset=\"https:\/\/www.nordiclightmals.com\/wp-content\/uploads\/2020\/08\/DSC_1088-2-1024x812.jpg 1024w, https:\/\/www.nordiclightmals.com\/wp-content\/uploads\/2020\/08\/DSC_1088-2-300x238.jpg 300w, https:\/\/www.nordiclightmals.com\/wp-content\/uploads\/2020\/08\/DSC_1088-2-768x609.jpg 768w, https:\/\/www.nordiclightmals.com\/wp-content\/uploads\/2020\/08\/DSC_1088-2-1536x1218.jpg 1536w, https:\/\/www.nordiclightmals.com\/wp-content\/uploads\/2020\/08\/DSC_1088-2-378x300.jpg 378w, https:\/\/www.nordiclightmals.com\/wp-content\/uploads\/2020\/08\/DSC_1088-2.jpg 1901w\" sizes=\"auto, (max-width: 584px) 100vw, 584px\" \/><\/p>\n<\/td>\n<td rowspan=\"2\" valign=\"top\" width=\"195\">\n<h4><\/h4>\n<h4><\/h4>\n<p style=\"text-align: center;\">Snow Creek Frost-Ice Demon WTD WTDA ROMWD (DEN)<\/p>\n<\/td>\n<td valign=\"top\" width=\"195\">\n<p align=\"center\">Snow Creek\u2019s Blizzard Grey Wolf<\/p>\n<\/td>\n<\/tr>\n<tr>\n<td valign=\"top\" width=\"195\">\n<p align=\"center\">Trap Line Quick Kee-nai WTD WTDA<\/p>\n<\/td>\n<\/tr>\n<tr>\n<td rowspan=\"2\" valign=\"top\" width=\"195\">\n<p align=\"center\">Nordiclight&rsquo;s Zipp WTD WTDA<\/p>\n<\/td>\n<td valign=\"top\" width=\"195\">\n<p align=\"center\">Nordiclight\u2019s Black VooDoo WPD WTD WTDA ROMWD<\/p>\n<\/td>\n<\/tr>\n<tr>\n<td valign=\"top\" width=\"195\">\n<p align=\"center\">Yoko Nordiclight of Indian Valley WPD WTD WTDA ROMWD ROMWDA (GER)<\/p>\n<\/td>\n<\/tr>\n<\/tbody>\n<\/table>\n","protected":false},"excerpt":{"rendered":"<p>Statut: Intacte, reproductrice et membre de l\u2019\u00e9quipe Poids: 65 lbs Couleur: Noir\/blanc N\u00e9e le: 17 F\u00e9vrier 2022 Voir son album photos ICI Sant\u00e9: Hanches: OFA: AM-14995G24F-C-VPI (GOOD) Coudes: OFA: AM-EL1755F24-C-VPI (Normal) Yeux: OFA: AM-EYE1107\/24F-VPI (Normal) ADN Polyneuropathie: N\/N (clair\/non porteur &hellip; <a href=\"https:\/\/www.nordiclightmals.com\/?page_id=17180\">Continuer la lecture <span class=\"meta-nav\"> \u00bb<\/span><\/a><\/p>\n","protected":false},"author":1,"featured_media":0,"parent":13637,"menu_order":30,"comment_status":"closed","ping_status":"closed","template":"","meta":{"footnotes":""},"class_list":["post-17180","page","type-page","status-publish","hentry"],"_links":{"self":[{"href":"https:\/\/www.nordiclightmals.com\/index.php?rest_route=\/wp\/v2\/pages\/17180","targetHints":{"allow":["GET"]}}],"collection":[{"href":"https:\/\/www.nordiclightmals.com\/index.php?rest_route=\/wp\/v2\/pages"}],"about":[{"href":"https:\/\/www.nordiclightmals.com\/index.php?rest_route=\/wp\/v2\/types\/page"}],"author":[{"embeddable":true,"href":"https:\/\/www.nordiclightmals.com\/index.php?rest_route=\/wp\/v2\/users\/1"}],"replies":[{"embeddable":true,"href":"https:\/\/www.nordiclightmals.com\/index.php?rest_route=%2Fwp%2Fv2%2Fcomments&post=17180"}],"version-history":[{"count":26,"href":"https:\/\/www.nordiclightmals.com\/index.php?rest_route=\/wp\/v2\/pages\/17180\/revisions"}],"predecessor-version":[{"id":19513,"href":"https:\/\/www.nordiclightmals.com\/index.php?rest_route=\/wp\/v2\/pages\/17180\/revisions\/19513"}],"up":[{"embeddable":true,"href":"https:\/\/www.nordiclightmals.com\/index.php?rest_route=\/wp\/v2\/pages\/13637"}],"wp:attachment":[{"href":"https:\/\/www.nordiclightmals.com\/index.php?rest_route=%2Fwp%2Fv2%2Fmedia&parent=17180"}],"curies":[{"name":"wp","href":"https:\/\/api.w.org\/{rel}","templated":true}]}}