{"id":18186,"date":"2023-04-20T02:38:53","date_gmt":"2023-04-20T01:38:53","guid":{"rendered":"http:\/\/www.nordiclightmals.com\/?page_id=18186"},"modified":"2026-02-15T20:13:23","modified_gmt":"2026-02-15T19:13:23","slug":"funky-nordiclights-funky-girl-espoir-du-futur","status":"publish","type":"page","link":"https:\/\/www.nordiclightmals.com\/?page_id=18186","title":{"rendered":"FUNKY&#8230; Nordiclight&rsquo;s Funky girl WTD (intacte)"},"content":{"rendered":"<p><img loading=\"lazy\" decoding=\"async\" class=\"aligncenter size-large wp-image-19798\" src=\"http:\/\/www.nordiclightmals.com\/wp-content\/uploads\/2026\/02\/Funky-1024x682.jpg\" alt=\"\" width=\"584\" height=\"389\" srcset=\"https:\/\/www.nordiclightmals.com\/wp-content\/uploads\/2026\/02\/Funky-1024x682.jpg 1024w, https:\/\/www.nordiclightmals.com\/wp-content\/uploads\/2026\/02\/Funky-300x200.jpg 300w, https:\/\/www.nordiclightmals.com\/wp-content\/uploads\/2026\/02\/Funky-768x511.jpg 768w, https:\/\/www.nordiclightmals.com\/wp-content\/uploads\/2026\/02\/Funky-1536x1022.jpg 1536w, https:\/\/www.nordiclightmals.com\/wp-content\/uploads\/2026\/02\/Funky-451x300.jpg 451w, https:\/\/www.nordiclightmals.com\/wp-content\/uploads\/2026\/02\/Funky.jpg 2048w\" sizes=\"auto, (max-width: 584px) 100vw, 584px\" \/><\/p>\n<p>Statut: Intacte, membre de l&rsquo;\u00e9quipe<\/p>\n<p>Poids: 66 lbs<\/p>\n<p>Couleur: Phoque\/blanc<\/p>\n<p>N\u00e9e le: 16 F\u00e9vrier 2023<\/p>\n<p><strong>Voir son album photos <span style=\"color: #ff0000;\"><a style=\"color: #ff0000;\" href=\"http:\/\/www.nordiclightmals.com\/?page_id=18319\">ICI<\/a> <\/span><\/strong><\/p>\n<p><strong>Sant\u00e9:<\/strong><\/p>\n<p>Hanches: OFA: AM-15146E27F-C-VPI (Excellent)<\/p>\n<p>Coudes: OFA: AM-EL1884F27-C-VPI (Normal)<\/p>\n<p>Yeux: OFA: AM-EYE1200\/26F-VPI (Normal)<\/p>\n<p>ADN Polyneuropathie: N\/N (clair\/non porteur par ses parents)<\/p>\n<p>ADN test poil long: N\/N (clair\/non porteur par ses parents)<\/p>\n<p><img loading=\"lazy\" decoding=\"async\" class=\"aligncenter wp-image-19218 size-large\" src=\"http:\/\/www.nordiclightmals.com\/wp-content\/uploads\/2024\/01\/IMG_4196-1024x683.jpg\" alt=\"\" width=\"584\" height=\"390\" srcset=\"https:\/\/www.nordiclightmals.com\/wp-content\/uploads\/2024\/01\/IMG_4196-1024x683.jpg 1024w, https:\/\/www.nordiclightmals.com\/wp-content\/uploads\/2024\/01\/IMG_4196-300x200.jpg 300w, https:\/\/www.nordiclightmals.com\/wp-content\/uploads\/2024\/01\/IMG_4196-768x512.jpg 768w, https:\/\/www.nordiclightmals.com\/wp-content\/uploads\/2024\/01\/IMG_4196-1536x1024.jpg 1536w, https:\/\/www.nordiclightmals.com\/wp-content\/uploads\/2024\/01\/IMG_4196-2048x1365.jpg 2048w, https:\/\/www.nordiclightmals.com\/wp-content\/uploads\/2024\/01\/IMG_4196-450x300.jpg 450w\" sizes=\"auto, (max-width: 584px) 100vw, 584px\" \/><\/p>\n<p><strong>Pedigree:<\/strong><\/p>\n<table border=\"1\" cellspacing=\"0\" cellpadding=\"0\">\n<tbody>\n<tr>\n<td rowspan=\"4\" valign=\"top\" width=\"195\">\n<p align=\"center\">Biisaiyowaq Boomer for Nordiclight WLD WTD WLDA WTDA (SWE)<\/p>\n<p align=\"center\"><img loading=\"lazy\" decoding=\"async\" class=\"alignleft size-large wp-image-17565\" src=\"http:\/\/www.nordiclightmals.com\/wp-content\/uploads\/2022\/01\/IMG_5688-1024x683.jpg\" alt=\"\" width=\"584\" height=\"390\" srcset=\"https:\/\/www.nordiclightmals.com\/wp-content\/uploads\/2022\/01\/IMG_5688-1024x683.jpg 1024w, https:\/\/www.nordiclightmals.com\/wp-content\/uploads\/2022\/01\/IMG_5688-300x200.jpg 300w, https:\/\/www.nordiclightmals.com\/wp-content\/uploads\/2022\/01\/IMG_5688-768x512.jpg 768w, https:\/\/www.nordiclightmals.com\/wp-content\/uploads\/2022\/01\/IMG_5688-1536x1024.jpg 1536w, https:\/\/www.nordiclightmals.com\/wp-content\/uploads\/2022\/01\/IMG_5688-2048x1365.jpg 2048w, https:\/\/www.nordiclightmals.com\/wp-content\/uploads\/2022\/01\/IMG_5688-450x300.jpg 450w\" sizes=\"auto, (max-width: 584px) 100vw, 584px\" \/><\/p>\n<p align=\"center\">\n<\/td>\n<td rowspan=\"2\" valign=\"top\" width=\"195\">\n<p align=\"center\">Nordic Sled Dog&rsquo;s Mi Zagreus<\/p>\n<\/td>\n<td valign=\"top\" width=\"195\">\n<p align=\"center\">Yukon Trail Zipp<\/p>\n<\/td>\n<\/tr>\n<tr>\n<td valign=\"top\" width=\"195\">Nordic Sled Dog&rsquo;s St Alcor<\/td>\n<\/tr>\n<tr>\n<td style=\"text-align: center;\" rowspan=\"2\" valign=\"top\" width=\"195\">\n<h4><\/h4>\n<h4><\/h4>\n<p>Back to Work High Spirit Knotte<\/td>\n<td valign=\"top\" width=\"195\">\n<p align=\"center\"><span id=\"bodyContent_lblFarnamn\" class=\"datatext col-form-label\">Stens\u00e5sens Snow Dogs Ravn<\/span><\/p>\n<\/td>\n<\/tr>\n<tr>\n<td valign=\"top\" width=\"195\">\n<p align=\"center\">Back to Work Long Distance Gallop<\/p>\n<\/td>\n<\/tr>\n<tr>\n<td rowspan=\"4\" valign=\"top\" width=\"195\">\n<p align=\"center\">Nordiclight&rsquo;s Izzy WTD WTDA ROMWD<\/p>\n<p align=\"center\"><img loading=\"lazy\" decoding=\"async\" class=\"alignleft size-large wp-image-17883\" src=\"http:\/\/www.nordiclightmals.com\/wp-content\/uploads\/2022\/06\/IMG_6249-1024x683.jpg\" alt=\"\" width=\"584\" height=\"390\" srcset=\"https:\/\/www.nordiclightmals.com\/wp-content\/uploads\/2022\/06\/IMG_6249-1024x683.jpg 1024w, https:\/\/www.nordiclightmals.com\/wp-content\/uploads\/2022\/06\/IMG_6249-300x200.jpg 300w, https:\/\/www.nordiclightmals.com\/wp-content\/uploads\/2022\/06\/IMG_6249-768x512.jpg 768w, https:\/\/www.nordiclightmals.com\/wp-content\/uploads\/2022\/06\/IMG_6249-1536x1024.jpg 1536w, https:\/\/www.nordiclightmals.com\/wp-content\/uploads\/2022\/06\/IMG_6249-2048x1365.jpg 2048w, https:\/\/www.nordiclightmals.com\/wp-content\/uploads\/2022\/06\/IMG_6249-450x300.jpg 450w\" sizes=\"auto, (max-width: 584px) 100vw, 584px\" \/><\/p>\n<\/td>\n<td style=\"text-align: center;\" rowspan=\"2\" valign=\"top\" width=\"195\">\n<p style=\"text-align: center;\" align=\"center\"><span id=\"bodyContent_lblFarnamn\" class=\"datatext col-form-label\">\u00a0<\/span><\/p>\n<p>Nordiclight&rsquo;s Syd the Warrior WTD WTDA ROMWD<\/td>\n<td valign=\"top\" width=\"195\">\n<p align=\"center\">Malamute Mountain\u2019s Flake for Nordiclight WPD WLD WTD WLDA WTDA (GER)<\/p>\n<\/td>\n<\/tr>\n<tr>\n<td valign=\"top\" width=\"195\">\n<p style=\"text-align: center;\">Snow Creek Great Surprise Chilli WTD WTDA (DEN)<\/p>\n<\/td>\n<\/tr>\n<tr>\n<td rowspan=\"2\" valign=\"top\" width=\"195\">\n<p align=\"center\">Nordiclight\u2019s Salem WTD WTDA<\/p>\n<\/td>\n<td valign=\"top\" width=\"195\">\n<p align=\"center\">Y-Shadow of Indian Valley WPD WTD WTDA (GER)<\/p>\n<\/td>\n<\/tr>\n<tr>\n<td style=\"text-align: center;\" valign=\"top\" width=\"195\">Nordiclight\u2019s Spicy Ginger WPD WTD WTDA<\/td>\n<\/tr>\n<\/tbody>\n<\/table>\n","protected":false},"excerpt":{"rendered":"<p>Statut: Intacte, membre de l&rsquo;\u00e9quipe Poids: 66 lbs Couleur: Phoque\/blanc N\u00e9e le: 16 F\u00e9vrier 2023 Voir son album photos ICI Sant\u00e9: Hanches: OFA: AM-15146E27F-C-VPI (Excellent) Coudes: OFA: AM-EL1884F27-C-VPI (Normal) Yeux: OFA: AM-EYE1200\/26F-VPI (Normal) ADN Polyneuropathie: N\/N (clair\/non porteur par ses &hellip; <a href=\"https:\/\/www.nordiclightmals.com\/?page_id=18186\">Continuer la lecture <span class=\"meta-nav\"> \u00bb<\/span><\/a><\/p>\n","protected":false},"author":1,"featured_media":0,"parent":13637,"menu_order":35,"comment_status":"closed","ping_status":"closed","template":"","meta":{"footnotes":""},"class_list":["post-18186","page","type-page","status-publish","hentry"],"_links":{"self":[{"href":"https:\/\/www.nordiclightmals.com\/index.php?rest_route=\/wp\/v2\/pages\/18186","targetHints":{"allow":["GET"]}}],"collection":[{"href":"https:\/\/www.nordiclightmals.com\/index.php?rest_route=\/wp\/v2\/pages"}],"about":[{"href":"https:\/\/www.nordiclightmals.com\/index.php?rest_route=\/wp\/v2\/types\/page"}],"author":[{"embeddable":true,"href":"https:\/\/www.nordiclightmals.com\/index.php?rest_route=\/wp\/v2\/users\/1"}],"replies":[{"embeddable":true,"href":"https:\/\/www.nordiclightmals.com\/index.php?rest_route=%2Fwp%2Fv2%2Fcomments&post=18186"}],"version-history":[{"count":23,"href":"https:\/\/www.nordiclightmals.com\/index.php?rest_route=\/wp\/v2\/pages\/18186\/revisions"}],"predecessor-version":[{"id":19804,"href":"https:\/\/www.nordiclightmals.com\/index.php?rest_route=\/wp\/v2\/pages\/18186\/revisions\/19804"}],"up":[{"embeddable":true,"href":"https:\/\/www.nordiclightmals.com\/index.php?rest_route=\/wp\/v2\/pages\/13637"}],"wp:attachment":[{"href":"https:\/\/www.nordiclightmals.com\/index.php?rest_route=%2Fwp%2Fv2%2Fmedia&parent=18186"}],"curies":[{"name":"wp","href":"https:\/\/api.w.org\/{rel}","templated":true}]}}