{"id":1897,"date":"2013-01-15T03:20:40","date_gmt":"2013-01-15T02:20:40","guid":{"rendered":"http:\/\/www.nordiclightmals.com\/?page_id=1897"},"modified":"2024-02-05T01:30:28","modified_gmt":"2024-02-05T00:30:28","slug":"contactez-nous-contact-us","status":"publish","type":"page","link":"https:\/\/www.nordiclightmals.com\/?page_id=1897","title":{"rendered":"Contactez-nous \/ Contact us"},"content":{"rendered":"<p style=\"text-align: center;\"><img loading=\"lazy\" decoding=\"async\" class=\"aligncenter wp-image-19356 size-large\" title=\"Yoko &amp; Zipp\" src=\"http:\/\/www.nordiclightmals.com\/wp-content\/uploads\/2024\/02\/Snap-howl-1024x755.jpg\" alt=\"\" width=\"584\" height=\"431\" srcset=\"https:\/\/www.nordiclightmals.com\/wp-content\/uploads\/2024\/02\/Snap-howl-1024x755.jpg 1024w, https:\/\/www.nordiclightmals.com\/wp-content\/uploads\/2024\/02\/Snap-howl-300x221.jpg 300w, https:\/\/www.nordiclightmals.com\/wp-content\/uploads\/2024\/02\/Snap-howl-768x566.jpg 768w, https:\/\/www.nordiclightmals.com\/wp-content\/uploads\/2024\/02\/Snap-howl-1536x1132.jpg 1536w, https:\/\/www.nordiclightmals.com\/wp-content\/uploads\/2024\/02\/Snap-howl-2048x1510.jpg 2048w, https:\/\/www.nordiclightmals.com\/wp-content\/uploads\/2024\/02\/Snap-howl-407x300.jpg 407w\" sizes=\"auto, (max-width: 584px) 100vw, 584px\" \/>Nathalie Roy &amp; Pierre Thibault<\/p>\n<p style=\"text-align: center;\">St-Amable, Qu\u00e9bec, Canada<\/p>\n<p style=\"text-align: center;\"><strong><span style=\"color: #ff0000;\">** the english will follow the french part<\/span><\/strong><\/p>\n<p style=\"text-align: center;\"><img loading=\"lazy\" decoding=\"async\" class=\"aligncenter size-large wp-image-19018\" src=\"http:\/\/www.nordiclightmals.com\/wp-content\/uploads\/2023\/07\/Izzy-puppies-1024x744.jpg\" alt=\"\" width=\"584\" height=\"424\" srcset=\"https:\/\/www.nordiclightmals.com\/wp-content\/uploads\/2023\/07\/Izzy-puppies-1024x744.jpg 1024w, https:\/\/www.nordiclightmals.com\/wp-content\/uploads\/2023\/07\/Izzy-puppies-300x218.jpg 300w, https:\/\/www.nordiclightmals.com\/wp-content\/uploads\/2023\/07\/Izzy-puppies-768x558.jpg 768w, https:\/\/www.nordiclightmals.com\/wp-content\/uploads\/2023\/07\/Izzy-puppies-1536x1116.jpg 1536w, https:\/\/www.nordiclightmals.com\/wp-content\/uploads\/2023\/07\/Izzy-puppies-413x300.jpg 413w, https:\/\/www.nordiclightmals.com\/wp-content\/uploads\/2023\/07\/Izzy-puppies.jpg 2048w\" sizes=\"auto, (max-width: 584px) 100vw, 584px\" \/><\/p>\n<p style=\"text-align: center;\">\u00a0<\/p>\n<p style=\"text-align: center;\"><strong>Si l&rsquo;un de nos chiots vous int\u00e9resse s\u00e9rieusement, s.v.p. veuillez vous pr\u00e9senter avant tout en nous \u00e9crivant soit par courriel\u00a0<span style=\"color: #ff0000;\"><strong><a href=\"mailto:nordiclightmals@gmail.com\"><span style=\"color: #ff0000;\">nordiclightmals@gmail.com<\/span><\/a><\/strong><\/span> ou par messagerie priv\u00e9 via notre page Facebook en nous parlant de vous, votre famille, votre maison-terrain-cl\u00f4ture, o\u00f9 vous demeurez, votre travail, vos animaux actuels (si vous en avez), vos activit\u00e9s de plein air et tout ce que vous pouvez nous apprendre sur vous et votre style de vie qui nous d\u00e9montrera que vous pourriez \u00eatre une famille parfaite pour l&rsquo;un de nos Malamutes. Nous aimerions \u00e9galement recevoir des photos de vous, votre maison et le terrain sous diff\u00e9rents angles. Par la suite, si vos installations et votre style de vie conviennent aux besoins de nos chiens, nous pourrons discuter plus longuement en personne, vous montrer les certifications en sant\u00e9 des reproducteurs et vous pr\u00e9senter la meute et les futurs parents.<\/strong><\/p>\n<p style=\"text-align: center;\"><strong>*** Si vous souhaitez continuer la discution par t\u00e9l\u00e9phone avant la rencontre (une fois que nous conviendrons que vous pourriez \u00eatre une famille parfaite pour l&rsquo;un de nos chiens), il me fera plaisir de fixer un moment qui conviendra \u00e0 chacun de nous pour que nous puissions nous rejoindre et discuter plus longuement.<\/strong><\/p>\n<p style=\"text-align: center;\"><span style=\"color: #ff0000;\"><strong>*** Veuillez noter que je r\u00e9pondrai SEULEMENT aux messages complets et non aux messages de quelques lignes qui ne m&rsquo;apprennent rien sur vous. Ce premier contact compte beaucoup dans la s\u00e9lection des familles que nous approuvons pour nos chiots.<br \/><\/strong><\/span><\/p>\n<p style=\"text-align: center;\"><strong>*** Visite de l&rsquo;\u00e9levage sur rendez-vous seulement<\/strong><\/p>\n<p style=\"text-align: center;\"><span style=\"color: #ff0000;\"><strong>** Les familles qui vivent en appartement ne seront pas approuv\u00e9es. **<\/strong><\/span><\/p>\n<p style=\"text-align: center;\">_________________________________________________________________________<\/p>\n<div dir=\"ltr\" style=\"text-align: center;\">\n<p><strong>If you are seriously interested in one of our puppies, please write us by email <span style=\"color: #ff0000;\"><strong><strong><a href=\"mailto:nordiclightmals@gmail.com\"><span style=\"color: #ff0000;\">nordiclightmals@gmail.com<\/span><\/a><\/strong> <\/strong><\/span>or private message on Facebook talking to us about you, your family, your home-backyard-fence, where you live, your job, your current pets (if you have), your outdoor activities and all what you can tell us about you for show us that you could be a perfect family for a one of our Malamutes. If your house-yard and your lifestyle fit the needs of our dogs, then we could discuss this further and meet you for present to you our dogs, the future parents and show you their health certificates.<\/strong><\/p>\n<div dir=\"ltr\" style=\"text-align: center;\">\u00a0<\/div>\n<div dir=\"ltr\" style=\"text-align: center;\">\n<p><strong>**** Please note that I can easily read and write english (not perfect) and I can \u00a0\u00bbspeak\u00a0\u00bb, but my main problem is to understand, I succeed when we meet in person, but it is more difficult for a phone conversation, so for english, I will be please to answer to you by e-mail or Facebook only. Thanks for your understanding.<\/strong><\/p>\n<div dir=\"ltr\" style=\"text-align: center;\">\u00a0<\/div>\n<div dir=\"ltr\" style=\"text-align: center;\"><strong><span style=\"color: #ff0000;\">*** Please, note that I will answer ONLY to complete messages, I will not reply to messages of only few lines that learn me nothing about you. This first contact counts a lot in the selection of families that we approve for our puppi<\/span><span style=\"color: #ff0000;\">es.<\/span><\/strong><\/div>\n<div dir=\"ltr\" style=\"text-align: center;\">\u00a0<\/div>\n<div dir=\"ltr\" style=\"text-align: center;\">\u00a0<\/div>\n<div dir=\"ltr\" style=\"text-align: center;\">\n<p><strong>*** Visit of the kennel only on appointment.<\/strong><\/p>\n<\/div>\n<p><span style=\"color: #ff0000;\"><strong>** Families living in apartments will not be approved. **<\/strong><\/span><\/p>\n<p><img loading=\"lazy\" decoding=\"async\" class=\"aligncenter size-large wp-image-19181\" src=\"http:\/\/www.nordiclightmals.com\/wp-content\/uploads\/2024\/01\/IMG_5596-2-1024x674.jpg\" alt=\"\" width=\"584\" height=\"384\" srcset=\"https:\/\/www.nordiclightmals.com\/wp-content\/uploads\/2024\/01\/IMG_5596-2-1024x674.jpg 1024w, https:\/\/www.nordiclightmals.com\/wp-content\/uploads\/2024\/01\/IMG_5596-2-300x197.jpg 300w, https:\/\/www.nordiclightmals.com\/wp-content\/uploads\/2024\/01\/IMG_5596-2-768x505.jpg 768w, https:\/\/www.nordiclightmals.com\/wp-content\/uploads\/2024\/01\/IMG_5596-2-1536x1011.jpg 1536w, https:\/\/www.nordiclightmals.com\/wp-content\/uploads\/2024\/01\/IMG_5596-2-456x300.jpg 456w, https:\/\/www.nordiclightmals.com\/wp-content\/uploads\/2024\/01\/IMG_5596-2.jpg 1764w\" sizes=\"auto, (max-width: 584px) 100vw, 584px\" \/><img loading=\"lazy\" decoding=\"async\" class=\"aligncenter size-large wp-image-19355\" src=\"http:\/\/www.nordiclightmals.com\/wp-content\/uploads\/2024\/02\/IMG_7180-1024x683.jpg\" alt=\"\" width=\"584\" height=\"390\" srcset=\"https:\/\/www.nordiclightmals.com\/wp-content\/uploads\/2024\/02\/IMG_7180-1024x683.jpg 1024w, https:\/\/www.nordiclightmals.com\/wp-content\/uploads\/2024\/02\/IMG_7180-300x200.jpg 300w, https:\/\/www.nordiclightmals.com\/wp-content\/uploads\/2024\/02\/IMG_7180-768x512.jpg 768w, https:\/\/www.nordiclightmals.com\/wp-content\/uploads\/2024\/02\/IMG_7180-1536x1024.jpg 1536w, https:\/\/www.nordiclightmals.com\/wp-content\/uploads\/2024\/02\/IMG_7180-2048x1365.jpg 2048w, https:\/\/www.nordiclightmals.com\/wp-content\/uploads\/2024\/02\/IMG_7180-450x300.jpg 450w\" sizes=\"auto, (max-width: 584px) 100vw, 584px\" \/><img loading=\"lazy\" decoding=\"async\" class=\"aligncenter size-large wp-image-19319\" src=\"http:\/\/www.nordiclightmals.com\/wp-content\/uploads\/2024\/02\/IMG_5659-2-1024x671.jpg\" alt=\"\" width=\"584\" height=\"383\" srcset=\"https:\/\/www.nordiclightmals.com\/wp-content\/uploads\/2024\/02\/IMG_5659-2-1024x671.jpg 1024w, https:\/\/www.nordiclightmals.com\/wp-content\/uploads\/2024\/02\/IMG_5659-2-300x197.jpg 300w, https:\/\/www.nordiclightmals.com\/wp-content\/uploads\/2024\/02\/IMG_5659-2-768x503.jpg 768w, https:\/\/www.nordiclightmals.com\/wp-content\/uploads\/2024\/02\/IMG_5659-2-1536x1007.jpg 1536w, https:\/\/www.nordiclightmals.com\/wp-content\/uploads\/2024\/02\/IMG_5659-2-2048x1342.jpg 2048w, https:\/\/www.nordiclightmals.com\/wp-content\/uploads\/2024\/02\/IMG_5659-2-458x300.jpg 458w\" sizes=\"auto, (max-width: 584px) 100vw, 584px\" \/><img loading=\"lazy\" decoding=\"async\" class=\"aligncenter size-large wp-image-19168\" src=\"http:\/\/www.nordiclightmals.com\/wp-content\/uploads\/2024\/01\/IMG_2948-2-1024x664.jpg\" alt=\"\" width=\"584\" height=\"379\" srcset=\"https:\/\/www.nordiclightmals.com\/wp-content\/uploads\/2024\/01\/IMG_2948-2-1024x664.jpg 1024w, https:\/\/www.nordiclightmals.com\/wp-content\/uploads\/2024\/01\/IMG_2948-2-300x194.jpg 300w, https:\/\/www.nordiclightmals.com\/wp-content\/uploads\/2024\/01\/IMG_2948-2-768x498.jpg 768w, https:\/\/www.nordiclightmals.com\/wp-content\/uploads\/2024\/01\/IMG_2948-2-1536x996.jpg 1536w, https:\/\/www.nordiclightmals.com\/wp-content\/uploads\/2024\/01\/IMG_2948-2-2048x1327.jpg 2048w, https:\/\/www.nordiclightmals.com\/wp-content\/uploads\/2024\/01\/IMG_2948-2-463x300.jpg 463w\" sizes=\"auto, (max-width: 584px) 100vw, 584px\" \/><\/p>\n<p style=\"text-align: center;\"><img loading=\"lazy\" decoding=\"async\" class=\"aligncenter wp-image-19352 size-full\" src=\"http:\/\/www.nordiclightmals.com\/wp-content\/uploads\/2024\/02\/cropped-IMG_6464-Copie.jpg\" alt=\"\" width=\"1000\" height=\"646\" srcset=\"https:\/\/www.nordiclightmals.com\/wp-content\/uploads\/2024\/02\/cropped-IMG_6464-Copie.jpg 1000w, https:\/\/www.nordiclightmals.com\/wp-content\/uploads\/2024\/02\/cropped-IMG_6464-Copie-300x194.jpg 300w, https:\/\/www.nordiclightmals.com\/wp-content\/uploads\/2024\/02\/cropped-IMG_6464-Copie-768x496.jpg 768w, https:\/\/www.nordiclightmals.com\/wp-content\/uploads\/2024\/02\/cropped-IMG_6464-Copie-464x300.jpg 464w\" sizes=\"auto, (max-width: 1000px) 100vw, 1000px\" \/><\/p>\n<\/div>\n<\/div>\n\n\n<p><\/p>\n\n\n\n<p><\/p>\n","protected":false},"excerpt":{"rendered":"<p>Nathalie Roy &amp; Pierre Thibault St-Amable, Qu\u00e9bec, Canada ** the english will follow the french part \u00a0 Si l&rsquo;un de nos chiots vous int\u00e9resse s\u00e9rieusement, s.v.p. veuillez vous pr\u00e9senter avant tout en nous \u00e9crivant soit par courriel\u00a0nordiclightmals@gmail.com ou par messagerie &hellip; <a href=\"https:\/\/www.nordiclightmals.com\/?page_id=1897\">Continuer la lecture <span class=\"meta-nav\"> \u00bb<\/span><\/a><\/p>\n","protected":false},"author":1,"featured_media":0,"parent":0,"menu_order":10,"comment_status":"open","ping_status":"open","template":"","meta":{"footnotes":""},"class_list":["post-1897","page","type-page","status-publish","hentry"],"_links":{"self":[{"href":"https:\/\/www.nordiclightmals.com\/index.php?rest_route=\/wp\/v2\/pages\/1897","targetHints":{"allow":["GET"]}}],"collection":[{"href":"https:\/\/www.nordiclightmals.com\/index.php?rest_route=\/wp\/v2\/pages"}],"about":[{"href":"https:\/\/www.nordiclightmals.com\/index.php?rest_route=\/wp\/v2\/types\/page"}],"author":[{"embeddable":true,"href":"https:\/\/www.nordiclightmals.com\/index.php?rest_route=\/wp\/v2\/users\/1"}],"replies":[{"embeddable":true,"href":"https:\/\/www.nordiclightmals.com\/index.php?rest_route=%2Fwp%2Fv2%2Fcomments&post=1897"}],"version-history":[{"count":46,"href":"https:\/\/www.nordiclightmals.com\/index.php?rest_route=\/wp\/v2\/pages\/1897\/revisions"}],"predecessor-version":[{"id":19359,"href":"https:\/\/www.nordiclightmals.com\/index.php?rest_route=\/wp\/v2\/pages\/1897\/revisions\/19359"}],"wp:attachment":[{"href":"https:\/\/www.nordiclightmals.com\/index.php?rest_route=%2Fwp%2Fv2%2Fmedia&parent=1897"}],"curies":[{"name":"wp","href":"https:\/\/api.w.org\/{rel}","templated":true}]}}