{"id":19475,"date":"2024-07-24T02:37:48","date_gmt":"2024-07-24T01:37:48","guid":{"rendered":"http:\/\/www.nordiclightmals.com\/?page_id=19475"},"modified":"2026-02-15T17:00:23","modified_gmt":"2026-02-15T16:00:23","slug":"tattoo-nordiclights-black-ink-tattoo","status":"publish","type":"page","link":"https:\/\/www.nordiclightmals.com\/?page_id=19475","title":{"rendered":"TATTOO&#8230; Nordiclight&rsquo;s Black Ink Tattoo WTD (espoir du futur)"},"content":{"rendered":"<p><img loading=\"lazy\" decoding=\"async\" class=\"aligncenter wp-image-19672 size-large\" src=\"http:\/\/www.nordiclightmals.com\/wp-content\/uploads\/2025\/03\/Tattoo-1-1024x682.jpg\" alt=\"\" width=\"584\" height=\"389\" srcset=\"https:\/\/www.nordiclightmals.com\/wp-content\/uploads\/2025\/03\/Tattoo-1-1024x682.jpg 1024w, https:\/\/www.nordiclightmals.com\/wp-content\/uploads\/2025\/03\/Tattoo-1-300x200.jpg 300w, https:\/\/www.nordiclightmals.com\/wp-content\/uploads\/2025\/03\/Tattoo-1-768x511.jpg 768w, https:\/\/www.nordiclightmals.com\/wp-content\/uploads\/2025\/03\/Tattoo-1-1536x1022.jpg 1536w, https:\/\/www.nordiclightmals.com\/wp-content\/uploads\/2025\/03\/Tattoo-1-451x300.jpg 451w, https:\/\/www.nordiclightmals.com\/wp-content\/uploads\/2025\/03\/Tattoo-1.jpg 2048w\" sizes=\"auto, (max-width: 584px) 100vw, 584px\" \/><\/p>\n<p>Statut: Intacte, espoir du futur<\/p>\n<p>Poids: \u00c0 venir<\/p>\n<p>Couleur: Noir\/blanc (Agouti-noir)<\/p>\n<p>N\u00e9e le: 26 Mai 2024<\/p>\n<p><strong>Voir son album photos <span style=\"color: #ff0000;\">ICI <\/span><\/strong><\/p>\n<p><strong>Sant\u00e9:<\/strong><\/p>\n<p>Hanches: OFA: \u00c0 venir<\/p>\n<p>Coudes: OFA: \u00c0 venir<\/p>\n<p>Yeux: OFA: \u00c0 venir<\/p>\n<p>ADN Polyneuropathie: N\/N (clair\/non porteur par ses parents)<\/p>\n<p>ADN test poil long: N\/N (clair\/non porteur par ses parents)<\/p>\n<p>&nbsp;<\/p>\n<p><strong>Pedigree:<\/strong><\/p>\n<table border=\"1\" cellspacing=\"0\" cellpadding=\"0\">\n<tbody>\n<tr>\n<td rowspan=\"4\" valign=\"top\" width=\"195\">\n<p align=\"center\">Nordiclight&rsquo;s Iroquois WTD WTDA<\/p>\n<p align=\"center\"><img loading=\"lazy\" decoding=\"async\" class=\"aligncenter wp-image-19372 size-full\" src=\"http:\/\/www.nordiclightmals.com\/wp-content\/uploads\/2024\/03\/Iro.jpg\" alt=\"\" width=\"768\" height=\"541\" srcset=\"https:\/\/www.nordiclightmals.com\/wp-content\/uploads\/2024\/03\/Iro.jpg 768w, https:\/\/www.nordiclightmals.com\/wp-content\/uploads\/2024\/03\/Iro-300x211.jpg 300w, https:\/\/www.nordiclightmals.com\/wp-content\/uploads\/2024\/03\/Iro-426x300.jpg 426w\" sizes=\"auto, (max-width: 768px) 100vw, 768px\" \/><\/p>\n<p align=\"center\">\n<\/td>\n<td rowspan=\"2\" valign=\"top\" width=\"195\">\n<p align=\"center\">Nordiclight&rsquo;s Mad Joker WTD WTDA<\/p>\n<\/td>\n<td valign=\"top\" width=\"195\">\n<p style=\"text-align: center;\" align=\"center\">Nordiclight&rsquo;s Black VooDoo WPD WTD WTDA ROMWD<\/p>\n<\/td>\n<\/tr>\n<tr>\n<td valign=\"top\" width=\"195\">\n<p style=\"text-align: center;\">Cheyenne Nordiclight des Rives du Haut Verdon WPD (FR)<\/p>\n<\/td>\n<\/tr>\n<tr>\n<td style=\"text-align: center;\" rowspan=\"2\" valign=\"top\" width=\"195\">\n<h4><\/h4>\n<h4><\/h4>\n<p>&nbsp;<\/p>\n<p>Nordiclight\u2019s Meg WTD WTDA<\/td>\n<td valign=\"top\" width=\"195\">\n<p style=\"text-align: center;\">Snow Creek Frost-Ice Demon WTD WTDA ROMWD (DEN)<span id=\"bodyContent_lblFarnamn\" class=\"datatext col-form-label\"><\/span><\/p>\n<\/td>\n<\/tr>\n<tr>\n<td valign=\"top\" width=\"195\">\n<p style=\"text-align: center;\">Yoko Nordiclight of Indian Valley WPD WTD WTDA ROMWD ROMWDA (GER)<\/p>\n<\/td>\n<\/tr>\n<tr>\n<td rowspan=\"4\" valign=\"top\" width=\"195\">\n<p align=\"center\">Nordiclight&rsquo;s Izzy WTD WTDA ROMWD<\/p>\n<p align=\"center\"><img loading=\"lazy\" decoding=\"async\" class=\"alignleft size-large wp-image-17883\" src=\"http:\/\/www.nordiclightmals.com\/wp-content\/uploads\/2022\/06\/IMG_6249-1024x683.jpg\" alt=\"\" width=\"584\" height=\"390\" srcset=\"https:\/\/www.nordiclightmals.com\/wp-content\/uploads\/2022\/06\/IMG_6249-1024x683.jpg 1024w, https:\/\/www.nordiclightmals.com\/wp-content\/uploads\/2022\/06\/IMG_6249-300x200.jpg 300w, https:\/\/www.nordiclightmals.com\/wp-content\/uploads\/2022\/06\/IMG_6249-768x512.jpg 768w, https:\/\/www.nordiclightmals.com\/wp-content\/uploads\/2022\/06\/IMG_6249-1536x1024.jpg 1536w, https:\/\/www.nordiclightmals.com\/wp-content\/uploads\/2022\/06\/IMG_6249-2048x1365.jpg 2048w, https:\/\/www.nordiclightmals.com\/wp-content\/uploads\/2022\/06\/IMG_6249-450x300.jpg 450w\" sizes=\"auto, (max-width: 584px) 100vw, 584px\" \/><\/p>\n<\/td>\n<td style=\"text-align: center;\" rowspan=\"2\" valign=\"top\" width=\"195\">\n<p style=\"text-align: center;\" align=\"center\"><span id=\"bodyContent_lblFarnamn\" class=\"datatext col-form-label\">\u00a0<\/span><\/p>\n<p>Nordiclight&rsquo;s Syd the Warrior WTD WTDA ROMWD<\/td>\n<td valign=\"top\" width=\"195\">\n<p align=\"center\">Malamute Mountain\u2019s Flake for Nordiclight WPD WLD WTD WLDA WTDA (GER)<\/p>\n<\/td>\n<\/tr>\n<tr>\n<td valign=\"top\" width=\"195\">\n<p style=\"text-align: center;\">Snow Creek Great Surprise Chilli WTD WTDA (DEN)<\/p>\n<\/td>\n<\/tr>\n<tr>\n<td rowspan=\"2\" valign=\"top\" width=\"195\">\n<p align=\"center\">Nordiclight\u2019s Salem WTD WTDA<\/p>\n<\/td>\n<td valign=\"top\" width=\"195\">\n<p align=\"center\">Y-Shadow of Indian Valley WPD WTD WTDA (GER)<\/p>\n<\/td>\n<\/tr>\n<tr>\n<td style=\"text-align: center;\" valign=\"top\" width=\"195\">Nordiclight\u2019s Spicy Ginger WPD WTD WTDA<\/td>\n<\/tr>\n<\/tbody>\n<\/table>\n","protected":false},"excerpt":{"rendered":"<p>Statut: Intacte, espoir du futur Poids: \u00c0 venir Couleur: Noir\/blanc (Agouti-noir) N\u00e9e le: 26 Mai 2024 Voir son album photos ICI Sant\u00e9: Hanches: OFA: \u00c0 venir Coudes: OFA: \u00c0 venir Yeux: OFA: \u00c0 venir ADN Polyneuropathie: N\/N (clair\/non porteur par &hellip; <a href=\"https:\/\/www.nordiclightmals.com\/?page_id=19475\">Continuer la lecture <span class=\"meta-nav\"> \u00bb<\/span><\/a><\/p>\n","protected":false},"author":1,"featured_media":0,"parent":13637,"menu_order":45,"comment_status":"closed","ping_status":"closed","template":"","meta":{"footnotes":""},"class_list":["post-19475","page","type-page","status-publish","hentry"],"_links":{"self":[{"href":"https:\/\/www.nordiclightmals.com\/index.php?rest_route=\/wp\/v2\/pages\/19475","targetHints":{"allow":["GET"]}}],"collection":[{"href":"https:\/\/www.nordiclightmals.com\/index.php?rest_route=\/wp\/v2\/pages"}],"about":[{"href":"https:\/\/www.nordiclightmals.com\/index.php?rest_route=\/wp\/v2\/types\/page"}],"author":[{"embeddable":true,"href":"https:\/\/www.nordiclightmals.com\/index.php?rest_route=\/wp\/v2\/users\/1"}],"replies":[{"embeddable":true,"href":"https:\/\/www.nordiclightmals.com\/index.php?rest_route=%2Fwp%2Fv2%2Fcomments&post=19475"}],"version-history":[{"count":7,"href":"https:\/\/www.nordiclightmals.com\/index.php?rest_route=\/wp\/v2\/pages\/19475\/revisions"}],"predecessor-version":[{"id":19795,"href":"https:\/\/www.nordiclightmals.com\/index.php?rest_route=\/wp\/v2\/pages\/19475\/revisions\/19795"}],"up":[{"embeddable":true,"href":"https:\/\/www.nordiclightmals.com\/index.php?rest_route=\/wp\/v2\/pages\/13637"}],"wp:attachment":[{"href":"https:\/\/www.nordiclightmals.com\/index.php?rest_route=%2Fwp%2Fv2%2Fmedia&parent=19475"}],"curies":[{"name":"wp","href":"https:\/\/api.w.org\/{rel}","templated":true}]}}