{"id":19861,"date":"2026-04-22T01:13:00","date_gmt":"2026-04-22T00:13:00","guid":{"rendered":"https:\/\/www.nordiclightmals.com\/?page_id=19861"},"modified":"2026-04-22T01:13:00","modified_gmt":"2026-04-22T00:13:00","slug":"zigg-nordiclights-amazing-zigg-espoir-du-futur","status":"publish","type":"page","link":"https:\/\/www.nordiclightmals.com\/?page_id=19861","title":{"rendered":"ZIGG&#8230; Nordiclight&rsquo;s Amazing Zigg (espoir du futur)"},"content":{"rendered":"<p><img loading=\"lazy\" decoding=\"async\" class=\"aligncenter size-large wp-image-19895\" src=\"http:\/\/www.nordiclightmals.com\/wp-content\/uploads\/2026\/04\/table-Zigg-1024x687.jpg\" alt=\"\" width=\"584\" height=\"392\" srcset=\"https:\/\/www.nordiclightmals.com\/wp-content\/uploads\/2026\/04\/table-Zigg-1024x687.jpg 1024w, https:\/\/www.nordiclightmals.com\/wp-content\/uploads\/2026\/04\/table-Zigg-300x201.jpg 300w, https:\/\/www.nordiclightmals.com\/wp-content\/uploads\/2026\/04\/table-Zigg-768x515.jpg 768w, https:\/\/www.nordiclightmals.com\/wp-content\/uploads\/2026\/04\/table-Zigg-1536x1030.jpg 1536w, https:\/\/www.nordiclightmals.com\/wp-content\/uploads\/2026\/04\/table-Zigg-2048x1373.jpg 2048w, https:\/\/www.nordiclightmals.com\/wp-content\/uploads\/2026\/04\/table-Zigg-447x300.jpg 447w\" sizes=\"auto, (max-width: 584px) 100vw, 584px\" \/><\/p>\n<p>Statut: Intacte, espoir du futur<\/p>\n<p>Poids: \u00e0 venir<\/p>\n<p>Couleur: Agouti-noir<\/p>\n<p>N\u00e9e le: 04 Mars 2026<\/p>\n<p><strong>Voir son album photos <span style=\"color: #ff0000;\">ICI <\/span><\/strong><\/p>\n<p><strong>Sant\u00e9:<\/strong><\/p>\n<p>Hanches: OFA: \u00e0 venir<\/p>\n<p>Coudes: OFA: \u00e0 venir<\/p>\n<p>Yeux: OFA: \u00e0 venir<\/p>\n<p>ADN Polyneuropathie: N\/N (clair\/non porteur par ses parents)<\/p>\n<p>ADN test poil long: N\/N (clair\/non porteur par ses parents)<\/p>\n<p><img loading=\"lazy\" decoding=\"async\" class=\"aligncenter size-large wp-image-19897\" src=\"http:\/\/www.nordiclightmals.com\/wp-content\/uploads\/2026\/04\/IMG_4290-1024x683.jpg\" alt=\"\" width=\"584\" height=\"390\" srcset=\"https:\/\/www.nordiclightmals.com\/wp-content\/uploads\/2026\/04\/IMG_4290-1024x683.jpg 1024w, https:\/\/www.nordiclightmals.com\/wp-content\/uploads\/2026\/04\/IMG_4290-300x200.jpg 300w, https:\/\/www.nordiclightmals.com\/wp-content\/uploads\/2026\/04\/IMG_4290-768x512.jpg 768w, https:\/\/www.nordiclightmals.com\/wp-content\/uploads\/2026\/04\/IMG_4290-1536x1024.jpg 1536w, https:\/\/www.nordiclightmals.com\/wp-content\/uploads\/2026\/04\/IMG_4290-2048x1365.jpg 2048w, https:\/\/www.nordiclightmals.com\/wp-content\/uploads\/2026\/04\/IMG_4290-450x300.jpg 450w\" sizes=\"auto, (max-width: 584px) 100vw, 584px\" \/><\/p>\n<p><strong>Pedigree:<\/strong><\/p>\n<table border=\"1\" cellspacing=\"0\" cellpadding=\"0\">\n<tbody>\n<tr>\n<td rowspan=\"4\" valign=\"top\" width=\"195\">\n<p align=\"center\">Biisaiyowaq Boomer for Nordiclight WLD WTD WLDA WTDA (SWE)<\/p>\n<p align=\"center\"><img loading=\"lazy\" decoding=\"async\" class=\"aligncenter wp-image-19250 size-large\" src=\"http:\/\/www.nordiclightmals.com\/wp-content\/uploads\/2024\/02\/Boomer2-1024x847.jpg\" alt=\"\" width=\"584\" height=\"483\" srcset=\"https:\/\/www.nordiclightmals.com\/wp-content\/uploads\/2024\/02\/Boomer2-1024x847.jpg 1024w, https:\/\/www.nordiclightmals.com\/wp-content\/uploads\/2024\/02\/Boomer2-300x248.jpg 300w, https:\/\/www.nordiclightmals.com\/wp-content\/uploads\/2024\/02\/Boomer2-768x635.jpg 768w, https:\/\/www.nordiclightmals.com\/wp-content\/uploads\/2024\/02\/Boomer2-1536x1270.jpg 1536w, https:\/\/www.nordiclightmals.com\/wp-content\/uploads\/2024\/02\/Boomer2-2048x1693.jpg 2048w, https:\/\/www.nordiclightmals.com\/wp-content\/uploads\/2024\/02\/Boomer2-363x300.jpg 363w\" sizes=\"auto, (max-width: 584px) 100vw, 584px\" \/><\/p>\n<p align=\"center\">\u00a0<\/p>\n<\/td>\n<td rowspan=\"2\" valign=\"top\" width=\"195\">\n<p align=\"center\">Nordic Sled Dog&rsquo;s Mi Zagreus<\/p>\n<\/td>\n<td valign=\"top\" width=\"195\">\n<p align=\"center\">Yukon Trail Zipp<\/p>\n<\/td>\n<\/tr>\n<tr>\n<td valign=\"top\" width=\"195\">Nordic Sled Dog&rsquo;s St Alcor<\/td>\n<\/tr>\n<tr>\n<td style=\"text-align: center;\" rowspan=\"2\" valign=\"top\" width=\"195\">\n<h4>\u00a0<\/h4>\n<h4>\u00a0<\/h4>\n<p>Back to Work High Spirit Knotte<\/p>\n<\/td>\n<td valign=\"top\" width=\"195\">\n<p align=\"center\"><span id=\"bodyContent_lblFarnamn\" class=\"datatext col-form-label\">Stens\u00e5sens Snow Dogs Ravn<\/span><\/p>\n<\/td>\n<\/tr>\n<tr>\n<td valign=\"top\" width=\"195\">\n<p align=\"center\">Back to Work Long Distance Gallop<\/p>\n<\/td>\n<\/tr>\n<tr>\n<td rowspan=\"4\" valign=\"top\" width=\"195\">\n<p align=\"center\">Nordiclight&rsquo;s Miss Darcy WTD WTDA<\/p>\n<p align=\"center\"><img loading=\"lazy\" decoding=\"async\" class=\"aligncenter wp-image-18623 size-large\" src=\"http:\/\/www.nordiclightmals.com\/wp-content\/uploads\/2023\/06\/IMG_7825-1-1024x745.jpg\" alt=\"\" width=\"584\" height=\"425\" srcset=\"https:\/\/www.nordiclightmals.com\/wp-content\/uploads\/2023\/06\/IMG_7825-1-1024x745.jpg 1024w, https:\/\/www.nordiclightmals.com\/wp-content\/uploads\/2023\/06\/IMG_7825-1-300x218.jpg 300w, https:\/\/www.nordiclightmals.com\/wp-content\/uploads\/2023\/06\/IMG_7825-1-768x559.jpg 768w, https:\/\/www.nordiclightmals.com\/wp-content\/uploads\/2023\/06\/IMG_7825-1-1536x1118.jpg 1536w, https:\/\/www.nordiclightmals.com\/wp-content\/uploads\/2023\/06\/IMG_7825-1-2048x1490.jpg 2048w, https:\/\/www.nordiclightmals.com\/wp-content\/uploads\/2023\/06\/IMG_7825-1-412x300.jpg 412w\" sizes=\"auto, (max-width: 584px) 100vw, 584px\" \/><\/p>\n<\/td>\n<td style=\"text-align: center;\" rowspan=\"2\" valign=\"top\" width=\"195\">\n<p style=\"text-align: center;\" align=\"center\"><span id=\"bodyContent_lblFarnamn\" class=\"datatext col-form-label\">\u00a0<\/span><\/p>\n<p>Nordiclight&rsquo;s Syd the Warrior WTD WTDA ROMWD<\/p>\n<\/td>\n<td valign=\"top\" width=\"195\">\n<p align=\"center\">Malamute Mountain\u2019s Flake for Nordiclight WPD WLD WTD WLDA WTDA (GER)<\/p>\n<\/td>\n<\/tr>\n<tr>\n<td valign=\"top\" width=\"195\">\n<p style=\"text-align: center;\">Snow Creek Great Surprise Chilli WTD WTDA (DEN)<\/p>\n<\/td>\n<\/tr>\n<tr>\n<td rowspan=\"2\" valign=\"top\" width=\"195\">\n<p align=\"center\">Nordiclight\u2019s Jett WTD ROMWD<\/p>\n<\/td>\n<td valign=\"top\" width=\"195\">\n<p align=\"center\">Snow Creek Frost-Ice Demon WTD WTDA ROMWD (DEN)<\/p>\n<\/td>\n<\/tr>\n<tr>\n<td style=\"text-align: center;\" valign=\"top\" width=\"195\">Nordiclight\u2019s Zipp WTD WTDA<\/td>\n<\/tr>\n<\/tbody>\n<\/table>\n\n\n<details class=\"wp-block-details is-layout-flow wp-block-details-is-layout-flow\"><summary><\/summary>\n<p><\/p>\n<\/details>\n","protected":false},"excerpt":{"rendered":"<p>Statut: Intacte, espoir du futur Poids: \u00e0 venir Couleur: Agouti-noir N\u00e9e le: 04 Mars 2026 Voir son album photos ICI Sant\u00e9: Hanches: OFA: \u00e0 venir Coudes: OFA: \u00e0 venir Yeux: OFA: \u00e0 venir ADN Polyneuropathie: N\/N (clair\/non porteur par ses &hellip; <a href=\"https:\/\/www.nordiclightmals.com\/?page_id=19861\">Continuer la lecture <span class=\"meta-nav\"> \u00bb<\/span><\/a><\/p>\n","protected":false},"author":1,"featured_media":0,"parent":13637,"menu_order":52,"comment_status":"closed","ping_status":"closed","template":"","meta":{"footnotes":""},"class_list":["post-19861","page","type-page","status-publish","hentry"],"_links":{"self":[{"href":"https:\/\/www.nordiclightmals.com\/index.php?rest_route=\/wp\/v2\/pages\/19861","targetHints":{"allow":["GET"]}}],"collection":[{"href":"https:\/\/www.nordiclightmals.com\/index.php?rest_route=\/wp\/v2\/pages"}],"about":[{"href":"https:\/\/www.nordiclightmals.com\/index.php?rest_route=\/wp\/v2\/types\/page"}],"author":[{"embeddable":true,"href":"https:\/\/www.nordiclightmals.com\/index.php?rest_route=\/wp\/v2\/users\/1"}],"replies":[{"embeddable":true,"href":"https:\/\/www.nordiclightmals.com\/index.php?rest_route=%2Fwp%2Fv2%2Fcomments&post=19861"}],"version-history":[{"count":12,"href":"https:\/\/www.nordiclightmals.com\/index.php?rest_route=\/wp\/v2\/pages\/19861\/revisions"}],"predecessor-version":[{"id":19898,"href":"https:\/\/www.nordiclightmals.com\/index.php?rest_route=\/wp\/v2\/pages\/19861\/revisions\/19898"}],"up":[{"embeddable":true,"href":"https:\/\/www.nordiclightmals.com\/index.php?rest_route=\/wp\/v2\/pages\/13637"}],"wp:attachment":[{"href":"https:\/\/www.nordiclightmals.com\/index.php?rest_route=%2Fwp%2Fv2%2Fmedia&parent=19861"}],"curies":[{"name":"wp","href":"https:\/\/api.w.org\/{rel}","templated":true}]}}