{"id":2077,"date":"2013-01-18T03:03:14","date_gmt":"2013-01-18T02:03:14","guid":{"rendered":"http:\/\/www.nordiclightmals.com\/?page_id=2077"},"modified":"2026-02-16T00:20:08","modified_gmt":"2026-02-15T23:20:08","slug":"disponible-maintenant","status":"publish","type":"page","link":"https:\/\/www.nordiclightmals.com\/?page_id=2077","title":{"rendered":"Disponibles maintenant!"},"content":{"rendered":"\n<p><\/p>\n\n\n\n<p><\/p>\n\n\n<div class=\"\" dir=\"auto\">\n<div id=\":ru6:\" class=\"x1iorvi4 x1pi30zi x1l90r2v x1swvt13\" data-ad-comet-preview=\"message\" data-ad-preview=\"message\">\n<div class=\"x78zum5 xdt5ytf xz62fqu x16ldp7u\">\n<div class=\"xu06os2 x1ok221b\">\n<div class=\"xdj266r x11i5rnm xat24cr x1mh8g0r x1vvkbs x126k92a\">\u00a0<\/div>\n<div dir=\"auto\" style=\"text-align: center;\">\u00a0<\/div>\n<div dir=\"auto\" style=\"text-align: center;\"><span style=\"color: #ff0000;\"><strong>Louna se cherche une famille pour la vie<\/strong><\/span><\/div>\n<div class=\"xdj266r x11i5rnm xat24cr x1mh8g0r x1vvkbs x126k92a\">\n<div dir=\"auto\" style=\"text-align: center;\"><img loading=\"lazy\" decoding=\"async\" class=\"aligncenter size-large wp-image-19500\" src=\"http:\/\/www.nordiclightmals.com\/wp-content\/uploads\/2024\/07\/Louna-502x1024.jpg\" alt=\"\" width=\"502\" height=\"1024\" srcset=\"https:\/\/www.nordiclightmals.com\/wp-content\/uploads\/2024\/07\/Louna-502x1024.jpg 502w, https:\/\/www.nordiclightmals.com\/wp-content\/uploads\/2024\/07\/Louna-147x300.jpg 147w, https:\/\/www.nordiclightmals.com\/wp-content\/uploads\/2024\/07\/Louna-768x1565.jpg 768w, https:\/\/www.nordiclightmals.com\/wp-content\/uploads\/2024\/07\/Louna-754x1536.jpg 754w, https:\/\/www.nordiclightmals.com\/wp-content\/uploads\/2024\/07\/Louna.jpg 942w\" sizes=\"auto, (max-width: 502px) 100vw, 502px\" \/><\/div>\n<div class=\"html-div xe8uvvx xdj266r x11i5rnm xat24cr x1mh8g0r xexx8yu x4uap5 x18d9i69 xkhd6sd\" dir=\"auto\">\n<div id=\":r3p:\" class=\"x1iorvi4 x1pi30zi x1l90r2v x1swvt13\" data-ad-comet-preview=\"message\" data-ad-preview=\"message\">\n<div class=\"x78zum5 xdt5ytf xz62fqu x16ldp7u\">\n<div class=\"xu06os2 x1ok221b\">\n<div class=\"xdj266r x11i5rnm xat24cr x1mh8g0r x1vvkbs x126k92a\">\n<div dir=\"auto\" style=\"text-align: center;\">La belle Louna (D\u00e9mon x Yoko) se cherche une nouvelle famille car sa famille actuelle ne peut pas la garder. Elle est n\u00e9e le 15 Juin 2018 et elle est st\u00e9rilis\u00e9e. Louna a toujours v\u00e9cue dans la maison avec sa famille, donc c&rsquo;est cette m\u00eame vie que nous cherchons pour elle. La seule chose que nous demandons pour elle est une famille aimante qui saura la rendre heureuse et la garder jusqu&rsquo;\u00e0 la fin de ses jours (elle est donn\u00e9e, donc sans frais). Louna est une bonne chienne qui saura vous accompagner dans toutes vos aventures et rendra assur\u00e9ment sa nouvelle famille tr\u00e8s heureuse. Elle est disponible d\u00e8s maintenant une fois sa nouvelle famille approuv\u00e9e par nous et par sa famille actuelle.<\/div>\n<div dir=\"auto\">\u00a0<\/div>\n<\/div>\n<div class=\"x11i5rnm xat24cr x1mh8g0r x1vvkbs xtlvy1s x126k92a\" style=\"text-align: center;\">\n<div dir=\"auto\">* Nous cherchons une famille qui n&rsquo;a pas de jeunes enfants, de chiens ou de chats car elle est protectrice de sa nourriture.<\/div>\n<div dir=\"auto\">\u00a0<\/div>\n<\/div>\n<div class=\"x11i5rnm xat24cr x1mh8g0r x1vvkbs xtlvy1s x126k92a\">\n<div dir=\"auto\" style=\"text-align: center;\">Contactez-nous par courriel \u00e0 nordiclightmals@gmail.com pour toute information suppl\u00e9mentaire et si elle vous int\u00e9resse s\u00e9rieusement, je pourrai vous mettre en lien avec sa famille actuelle o\u00f9 elle restera (St-Charles-Borrom\u00e9e) le temps de lui trouver sa nouvelle famille.<\/div>\n<\/div>\n<\/div>\n<\/div>\n<\/div>\n<\/div>\n<\/div>\n<\/div>\n<\/div>\n<\/div>\n<\/div>\n<div dir=\"auto\" style=\"text-align: center;\">ET<\/div>\n<p style=\"text-align: center;\"><span style=\"color: #ff0000;\"><strong>Nous prenons les r\u00e9servations maintenant pour nos port\u00e9es 2026. <br \/><\/strong><\/span><\/p>\n<p style=\"text-align: center;\">Pour plus d&rsquo;information, visitez la page <strong><a title=\"Port\u00e9es \u00e0 venir\" href=\"http:\/\/67.205.89.166\/%7Enordic\/?page_id=514\"><span style=\"color: #ff0000;\">\u00ab Port\u00e9es \u00e0 venir \u00bb.<\/span><\/a><\/strong><\/p>\n<p style=\"text-align: center;\">____________________________________________________________________________<\/p>\n<p style=\"text-align: center;\">Contactez-nous pour de plus amples informations sur notre \u00e9levage.<\/p>\n<p style=\"text-align: center;\"><span style=\"color: #ff0000;\"><a href=\"mailto:nordiclightmals@gmail.com\"><span style=\"color: #ff0000;\">nordiclightmals@gmail.com<\/span><\/a><\/span><\/p>\n<p style=\"text-align: center;\">_________________________________________________________________________<\/p>\n\n\n<p><\/p>\n","protected":false},"excerpt":{"rendered":"<p>\u00a0 \u00a0 Louna se cherche une famille pour la vie La belle Louna (D\u00e9mon x Yoko) se cherche une nouvelle famille car sa famille actuelle ne peut pas la garder. Elle est n\u00e9e le 15 Juin 2018 et elle est &hellip; <a href=\"https:\/\/www.nordiclightmals.com\/?page_id=2077\">Continuer la lecture <span class=\"meta-nav\"> \u00bb<\/span><\/a><\/p>\n","protected":false},"author":1,"featured_media":0,"parent":1844,"menu_order":13,"comment_status":"open","ping_status":"open","template":"","meta":{"footnotes":""},"class_list":["post-2077","page","type-page","status-publish","hentry"],"_links":{"self":[{"href":"https:\/\/www.nordiclightmals.com\/index.php?rest_route=\/wp\/v2\/pages\/2077","targetHints":{"allow":["GET"]}}],"collection":[{"href":"https:\/\/www.nordiclightmals.com\/index.php?rest_route=\/wp\/v2\/pages"}],"about":[{"href":"https:\/\/www.nordiclightmals.com\/index.php?rest_route=\/wp\/v2\/types\/page"}],"author":[{"embeddable":true,"href":"https:\/\/www.nordiclightmals.com\/index.php?rest_route=\/wp\/v2\/users\/1"}],"replies":[{"embeddable":true,"href":"https:\/\/www.nordiclightmals.com\/index.php?rest_route=%2Fwp%2Fv2%2Fcomments&post=2077"}],"version-history":[{"count":194,"href":"https:\/\/www.nordiclightmals.com\/index.php?rest_route=\/wp\/v2\/pages\/2077\/revisions"}],"predecessor-version":[{"id":19842,"href":"https:\/\/www.nordiclightmals.com\/index.php?rest_route=\/wp\/v2\/pages\/2077\/revisions\/19842"}],"up":[{"embeddable":true,"href":"https:\/\/www.nordiclightmals.com\/index.php?rest_route=\/wp\/v2\/pages\/1844"}],"wp:attachment":[{"href":"https:\/\/www.nordiclightmals.com\/index.php?rest_route=%2Fwp%2Fv2%2Fmedia&parent=2077"}],"curies":[{"name":"wp","href":"https:\/\/api.w.org\/{rel}","templated":true}]}}