{"id":2092,"date":"2013-01-18T03:49:23","date_gmt":"2013-01-18T02:49:23","guid":{"rendered":"http:\/\/www.nordiclightmals.com\/?page_id=2092"},"modified":"2026-02-15T21:08:44","modified_gmt":"2026-02-15T20:08:44","slug":"quoi-de-neuf","status":"publish","type":"page","link":"https:\/\/www.nordiclightmals.com\/?page_id=2092","title":{"rendered":"Quoi de neuf?"},"content":{"rendered":"<p><a href=\"http:\/\/www.nordiclightmals.com\/wp-content\/uploads\/2017\/02\/DSC_0253.jpg\"><img loading=\"lazy\" decoding=\"async\" class=\"aligncenter size-full wp-image-14023\" title=\"Nordiclight, photographe\/photographer: Fred Biss\" src=\"http:\/\/www.nordiclightmals.com\/wp-content\/uploads\/2017\/02\/DSC_0253.jpg\" alt=\"\" width=\"3216\" height=\"2136\" srcset=\"https:\/\/www.nordiclightmals.com\/wp-content\/uploads\/2017\/02\/DSC_0253.jpg 3216w, https:\/\/www.nordiclightmals.com\/wp-content\/uploads\/2017\/02\/DSC_0253-300x199.jpg 300w, https:\/\/www.nordiclightmals.com\/wp-content\/uploads\/2017\/02\/DSC_0253-1024x680.jpg 1024w, https:\/\/www.nordiclightmals.com\/wp-content\/uploads\/2017\/02\/DSC_0253-451x300.jpg 451w\" sizes=\"auto, (max-width: 3216px) 100vw, 3216px\" \/><\/a>_____________________________________________________________________<\/p>\n<p style=\"text-align: center;\"><strong><strong><strong><strong><strong><strong><strong><strong><strong><strong><strong><strong><strong><strong><strong><strong><a href=\"https:\/\/www.facebook.com\/NordiclightWorkingKennel\" target=\"_blank\" rel=\"noopener noreferrer\"><img loading=\"lazy\" decoding=\"async\" class=\" wp-image-9413 aligncenter\" title=\"Nordiclight Malamutes d'Alaska\" src=\"http:\/\/www.nordiclightmals.com\/wp-content\/uploads\/2013\/01\/FB_aimez_nous.jpg\" alt=\"\" width=\"299\" height=\"84\" \/><\/a><\/strong><\/strong><\/strong><\/strong><\/strong><\/strong><\/strong><\/strong><\/strong><\/strong><\/strong><\/strong><\/strong><\/strong><\/strong><\/strong><\/p>\n<p>____________________________________________________________________<\/p>\n<p><a href=\"http:\/\/www.nordiclightmals.com\/wp-content\/uploads\/2017\/02\/DSC_0240.jpg\"><img loading=\"lazy\" decoding=\"async\" class=\"aligncenter size-full wp-image-14020\" title=\"Nordiclight, photographe\/photographer: Fred Biss\" src=\"http:\/\/www.nordiclightmals.com\/wp-content\/uploads\/2017\/02\/DSC_0240.jpg\" alt=\"\" width=\"3216\" height=\"2136\" srcset=\"https:\/\/www.nordiclightmals.com\/wp-content\/uploads\/2017\/02\/DSC_0240.jpg 3216w, https:\/\/www.nordiclightmals.com\/wp-content\/uploads\/2017\/02\/DSC_0240-300x199.jpg 300w, https:\/\/www.nordiclightmals.com\/wp-content\/uploads\/2017\/02\/DSC_0240-1024x680.jpg 1024w, https:\/\/www.nordiclightmals.com\/wp-content\/uploads\/2017\/02\/DSC_0240-451x300.jpg 451w\" sizes=\"auto, (max-width: 3216px) 100vw, 3216px\" \/><\/a><\/p>\n<p><strong>15 F\u00e9vrier 2026<\/strong><\/p>\n<p>Voir la page des <span style=\"color: #ff0000;\"><strong><a style=\"color: #ff0000;\" href=\"https:\/\/www.nordiclightmals.com\/?page_id=514\">Port\u00e9es \u00e0 venir<\/a><\/strong><\/span><\/p>\n<p>Nouveau titre de travail pour<span style=\"color: #ff0000;\"> <a style=\"color: #ff0000;\" href=\"https:\/\/www.nordiclightmals.com\/?page_id=19478\"><span style=\"color: #ff0000;\"><strong>Queen<\/strong><\/span><\/a><\/span> et <span style=\"color: #ff0000;\"><a style=\"color: #ff0000;\" href=\"https:\/\/www.nordiclightmals.com\/?page_id=19475\"><span style=\"color: #ff0000;\"><strong>Tattoo<\/strong><\/span><\/a><\/span><\/p>\n<p>Lien \u00e0 notre page Instagram dans la page d&rsquo;accueil<\/p>\n<p style=\"text-align: center;\">______________________________________________________________________<\/p>\n<p>&nbsp;<\/p>\n<p><strong>13 Avril 2025<\/strong><\/p>\n<p>Voir la page des <span style=\"color: #ff0000;\"><strong><a style=\"color: #ff0000;\" href=\"https:\/\/www.nordiclightmals.com\/?page_id=514\">Port\u00e9es \u00e0 venir<\/a><\/strong><\/span><\/p>\n<p><strong>26 Mars 2025<\/strong><\/p>\n<p>Voir la page <strong><a href=\"http:\/\/www.nordiclightmals.com\/?page_id=2077\"><span style=\"color: #ff0000;\">Disponible maintenant<\/span><\/a><\/strong><\/p>\n<p>Voir la page<span style=\"color: #ff0000;\"><strong><a style=\"color: #ff0000;\" href=\"http:\/\/www.nordiclightmals.com\/?page_id=514\"> Port\u00e9es \u00e0 venir<\/a>, <\/strong><\/span>nous attendons la port\u00e9e de Keto &amp; Darcy vers le 10 Avril 2025. Contactez-nous pour de plus amples informations.<\/p>\n<p><strong>1er D\u00e9cembre 2024<\/strong><\/p>\n<p>Voir la page<span style=\"color: #ff0000;\"><strong><a style=\"color: #ff0000;\" href=\"http:\/\/www.nordiclightmals.com\/?page_id=514\"> Port\u00e9es \u00e0 venir<\/a>, <\/strong><\/span>nous attendons la port\u00e9e de Boomer &amp; Meg vers la fin Janvier-d\u00e9but F\u00e9vrier 2025. Nous acceptons les r\u00e9servations d\u00e8s maintenant.<\/p>\n<p>Voir la page<span style=\"color: #ff0000;\"> <a style=\"color: #ff0000;\" href=\"https:\/\/www.nordiclightmals.com\/?page_id=2931\"><strong>En m\u00e9moire de&#8230;<\/strong><\/a><\/span><\/p>\n<p><span style=\"color: #ff0000;\"><strong>24 Juillet 2024<\/strong><\/span><\/p>\n<p>Voir la page <strong><a href=\"http:\/\/www.nordiclightmals.com\/?page_id=2077\"><span style=\"color: #ff0000;\">Disponible maintenant<\/span><\/a><\/strong><\/p>\n<p>_____________________________________________________________________<\/p>\n<p>Voir la page personnelle des 3 chiots que nous avons gard\u00e9s de nos 2 port\u00e9es 2024, <span style=\"color: #ff0000;\"><a style=\"color: #ff0000;\" href=\"http:\/\/www.nordiclightmals.com\/?page_id=19482\"><span style=\"color: #ff0000;\"><strong><span style=\"color: #ff0000;\">Raven<\/span><\/strong><\/span><\/a><\/span>,<strong> <span style=\"color: #ff0000;\"><a style=\"color: #ff0000;\" href=\"http:\/\/www.nordiclightmals.com\/?page_id=19475\">Tattoo<\/a><\/span><\/strong> &amp; <strong><span style=\"color: #ff0000;\"><a style=\"color: #ff0000;\" href=\"http:\/\/www.nordiclightmals.com\/?page_id=19478\">Queen<\/a><\/span><\/strong><\/p>\n<p>_____________________________________________________________________<\/p>\n<p><strong>3 Juin 2024<\/strong><\/p>\n<p>Voir la page<span style=\"color: #ff0000;\"><strong><a style=\"color: #ff0000;\" href=\"http:\/\/www.nordiclightmals.com\/?page_id=514\"> Port\u00e9es \u00e0 venir<\/a>, <\/strong><\/span>nos chiots sont arriv\u00e9s et il y en a 2 disponibles dans le port\u00e9e d&rsquo;Iroquois x Izzy.<\/p>\n<p>_____________________________________________________________________<\/p>\n<p>Voir la page <strong><a href=\"http:\/\/www.nordiclightmals.com\/?page_id=2077\"><span style=\"color: #ff0000;\">Disponible maintenant<\/span><\/a><\/strong><\/p>\n<p>_____________________________________________________________________<\/p>\n<p><strong>23 Avril 2024<\/strong><\/p>\n<p>Voir la page<strong><a href=\"http:\/\/www.nordiclightmals.com\/?page_id=514\"><span style=\"color: #ff0000;\"> Port\u00e9es \u00e0 venir<\/span><\/a>, <\/strong>nous attendons des port\u00e9es en Mai et Juin 2024.<\/p>\n<p>_____________________________________________________________________<\/p>\n<p><strong>30 Mars 2024<\/strong><\/p>\n<p>Voir la page<span style=\"color: #ff0000;\"><strong><a style=\"color: #ff0000;\" href=\"http:\/\/www.nordiclightmals.com\/?page_id=514\"> Port\u00e9es \u00e0 venir<\/a>, <\/strong><\/span>nous attendons 2 port\u00e9es en Mai 2024<\/p>\n<p>_____________________________________________________________________<\/p>\n<p><strong>4 F\u00e9vrier 2024<\/strong><\/p>\n<p>Nouvel album photos de la <strong><span style=\"color: #ff0000;\"><a style=\"color: #ff0000;\" href=\"http:\/\/www.nordiclightmals.com\/?page_id=19248\">saison de travail 2023-2024<\/a><\/span><\/strong><\/p>\n<p>Plusieurs nouvelles photos ont \u00e9t\u00e9 ajout\u00e9es un peu partout.<\/p>\n<p>Les photos dans les pages personnelles de Keto, Iroquois, Funky et Groove ont \u00e9t\u00e9 mise \u00e0 jour<\/p>\n<p>______________________________________________________________________<\/p>\n<p><strong>15 Octobre 2023<\/strong><\/p>\n<p>Voir la page<span style=\"color: #ff0000;\"><strong><a style=\"color: #ff0000;\" href=\"http:\/\/www.nordiclightmals.com\/?page_id=514\"> Port\u00e9es \u00e0 venir<\/a>, <\/strong><\/span>nous planifions 2 port\u00e9es \u00e0 l&rsquo;hiver et au printemps 2024.<\/p>\n<p><strong>2 Juillet 2023<\/strong><\/p>\n<p>Voir la page<strong><span style=\"color: #ff0000;\"><a style=\"color: #ff0000;\" href=\"http:\/\/www.nordiclightmals.com\/?page_id=514\"> Port\u00e9es \u00e0 venir<\/a><\/span>, <\/strong>nous planifions une port\u00e9e pour l&rsquo;automne et \u00e0 l&rsquo;hiver 2024.<\/p>\n<p>Voir la page <strong><a href=\"http:\/\/www.nordiclightmals.com\/?page_id=2077\"><span style=\"color: #ff0000;\">Disponible maintenant<\/span><\/a><\/strong><\/p>\n<p>Plusieurs nouvelles photos ont \u00e9t\u00e9 ajout\u00e9es un peu partout.<\/p>\n<p>Les albums photos de Tek, Boomer, Syd, Izzy, Iroquois, Keto, Ace, Darcy, Groove et Funky ont \u00e9t\u00e9 mis \u00e0 jour.<\/p>\n<p>______________________________________________________________________<\/p>\n<p><strong>21 Juin 2023<\/strong><\/p>\n<p>Voir la page<span style=\"color: #ff0000;\"><strong><a style=\"color: #ff0000;\" href=\"http:\/\/www.nordiclightmals.com\/?page_id=514\"> Port\u00e9es \u00e0 venir<\/a>, <\/strong><\/span>nous planifions une port\u00e9e pour l&rsquo;automne.<\/p>\n<p>Voir la page <strong><a href=\"http:\/\/www.nordiclightmals.com\/?page_id=2077\"><span style=\"color: #ff0000;\">Disponible maintenant<\/span><\/a><\/strong><\/p>\n<p>____________________________________________________________________________<\/p>\n<p><strong>19 F\u00e9vrier 2023<\/strong><\/p>\n<p>Voir la page<strong><a href=\"http:\/\/www.nordiclightmals.com\/?page_id=514\"><span style=\"color: #ff0000;\"> Port\u00e9es \u00e0 venir<\/span><\/a>, <\/strong>il nous reste 2 chiots disponibles dans la port\u00e9e de Boomer x Izzy n\u00e9s le 16 F\u00e9vrier 2023.<\/p>\n<p>____________________________________________________________________________<\/p>\n<p><strong>14 Septembre 2022<\/strong><\/p>\n<p>Voir la page <strong><a href=\"http:\/\/www.nordiclightmals.com\/?page_id=2077\"><span style=\"color: #ff0000;\">Disponible maintenant<\/span><\/a><\/strong><\/p>\n<p>____________________________________________________________________________<\/p>\n<p><strong>10 Juillet 2022<\/strong><\/p>\n<p>Voir la page <strong><span style=\"color: #ff0000;\"><a style=\"color: #ff0000;\" href=\"http:\/\/www.nordiclightmals.com\/?page_id=2077\">Disponible maintenant<\/a><\/span><\/strong><\/p>\n<p>____________________________________________________________________________<\/p>\n<p>J&rsquo;ai updat\u00e9 la page <strong><span style=\"color: #ff0000;\"><a style=\"color: #ff0000;\" href=\"http:\/\/www.nordiclightmals.com\/?page_id=2919\">Avec leurs familles<\/a><\/span><\/strong><\/p>\n<p>____________________________________________________________________________<\/p>\n<p><strong>9 Juin 2022<\/strong><\/p>\n<div class=\"kvgmc6g5 cxmmr5t8 oygrvhab hcukyx3x c1et5uql ii04i59q\">\n<div dir=\"auto\">Onze nouveaux titres de travail ont \u00e9t\u00e9 obtenus par nos chiens. Un WLDA (Working Lead Dog Advanced), 9 WTDA (Working Team Dog Advanced) et 2 WTD (Working Team Dog). Les titres advanced ont \u00e9t\u00e9 fait lors d&rsquo;entrainements en 2020-2021 et les WTD ont \u00e9t\u00e9 fait l&rsquo;automne pass\u00e9.<\/div>\n<div dir=\"auto\"><\/div>\n<div dir=\"auto\"><\/div>\n<\/div>\n<div class=\"cxmmr5t8 oygrvhab hcukyx3x c1et5uql o9v6fnle ii04i59q\">\n<div dir=\"auto\">Comme certains le savent d\u00e9j\u00e0, Flake nous a quitt\u00e9 en D\u00e9cembre dernier, mais il a \u00e9t\u00e9 un leader exceptionnel, le meilleur que nous ayons eu et ce jusqu&rsquo;\u00e0 la fin. Il a fait ses derniers legs de WLDA en single lead sur un team de 12 chiens \u00e0 l&rsquo;\u00e2ge de 11 ans. Il n&rsquo;avait aucunement ralenti, il a \u00e9t\u00e9 intense toute sa vie et roulait l&rsquo;\u00e9quipe avec la m\u00eame intensit\u00e9 que dans le pass\u00e9. Donc ce titre a une signification particuli\u00e8re pour nous, Flake, tu le m\u00e9rites tellement:<\/div>\n<div dir=\"auto\"><\/div>\n<div dir=\"auto\"><\/div>\n<\/div>\n<div class=\"cxmmr5t8 oygrvhab hcukyx3x c1et5uql o9v6fnle ii04i59q\">\n<div dir=\"auto\">Malamute Mountain&rsquo;s Flake for Nordiclight WPD WLD WTD WLDA WTDA (GER)<\/div>\n<div dir=\"auto\"><\/div>\n<div dir=\"auto\"><\/div>\n<\/div>\n<div class=\"cxmmr5t8 oygrvhab hcukyx3x c1et5uql o9v6fnle ii04i59q\">\n<div dir=\"auto\">Pour les 9 autres titres advanced:<\/div>\n<div dir=\"auto\"><\/div>\n<div dir=\"auto\"><\/div>\n<\/div>\n<div class=\"cxmmr5t8 oygrvhab hcukyx3x c1et5uql o9v6fnle ii04i59q\">\n<div dir=\"auto\">Nordiclight&rsquo;s Mad Joker WTD WTDA<\/div>\n<div dir=\"auto\"><\/div>\n<div dir=\"auto\">Nordiclight&rsquo;s Syd the Warrior WTD WTDA<\/div>\n<div dir=\"auto\"><\/div>\n<div dir=\"auto\">Nordiclight&rsquo;s Spike WTD WTDA<\/div>\n<div dir=\"auto\"><\/div>\n<div dir=\"auto\">Nordiclight&rsquo;s Zipp WTD WTDA<\/div>\n<div dir=\"auto\"><\/div>\n<div dir=\"auto\">Nordiclight&rsquo;s Salem WTD WTDA<\/div>\n<div dir=\"auto\"><\/div>\n<div dir=\"auto\">Nordiclight&rsquo;s Meg WTD WTDA<\/div>\n<div dir=\"auto\"><\/div>\n<div dir=\"auto\">Nordiclight&rsquo;s Snap WTD WTDA<\/div>\n<div dir=\"auto\"><\/div>\n<div dir=\"auto\">Nordiclight&rsquo;s Hati WTD WTDA<\/div>\n<div dir=\"auto\"><\/div>\n<div dir=\"auto\"><\/div>\n<\/div>\n<div class=\"cxmmr5t8 oygrvhab hcukyx3x c1et5uql o9v6fnle ii04i59q\">\n<div dir=\"auto\">Pour les WTD, ce sont nos imports Boomer et Tek qui les ont obtenus:<\/div>\n<div dir=\"auto\"><\/div>\n<\/div>\n<div class=\"cxmmr5t8 oygrvhab hcukyx3x c1et5uql o9v6fnle ii04i59q\">\n<div dir=\"auto\">Biisaiyowaq Boomer for Nordiclight WTD (SWE)<\/div>\n<div dir=\"auto\"><\/div>\n<div dir=\"auto\">Biisaiyowaq Tek for Nordiclight WTD (SWE)<\/div>\n<div dir=\"auto\">______________________________________________________________<\/div>\n<\/div>\n<p><strong>24 Avril 2022<\/strong><\/p>\n<p>Voir la page <strong><span style=\"color: #ff0000;\"><a style=\"color: #ff0000;\" href=\"http:\/\/www.nordiclightmals.com\/?page_id=2077\">Disponibles maintenant<\/a><\/span><\/strong><\/p>\n<p>________________________________________________________________<\/p>\n<p><strong>10 Avril 2022<\/strong><\/p>\n<p>Voir <span style=\"color: #ff0000;\"><strong><a style=\"color: #ff0000;\" title=\"Port\u00e9es \u00e0 venir\" href=\"http:\/\/www.nordiclightmals.com\/?page_id=514\">port\u00e9es \u00e0 venir<\/a><\/strong><\/span><strong><br \/>\n<\/strong><\/p>\n<p>__________________________________________________________________<\/p>\n<p>Voir la page de <span style=\"color: #ff0000;\"><strong><a style=\"color: #ff0000;\" href=\"http:\/\/www.nordiclightmals.com\/?page_id=17180\">Darcy<\/a><\/strong><\/span> et <strong><a href=\"http:\/\/www.nordiclightmals.com\/?page_id=17653\"><span style=\"color: #ff0000;\">Ace<\/span><\/a><\/strong><\/p>\n<p>___________________________________________________________________<\/p>\n<p><strong>25 F\u00e9vrier 2022<\/strong><\/p>\n<p>Voir <span style=\"color: #ff0000;\"><strong><a style=\"color: #ff0000;\" title=\"Port\u00e9es \u00e0 venir\" href=\"http:\/\/www.nordiclightmals.com\/?page_id=514\">port\u00e9es \u00e0 venir<\/a><\/strong><\/span><strong><br \/>\n<\/strong><\/p>\n<p>__________________________________________________________________<\/p>\n<p><strong>24 Janvier 2022<\/strong><\/p>\n<p>Voir <span style=\"color: #ff0000;\"><strong><a style=\"color: #ff0000;\" title=\"Port\u00e9es \u00e0 venir\" href=\"http:\/\/www.nordiclightmals.com\/?page_id=514\">port\u00e9es \u00e0 venir<\/a><\/strong><\/span><strong><br \/>\n<\/strong><\/p>\n<p>__________________________________________________________________<\/p>\n<p>Voir notre nouvel album <span style=\"color: #ff0000;\"><strong><a style=\"color: #ff0000;\" href=\"http:\/\/www.nordiclightmals.com\/?page_id=17480\">@work 2021-2022<\/a><\/strong><\/span><\/p>\n<p>__________________________________________________________________<\/p>\n<p>Nouvelles photos dans la <span style=\"color: #ff0000;\"><strong><a style=\"color: #ff0000;\" href=\"http:\/\/www.nordiclightmals.com\/\">page d&rsquo;accueil<\/a><\/strong><\/span><\/p>\n<p>___________________________________________________________________<\/p>\n<p><strong>22 Septembre 2021<\/strong><\/p>\n<p>Nous avons des chiots disponibles, voir la page de <strong><span style=\"color: #ff0000;\"><a style=\"color: #ff0000;\" href=\"https:\/\/www.nordiclightmals.com\/?page_id=514\">nos port\u00e9es<\/a><\/span><\/strong><\/p>\n<p>______________________________________________________________<\/p>\n<p><strong>9 Juin 2021<\/strong><\/p>\n<p>Voir la page <strong><a title=\"Disponible maintenant!\" href=\"http:\/\/www.nordiclightmals.com\/?page_id=2077\"><span style=\"color: #ff0000;\">Disponible maintenant<\/span><\/a><\/strong><\/p>\n<p>__________________________________________________________________<\/p>\n<p><strong>17 Mars 2021<\/strong><\/p>\n<p>Venez rencontrer <strong><span style=\"color: #ff0000;\"><a style=\"color: #ff0000;\" href=\"http:\/\/www.nordiclightmals.com\/?page_id=16866\">Boomer<\/a><\/span><\/strong> et <span style=\"color: #ff0000;\"><a style=\"color: #ff0000;\" href=\"http:\/\/www.nordiclightmals.com\/?page_id=16859\"><strong><span style=\"color: #ff0000;\">Tek<\/span><\/strong><\/a><\/span> nos nouveaux imports de Su\u00e8de<\/p>\n<p>_______________________________________________________________<\/p>\n<p><strong>1er Mai 2020<\/strong><\/p>\n<p>Voir la page <strong><a title=\"Disponible maintenant!\" href=\"http:\/\/www.nordiclightmals.com\/?page_id=2077\"><span style=\"color: #ff0000;\">Disponible maintenant<\/span><\/a><\/strong><\/p>\n<p>__________________________________________________________________<\/p>\n<p><strong>8 Avril 2020<\/strong><\/p>\n<p>Visitez note nouvelle page sur <span style=\"color: #ff0000;\"><a style=\"color: #ff0000;\" href=\"http:\/\/www.nordiclightmals.com\/?page_id=16533\">nos imports.<\/a><\/span><\/p>\n<p>_______________________________________________________________<\/p>\n<p><strong>31 Mars 2020<\/strong><\/p>\n<p>Voir<span style=\"color: #ff0000;\"> <strong><a style=\"color: #ff0000;\" title=\"Port\u00e9es \u00e0 venir\" href=\"http:\/\/www.nordiclightmals.com\/?page_id=514\">port\u00e9es \u00e0 venir<\/a><\/strong><\/span><strong><br \/>\n<\/strong><\/p>\n<p>__________________________________________________________________<\/p>\n<p><strong><strong><strong><strong><strong><strong><strong><strong><strong><strong><strong><strong><strong><strong><strong><strong>23 Mars 2020<\/strong><\/strong><\/strong><\/strong><\/strong><\/strong><\/strong><\/strong><\/strong><\/strong><\/strong><\/strong><\/strong><\/strong><\/strong><\/strong><\/p>\n<p>Voir la page <span style=\"color: #ff0000;\"><strong><a title=\"Disponible maintenant!\" href=\"http:\/\/www.nordiclightmals.com\/?page_id=2077\"><span style=\"color: #ff0000;\">Disponible maintenant<\/span><\/a><\/strong><\/span><\/p>\n<p>__________________________________________________________________<\/p>\n<p><strong><strong><strong><strong><strong><strong><strong><strong><strong><strong><strong><strong><strong><strong><strong><strong>19 Novembre 2019<\/strong><\/strong><\/strong><\/strong><\/strong><\/strong><\/strong><\/strong><\/strong><\/strong><\/strong><\/strong><\/strong><\/strong><\/strong><\/strong><\/p>\n<p>Voir la page <span style=\"color: #ff0000;\"><strong><a title=\"Disponible maintenant!\" href=\"http:\/\/www.nordiclightmals.com\/?page_id=2077\"><span style=\"color: #ff0000;\">Disponible maintenant<\/span><\/a><\/strong><\/span><\/p>\n<p>__________________________________________________________________<\/p>\n<p><strong><strong><strong><strong><strong><strong><strong><strong><strong><strong><strong><strong><strong><strong><strong><strong>2 septembre 2019<\/strong><\/strong><\/strong><\/strong><\/strong><\/strong><\/strong><\/strong><\/strong><\/strong><\/strong><\/strong><\/strong><\/strong><\/strong><\/strong><\/p>\n<p>J&rsquo;ai fait les albums photos pour <strong><span style=\"color: #ff0000;\"><a title=\"Slash\" href=\"http:\/\/www.nordiclightmals.com\/?page_id=16171\"><span style=\"color: #ff0000;\">Slash<\/span><\/a><\/span><\/strong>,<strong> <span style=\"color: #ff0000;\"><a title=\"Izzy\" href=\"http:\/\/www.nordiclightmals.com\/?page_id=16185\"><span style=\"color: #ff0000;\">Izzy<\/span><\/a><\/span><\/strong> &amp; <strong><span style=\"color: #ff0000;\"><a title=\"Flip\" href=\"http:\/\/www.nordiclightmals.com\/?page_id=16190\"><span style=\"color: #ff0000;\">Flip<\/span><\/a><\/span><\/strong><\/p>\n<p>________________________________________________________________<\/p>\n<p><strong><strong><strong><strong><strong><strong><strong><strong><strong><strong><strong><strong><strong><strong><strong><strong>25 Ao\u00fbt 2019<\/strong><\/strong><\/strong><\/strong><\/strong><\/strong><\/strong><\/strong><\/strong><\/strong><\/strong><\/strong><\/strong><\/strong><\/strong><\/strong><\/p>\n<p>Venez rencontrer les nouveaux membres de la meute: Izzy &amp; Flip dans la page des femelles et Slash dans la page des m\u00e2les.<\/p>\n<p>_________________________________________________________________<\/p>\n<p><strong><strong><strong><strong><strong><strong><strong><strong><strong><strong><strong><strong><strong><strong><strong><strong>28 Juillet 2019<\/strong><\/strong><\/strong><\/strong><\/strong><\/strong><\/strong><\/strong><\/strong><\/strong><\/strong><\/strong><\/strong><\/strong><\/strong><\/strong><\/p>\n<p>Voir <strong><span style=\"color: #ff0000;\"><a title=\"Port\u00e9es \u00e0 venir\" href=\"http:\/\/www.nordiclightmals.com\/?page_id=514\"><span style=\"color: #ff0000;\">port\u00e9es \u00e0 venir<\/span><\/a><\/span>, <\/strong>il nous avons quelques chiots disponibles<strong>.<br \/>\n<\/strong><\/p>\n<p>__________________________________________________________________<\/p>\n<p><strong><strong><strong><strong><strong><strong><strong><strong><strong><strong><strong><strong><strong><strong><strong><strong>8 Avril 2019<\/strong><\/strong><\/strong><\/strong><\/strong><\/strong><\/strong><\/strong><\/strong><\/strong><\/strong><\/strong><\/strong><\/strong><\/strong><\/strong><\/p>\n<p>Mise \u00e0 jour majeure, plusieurs petits ajouts ici et l\u00e0.<\/p>\n<p>Vous trouverez de nouvelles photos dans la plupart des albums photos des chiens ainsi que dans leurs pages personnelles.<\/p>\n<p>Il y a \u00e9galement de nouveaux chiens ajout\u00e9s dans la page D&rsquo;hier \u00e0 aujourd&rsquo;hui.<\/p>\n<p>J&rsquo;ai ajout\u00e9e nos derniers disparus dans la page En m\u00e9moire de&#8230; \ud83d\ude41<\/p>\n<p>Vous pourrez \u00e9galement rencontrer Hati qui est revenue avec nous il y a quelques semaines.<\/p>\n<p><strong><strong><strong><strong><strong><strong><strong><strong><strong><strong><strong><strong><strong><strong><strong><strong>15 D\u00e9cembre 2018<\/strong><\/strong><\/strong><\/strong><\/strong><\/strong><\/strong><\/strong><\/strong><\/strong><\/strong><\/strong><\/strong><\/strong><\/strong><\/strong><\/p>\n<p>Voir la page <span style=\"color: #ff0000;\"><strong><a title=\"En m\u00e9moire de\u2026\" href=\"http:\/\/www.nordiclightmals.com\/?page_id=2931\"><span style=\"color: #ff0000;\">En m\u00e9moire de&#8230;<\/span><\/a><\/strong><\/span><\/p>\n<p>_________________________________________________________________<\/p>\n<p><strong><strong><strong><strong><strong><strong><strong><strong><strong><strong><strong><strong><strong><strong><strong><strong>6 D\u00e9cembre 2018<\/strong><\/strong><\/strong><\/strong><\/strong><\/strong><\/strong><\/strong><\/strong><\/strong><\/strong><\/strong><\/strong><\/strong><\/strong><\/strong><\/p>\n<p>Voir la page <span style=\"color: #ff0000;\"><strong><a title=\"Disponible maintenant!\" href=\"http:\/\/www.nordiclightmals.com\/?page_id=2077\"><span style=\"color: #ff0000;\">Disponible maintenant<\/span><\/a><\/strong><\/span><\/p>\n<p>__________________________________________________________________<\/p>\n<p><strong><strong><strong><strong><strong><strong><strong><strong><strong><strong><strong><strong><strong><strong><strong><strong>12 Ao\u00fbt 2018<\/strong><\/strong><\/strong><\/strong><\/strong><\/strong><\/strong><\/strong><\/strong><\/strong><\/strong><\/strong><\/strong><\/strong><\/strong><\/strong><\/p>\n<p>Voir <strong><span style=\"color: #ff0000;\"><a title=\"Port\u00e9es \u00e0 venir\" href=\"http:\/\/www.nordiclightmals.com\/?page_id=514\"><span style=\"color: #ff0000;\">port\u00e9es \u00e0 venir<\/span><\/a><\/span>, <\/strong>il nous reste des chiots disponibles<strong><br \/>\n<\/strong><\/p>\n<p>___________________________________________________________________<\/p>\n<p><strong><strong><strong><strong><strong><strong><strong><strong><strong><strong><strong><strong><strong><strong><strong><strong>26 Juin 2018<\/strong><\/strong><\/strong><\/strong><\/strong><\/strong><\/strong><\/strong><\/strong><\/strong><\/strong><\/strong><\/strong><\/strong><\/strong><\/strong><\/p>\n<p>Voir nos <strong><span style=\"color: #ff0000;\"><a title=\"Port\u00e9es \u00e0 venir\" href=\"http:\/\/www.nordiclightmals.com\/?page_id=514\"><span style=\"color: #ff0000;\">port\u00e9es \u00e0 venir<\/span><\/a><\/span>, <\/strong>les chiots de D\u00e9mon x Yoko et D\u00e9mon x Zipp sont arriv\u00e9s.<\/p>\n<p>__________________________________________________________________<\/p>\n","protected":false},"excerpt":{"rendered":"<p>_____________________________________________________________________ ____________________________________________________________________ 15 F\u00e9vrier 2026 Voir la page des Port\u00e9es \u00e0 venir Nouveau titre de travail pour Queen et Tattoo Lien \u00e0 notre page Instagram dans la page d&rsquo;accueil ______________________________________________________________________ &nbsp; 13 Avril 2025 Voir la page des Port\u00e9es \u00e0 &hellip; <a href=\"https:\/\/www.nordiclightmals.com\/?page_id=2092\">Continuer la lecture <span class=\"meta-nav\"> \u00bb<\/span><\/a><\/p>\n","protected":false},"author":1,"featured_media":0,"parent":1844,"menu_order":1,"comment_status":"open","ping_status":"open","template":"","meta":{"footnotes":""},"class_list":["post-2092","page","type-page","status-publish","hentry"],"_links":{"self":[{"href":"https:\/\/www.nordiclightmals.com\/index.php?rest_route=\/wp\/v2\/pages\/2092","targetHints":{"allow":["GET"]}}],"collection":[{"href":"https:\/\/www.nordiclightmals.com\/index.php?rest_route=\/wp\/v2\/pages"}],"about":[{"href":"https:\/\/www.nordiclightmals.com\/index.php?rest_route=\/wp\/v2\/types\/page"}],"author":[{"embeddable":true,"href":"https:\/\/www.nordiclightmals.com\/index.php?rest_route=\/wp\/v2\/users\/1"}],"replies":[{"embeddable":true,"href":"https:\/\/www.nordiclightmals.com\/index.php?rest_route=%2Fwp%2Fv2%2Fcomments&post=2092"}],"version-history":[{"count":273,"href":"https:\/\/www.nordiclightmals.com\/index.php?rest_route=\/wp\/v2\/pages\/2092\/revisions"}],"predecessor-version":[{"id":19827,"href":"https:\/\/www.nordiclightmals.com\/index.php?rest_route=\/wp\/v2\/pages\/2092\/revisions\/19827"}],"up":[{"embeddable":true,"href":"https:\/\/www.nordiclightmals.com\/index.php?rest_route=\/wp\/v2\/pages\/1844"}],"wp:attachment":[{"href":"https:\/\/www.nordiclightmals.com\/index.php?rest_route=%2Fwp%2Fv2%2Fmedia&parent=2092"}],"curies":[{"name":"wp","href":"https:\/\/api.w.org\/{rel}","templated":true}]}}