{"id":2936,"date":"2013-01-29T01:11:44","date_gmt":"2013-01-29T00:11:44","guid":{"rendered":"http:\/\/www.nordiclightmals.com\/?page_id=2936"},"modified":"2024-05-05T01:59:54","modified_gmt":"2024-05-05T00:59:54","slug":"intro","status":"publish","type":"page","link":"https:\/\/www.nordiclightmals.com\/?page_id=2936","title":{"rendered":"Intro"},"content":{"rendered":"<p><span style=\"color: #888888;\"><a href=\"http:\/\/www.nordiclightmals.com\/wp-content\/uploads\/2013\/10\/CAMP_Oct2013-827.jpg\"><img loading=\"lazy\" decoding=\"async\" class=\"aligncenter size-full wp-image-7161\" title=\"CAMP_Oct2013 827\" src=\"http:\/\/www.nordiclightmals.com\/wp-content\/uploads\/2013\/10\/CAMP_Oct2013-827.jpg\" alt=\"\" width=\"3216\" height=\"2136\" srcset=\"https:\/\/www.nordiclightmals.com\/wp-content\/uploads\/2013\/10\/CAMP_Oct2013-827.jpg 3216w, https:\/\/www.nordiclightmals.com\/wp-content\/uploads\/2013\/10\/CAMP_Oct2013-827-300x199.jpg 300w, https:\/\/www.nordiclightmals.com\/wp-content\/uploads\/2013\/10\/CAMP_Oct2013-827-1024x680.jpg 1024w, https:\/\/www.nordiclightmals.com\/wp-content\/uploads\/2013\/10\/CAMP_Oct2013-827-451x300.jpg 451w\" sizes=\"auto, (max-width: 3216px) 100vw, 3216px\" \/><\/a>Nous vous remercions de l&rsquo;int\u00e9r\u00eat que vous portez \u00e0 notre \u00e9levage et vous souhaitons la bienvenue dans notre site web.\u00a0<span style=\"font-family: Comic Sans MS;\"><span style=\"font-family: Arial;\">Nous esp\u00e9rons pouvoir vous faire profiter, ne serait-ce que pour quelques instants, de notre passion qui est devenue notre mode de vie et ce depuis le d\u00e9but des ann\u00e9es 1990.<\/span> <\/span> <\/span><\/p>\n<p><span style=\"color: #888888;\"><a href=\"http:\/\/www.nordiclightmals.com\/wp-content\/uploads\/2013\/01\/camp_janv11-059.jpg\"><span style=\"color: #888888;\"><img loading=\"lazy\" decoding=\"async\" class=\"alignleft size-medium wp-image-3132\" title=\"camp_janv11 059\" src=\"http:\/\/www.nordiclightmals.com\/wp-content\/uploads\/2013\/01\/camp_janv11-059-300x199.jpg\" alt=\"\" width=\"300\" height=\"199\" srcset=\"https:\/\/www.nordiclightmals.com\/wp-content\/uploads\/2013\/01\/camp_janv11-059-300x199.jpg 300w, https:\/\/www.nordiclightmals.com\/wp-content\/uploads\/2013\/01\/camp_janv11-059-451x300.jpg 451w, https:\/\/www.nordiclightmals.com\/wp-content\/uploads\/2013\/01\/camp_janv11-059.jpg 800w\" sizes=\"auto, (max-width: 300px) 100vw, 300px\" \/><\/span><\/a>Notre meute est compos\u00e9e uniquement de Malamutes d&rsquo;Alaska. L&rsquo;orientation de notre \u00e9levage est surtout ax\u00e9e sur le travail au tra\u00eeneau. Nous croyons profond\u00e9ment que le Malamute est avant tout un chien de travail qui s&rsquo;\u00e9panouit vraiment dans les conditions pour lesquelles il est fait. Nous aimons \u00e9tudier et tester nos chiens en faisant des excursions de quelques jours ou des exp\u00e9ditions plus longues dans des r\u00e9gions isol\u00e9es, le tout en compl\u00e8te autonomie.<\/span><\/p>\n<p><span style=\"color: #888888;\">Nous s\u00e9lectionnons nos reproducteurs en portant une attention particuli\u00e8re aux qualit\u00e9s qui font de lui un athl\u00e8te exceptionnel. Nous croyons aussi que le Malamute est un chien versatile qui peut aussi bien performer au travail qu&rsquo;\u00eatre le parfait compagnon de tout les jours.<\/span><\/p>\n<p><span style=\"color: #888888;\"><a href=\"http:\/\/www.nordiclightmals.com\/wp-content\/uploads\/2013\/01\/old_days11_edited-1.jpg\"><img loading=\"lazy\" decoding=\"async\" class=\"alignright size-medium wp-image-3138\" title=\"USA_fondation\" src=\"http:\/\/www.nordiclightmals.com\/wp-content\/uploads\/2013\/01\/old_days11_edited-1-300x201.jpg\" alt=\"\" width=\"300\" height=\"201\" srcset=\"https:\/\/www.nordiclightmals.com\/wp-content\/uploads\/2013\/01\/old_days11_edited-1-300x201.jpg 300w, https:\/\/www.nordiclightmals.com\/wp-content\/uploads\/2013\/01\/old_days11_edited-1-1024x687.jpg 1024w, https:\/\/www.nordiclightmals.com\/wp-content\/uploads\/2013\/01\/old_days11_edited-1-447x300.jpg 447w, https:\/\/www.nordiclightmals.com\/wp-content\/uploads\/2013\/01\/old_days11_edited-1.jpg 1708w\" sizes=\"auto, (max-width: 300px) 100vw, 300px\" \/><\/a>Nous sommes toujours soucieux d&rsquo;am\u00e9liorer la qualit\u00e9 de notre \u00e9levage, c&rsquo;est pourquoi au fil des ans, nous avons import\u00e9s plusieurs chiens provenant d&rsquo;\u00e9levages s\u00e9lectifs ayant toujours eu \u00e0 coeur la sant\u00e9, le temp\u00e9rament et l&rsquo;aptitude au travail. Notre programme d&rsquo;\u00e9levage est bas\u00e9 sur ces chiens qui proviennent en majorit\u00e9 d&rsquo;Europe et \u00e9galement des USA et de l&rsquo;Ouest Canadien.<\/span><\/p>\n<p><span style=\"color: #888888;\">Pour nous la sant\u00e9 des chiens est une priorit\u00e9, donc avant d&rsquo;\u00eatre reproduits, les reproducteurs sont toujours test\u00e9s et certifi\u00e9s en sant\u00e9. Ils sont donc certifi\u00e9s pour les hanches, les coudes et les yeux \u00e0 l&rsquo;OFA. De plus, maintenant qu&rsquo;un test d&rsquo;ADN est possible pour la polyneuropathie (PN), nous avons commenc\u00e9s \u00e0 tester nos reproducteurs car nous ne voulons pas produire cette terrible maladie. Nous testons \u00e9galement nos reproducteurs pour le g\u00e8ne du poil long puisque c&rsquo;est ind\u00e9sirable pour un chien de travail.<\/span><\/p>\n<p><span style=\"color: #888888;\"><a href=\"http:\/\/www.nordiclightmals.com\/wp-content\/uploads\/2013\/01\/free.jpg\"><span style=\"color: #888888;\"><img loading=\"lazy\" decoding=\"async\" class=\"alignright  wp-image-3133\" title=\"free\" src=\"http:\/\/www.nordiclightmals.com\/wp-content\/uploads\/2013\/01\/free-300x128.jpg\" alt=\"\" width=\"389\" height=\"176\" \/><\/span><\/a>Le temp\u00e9rament est \u00e9galement un point tr\u00e8s important pour nous. Le temp\u00e9rament exceptionnel que nos chiens poss\u00e8dent est l&rsquo;un des nombreux points qui caract\u00e9rise un chien provenant de notre \u00e9levage. Un chien dot\u00e9 de ce temp\u00e9rament, additionn\u00e9 d&rsquo;une personnalit\u00e9 \u00e9quilibr\u00e9 et agr\u00e9able fait toute la diff\u00e9rence dans la vie de tous les jours, c&rsquo;est ce qui d\u00e9crit le mieux un \u00ab\u00a0Nordiclight\u00a0\u00bb.<\/span><\/p>\n<p align=\"left\"><span style=\"color: #888888;\"><a href=\"http:\/\/www.nordiclightmals.com\/wp-content\/uploads\/2013\/01\/172.jpg\"><span style=\"color: #888888;\"><img loading=\"lazy\" decoding=\"async\" class=\"alignleft size-medium wp-image-3135\" title=\"Nordiclight\" src=\"http:\/\/www.nordiclightmals.com\/wp-content\/uploads\/2013\/01\/172-300x199.jpg\" alt=\"\" width=\"300\" height=\"199\" srcset=\"https:\/\/www.nordiclightmals.com\/wp-content\/uploads\/2013\/01\/172-300x199.jpg 300w, https:\/\/www.nordiclightmals.com\/wp-content\/uploads\/2013\/01\/172-1024x680.jpg 1024w, https:\/\/www.nordiclightmals.com\/wp-content\/uploads\/2013\/01\/172-451x300.jpg 451w\" sizes=\"auto, (max-width: 300px) 100vw, 300px\" \/><\/span><\/a>Le Malamute est un chien actif qui a besoin d&rsquo;un minimum d&rsquo;activit\u00e9 physique chaque jour, c&rsquo;est pourquoi nous sommes extr\u00eamement s\u00e9lectifs pour le choix des futures familles. Nous s\u00e9lectionnons des gens qui aiment le plein air et qui font beaucoup d&rsquo;activit\u00e9s physiques. Si vous \u00eates int\u00e9ress\u00e9s par l&rsquo;un de nos chiens et que vous croyez que votre style de vie correspond aux besoins d&rsquo;un Malamute, nous serons heureux d&rsquo;en apprendre plus sur vous, votre famille, vos installations, vos activit\u00e9s&#8230; et bien plus!!! <\/span><\/p>\n<p align=\"left\"><span style=\"color: #888888;\">Nous esp\u00e9rons que vous passerez de bons moments sur notre site web en compagnie de nos chiens. Bonne visite!! <\/span><\/p>\n<p align=\"left\"><span style=\"color: #888888;\">Nathalie &amp; Pierre<\/span><\/p>\n<p><a href=\"http:\/\/www.nordiclightmals.com\/wp-content\/uploads\/2012\/12\/366.jpg\"><img loading=\"lazy\" decoding=\"async\" class=\" wp-image-3728 alignleft\" title=\"Nordiclight\" src=\"http:\/\/www.nordiclightmals.com\/wp-content\/uploads\/2012\/12\/366-300x199.jpg\" alt=\"\" width=\"250\" height=\"170\" \/><\/a><span style=\"color: #888888;\"><a href=\"http:\/\/www.nordiclightmals.com\/wp-content\/uploads\/2012\/12\/415.jpg\"><img loading=\"lazy\" decoding=\"async\" class=\" wp-image-3730 alignright\" title=\"Nordiclight\" src=\"http:\/\/www.nordiclightmals.com\/wp-content\/uploads\/2012\/12\/415-300x199.jpg\" alt=\"\" width=\"256\" height=\"179\" \/><\/a><\/span><\/p>\n","protected":false},"excerpt":{"rendered":"<p>Nous vous remercions de l&rsquo;int\u00e9r\u00eat que vous portez \u00e0 notre \u00e9levage et vous souhaitons la bienvenue dans notre site web.\u00a0Nous esp\u00e9rons pouvoir vous faire profiter, ne serait-ce que pour quelques instants, de notre passion qui est devenue notre mode de &hellip; <a href=\"https:\/\/www.nordiclightmals.com\/?page_id=2936\">Continuer la lecture <span class=\"meta-nav\"> \u00bb<\/span><\/a><\/p>\n","protected":false},"author":1,"featured_media":0,"parent":1844,"menu_order":5,"comment_status":"open","ping_status":"open","template":"","meta":{"footnotes":""},"class_list":["post-2936","page","type-page","status-publish","hentry"],"_links":{"self":[{"href":"https:\/\/www.nordiclightmals.com\/index.php?rest_route=\/wp\/v2\/pages\/2936","targetHints":{"allow":["GET"]}}],"collection":[{"href":"https:\/\/www.nordiclightmals.com\/index.php?rest_route=\/wp\/v2\/pages"}],"about":[{"href":"https:\/\/www.nordiclightmals.com\/index.php?rest_route=\/wp\/v2\/types\/page"}],"author":[{"embeddable":true,"href":"https:\/\/www.nordiclightmals.com\/index.php?rest_route=\/wp\/v2\/users\/1"}],"replies":[{"embeddable":true,"href":"https:\/\/www.nordiclightmals.com\/index.php?rest_route=%2Fwp%2Fv2%2Fcomments&post=2936"}],"version-history":[{"count":22,"href":"https:\/\/www.nordiclightmals.com\/index.php?rest_route=\/wp\/v2\/pages\/2936\/revisions"}],"predecessor-version":[{"id":19409,"href":"https:\/\/www.nordiclightmals.com\/index.php?rest_route=\/wp\/v2\/pages\/2936\/revisions\/19409"}],"up":[{"embeddable":true,"href":"https:\/\/www.nordiclightmals.com\/index.php?rest_route=\/wp\/v2\/pages\/1844"}],"wp:attachment":[{"href":"https:\/\/www.nordiclightmals.com\/index.php?rest_route=%2Fwp%2Fv2%2Fmedia&parent=2936"}],"curies":[{"name":"wp","href":"https:\/\/api.w.org\/{rel}","templated":true}]}}