{"id":32,"date":"2012-09-06T16:12:40","date_gmt":"2012-09-06T15:12:40","guid":{"rendered":"http:\/\/www.nordiclightmals.com\/?page_id=32"},"modified":"2025-05-25T00:41:32","modified_gmt":"2025-05-24T23:41:32","slug":"nos-males","status":"publish","type":"page","link":"https:\/\/www.nordiclightmals.com\/?page_id=32","title":{"rendered":"M\u00e2les"},"content":{"rendered":"<p><strong>JOKER&#8230; Nordiclight&rsquo;s Mad Joker WTD WTDA <\/strong><\/p>\n<p>(retrait\u00e9 dans la maison avec nous)<\/p>\n<p><strong><strong>Voir sa page <\/strong><\/strong><strong><strong>personnelle<a title=\"Nordiclight\u2019s Mad Joker \u00ab\u00a0Joker\u00a0\u00bb\" href=\"http:\/\/www.nordiclightmals.com\/?page_id=6018\"><span style=\"color: #ff0000;\"><span style=\"color: #ff0000;\"> ICI<\/span><\/span><\/a><\/strong><\/strong><a title=\"Nordiclight\u2019s Spicy Ginger WTD \u00ab\u00a0Ginger\u00a0\u00bb\" href=\"http:\/\/www.nordiclightmals.com\/?page_id=620\"><span style=\"text-decoration: underline; color: #ff0000;\"><strong><br \/>\n<\/strong><\/span><\/a><\/p>\n<p><a href=\"http:\/\/www.nordiclightmals.com\/wp-content\/uploads\/2012\/09\/DSC_0568.jpg\"><img loading=\"lazy\" decoding=\"async\" class=\"alignleft size-large wp-image-13723\" title=\"Joker\" src=\"http:\/\/www.nordiclightmals.com\/wp-content\/uploads\/2012\/09\/DSC_0568-1024x680.jpg\" alt=\"\" width=\"584\" height=\"387\" srcset=\"https:\/\/www.nordiclightmals.com\/wp-content\/uploads\/2012\/09\/DSC_0568-1024x680.jpg 1024w, https:\/\/www.nordiclightmals.com\/wp-content\/uploads\/2012\/09\/DSC_0568-300x199.jpg 300w, https:\/\/www.nordiclightmals.com\/wp-content\/uploads\/2012\/09\/DSC_0568-451x300.jpg 451w\" sizes=\"auto, (max-width: 584px) 100vw, 584px\" \/><\/a><\/p>\n<p><strong>Parents:<\/strong><\/p>\n<p>Nordiclight&rsquo;s Black VooDoo WPD WTD WTDA ROMWD x Cheyenne Nordiclight des Rives du Haut Verdon WPD (FR)<\/p>\n<p><a href=\"http:\/\/www.nordiclightmals.com\/wp-content\/uploads\/2013\/01\/638.jpg\"><img loading=\"lazy\" decoding=\"async\" class=\"alignleft  wp-image-2261\" title=\"Nordiclight's Black VooDoo WPD WTD\" src=\"http:\/\/www.nordiclightmals.com\/wp-content\/uploads\/2013\/01\/638-300x199.jpg\" alt=\"\" width=\"266\" height=\"181\" \/><\/a><a href=\"http:\/\/www.nordiclightmals.com\/wp-content\/uploads\/2013\/06\/Camp_OCT2010-159.jpg\"><img loading=\"lazy\" decoding=\"async\" class=\"alignright  wp-image-5782\" title=\"Cheyenne Nordiclight des Rives du Haut Verdon WPD (Imp. France)\" src=\"http:\/\/www.nordiclightmals.com\/wp-content\/uploads\/2013\/06\/Camp_OCT2010-159-300x240.jpg\" alt=\"\" width=\"239\" height=\"193\" \/><\/a><\/p>\n<p>_________________________________________________________________________<\/p>\n<p><strong>SYD&#8230; Nordiclight&rsquo;s Syd the Warrior WTD WTDA ROMWD<br \/>\n<\/strong><\/p>\n<p>(intact, retrait\u00e9)<\/p>\n<p><strong><strong><strong><strong><strong><strong><strong><strong><strong>Voir sa page personnelle <span style=\"color: #ff0000;\"><a title=\"Nordiclight\u2019s Syd the Warrior \u2026 SYD (intact)\" href=\"http:\/\/www.nordiclightmals.com\/?page_id=14223\"><span style=\"color: #ff0000;\">ICI<\/span><\/a><\/span><\/strong><\/strong><\/strong> <\/strong><\/strong><\/strong><\/strong><\/strong><\/strong><span style=\"color: #ff0000;\"><strong><a title=\"Nordiclight\u2019s Zack \u00ab Zack \u00bb (hope of the future)\" href=\"http:\/\/www.nordiclightmals.com\/?page_id=11682\"><span style=\"color: #ff0000;\"><strong><strong><br title=\"Nordiclight\u2019s Zack \u00ab Zack \u00bb (espoir du futur)\" \/><\/strong><\/strong><\/span><\/a><\/strong><\/span><\/p>\n<p><a href=\"http:\/\/www.nordiclightmals.com\/wp-content\/uploads\/2017\/07\/IMG_7831.jpg\"><img loading=\"lazy\" decoding=\"async\" class=\"alignleft size-large wp-image-15208\" title=\"SYD\" src=\"http:\/\/www.nordiclightmals.com\/wp-content\/uploads\/2017\/07\/IMG_7831-1024x768.jpg\" alt=\"\" width=\"584\" height=\"438\" srcset=\"https:\/\/www.nordiclightmals.com\/wp-content\/uploads\/2017\/07\/IMG_7831-1024x768.jpg 1024w, https:\/\/www.nordiclightmals.com\/wp-content\/uploads\/2017\/07\/IMG_7831-300x225.jpg 300w, https:\/\/www.nordiclightmals.com\/wp-content\/uploads\/2017\/07\/IMG_7831-399x300.jpg 399w\" sizes=\"auto, (max-width: 584px) 100vw, 584px\" \/><\/a><\/p>\n<p><strong>Parents:<\/strong><\/p>\n<p>Malamute Mountain&rsquo;s Flake for Nordiclight WPD WLD WTD WLDA WTDA (GER) x Snow Creek Great Surprise Chilli WTD WTDA (DEN)<\/p>\n<p><strong><a href=\"http:\/\/www.nordiclightmals.com\/wp-content\/uploads\/2012\/09\/flake_side.jpg\"><img loading=\"lazy\" decoding=\"async\" class=\"alignleft\" title=\"Malamute Mountain's Flake for Nordiclight WTD (Imp. Germany)\" src=\"http:\/\/www.nordiclightmals.com\/wp-content\/uploads\/2012\/09\/flake_side-300x227.jpg\" alt=\"\" width=\"248\" height=\"195\" \/><\/a><a href=\"http:\/\/www.nordiclightmals.com\/wp-content\/uploads\/2016\/07\/DSC_01071.jpg\"><img loading=\"lazy\" decoding=\"async\" class=\"wp-image-15861 alignright\" title=\"Chilli\" src=\"http:\/\/www.nordiclightmals.com\/wp-content\/uploads\/2016\/07\/DSC_01071-300x199.jpg\" alt=\"\" width=\"250\" height=\"165\" srcset=\"https:\/\/www.nordiclightmals.com\/wp-content\/uploads\/2016\/07\/DSC_01071-300x199.jpg 300w, https:\/\/www.nordiclightmals.com\/wp-content\/uploads\/2016\/07\/DSC_01071-1024x680.jpg 1024w, https:\/\/www.nordiclightmals.com\/wp-content\/uploads\/2016\/07\/DSC_01071-451x300.jpg 451w\" sizes=\"auto, (max-width: 250px) 100vw, 250px\" \/><\/a><\/strong><\/p>\n<p>_________________________________________________________________________<\/p>\n<p><strong>SPIKE&#8230; Nordiclight&rsquo;s Spike WTD WTDA<br \/>\n<\/strong><\/p>\n<p>(intact, fait partie de notre programme d&rsquo;\u00e9levage, <span style=\"color: #ff0000;\"><a style=\"color: #ff0000;\" title=\"Service de reproduction \/semences congel\u00e9es\" href=\"http:\/\/www.nordiclightmals.com\/?page_id=516\">disponible pour service de reproduction<\/a><\/span>, membre de l&rsquo;\u00e9quipe)<\/p>\n<p><strong><strong><strong><strong><strong><strong><strong><strong><strong>Voir sa page personnelle <span style=\"color: #ff0000;\"><a title=\"Nordiclight\u2019s Spike \u2018SPIKE\u2019 (espoir du futur)\" href=\"http:\/\/www.nordiclightmals.com\/?page_id=14763\"><span style=\"color: #ff0000;\">ICI<\/span><\/a><\/span><\/strong><\/strong><\/strong> <\/strong><\/strong><\/strong><\/strong><\/strong><\/strong><\/p>\n<p style=\"text-align: left;\"><strong><a href=\"http:\/\/www.nordiclightmals.com\/wp-content\/uploads\/2020\/10\/DSC_0940-scaled.jpg\"><img loading=\"lazy\" decoding=\"async\" class=\"alignleft size-large wp-image-16852\" src=\"http:\/\/www.nordiclightmals.com\/wp-content\/uploads\/2020\/10\/DSC_0940-1024x777.jpg\" alt=\"\" width=\"584\" height=\"443\" srcset=\"https:\/\/www.nordiclightmals.com\/wp-content\/uploads\/2020\/10\/DSC_0940-1024x777.jpg 1024w, https:\/\/www.nordiclightmals.com\/wp-content\/uploads\/2020\/10\/DSC_0940-300x228.jpg 300w, https:\/\/www.nordiclightmals.com\/wp-content\/uploads\/2020\/10\/DSC_0940-768x583.jpg 768w, https:\/\/www.nordiclightmals.com\/wp-content\/uploads\/2020\/10\/DSC_0940-1536x1166.jpg 1536w, https:\/\/www.nordiclightmals.com\/wp-content\/uploads\/2020\/10\/DSC_0940-2048x1554.jpg 2048w, https:\/\/www.nordiclightmals.com\/wp-content\/uploads\/2020\/10\/DSC_0940-395x300.jpg 395w\" sizes=\"auto, (max-width: 584px) 100vw, 584px\" \/><\/a>Parents:<\/strong><\/p>\n<p>Snow Creek Frost-Ice Demon WTD WTDA ROMWD (DEN) x Nordiclight\u2019s Zipp WTD WTDA<\/p>\n<p><a href=\"http:\/\/www.nordiclightmals.com\/wp-content\/uploads\/2012\/09\/demon_harness.jpg\"><img loading=\"lazy\" decoding=\"async\" class=\"\" title=\"demon_harness\" src=\"http:\/\/www.nordiclightmals.com\/wp-content\/uploads\/2012\/09\/demon_harness.jpg\" alt=\"\" width=\"231\" height=\"169\" \/>\u00a0\u00a0 <\/a><img loading=\"lazy\" decoding=\"async\" class=\"wp-image-15240  alignnone\" title=\"Zipp\" src=\"http:\/\/www.nordiclightmals.com\/wp-content\/uploads\/2016\/08\/IMG_7440-1024x757.jpg\" alt=\"\" width=\"230\" height=\"171\" srcset=\"https:\/\/www.nordiclightmals.com\/wp-content\/uploads\/2016\/08\/IMG_7440-1024x757.jpg 1024w, https:\/\/www.nordiclightmals.com\/wp-content\/uploads\/2016\/08\/IMG_7440-300x222.jpg 300w, https:\/\/www.nordiclightmals.com\/wp-content\/uploads\/2016\/08\/IMG_7440-405x300.jpg 405w\" sizes=\"auto, (max-width: 230px) 100vw, 230px\" \/><\/p>\n<p>________________________________________________________________________<\/p>\n<p><strong>BOOMER&#8230; Biisaiyowaq Boomer for Nordiclight WLD WTD WLDA WTDA (SWE)<br \/>\n<\/strong><\/p>\n<p>(intact, fait partie de notre programme d&rsquo;\u00e9levage,<span style=\"color: #ff0000;\"> <a style=\"color: #ff0000;\" title=\"Service de reproduction \/semences congel\u00e9es\" href=\"http:\/\/www.nordiclightmals.com\/?page_id=516\">disponible pour service de reproduction<\/a>,<\/span> membre de l&rsquo;\u00e9quipe)<\/p>\n<p><strong>Voir sa page personnelle <span style=\"color: #ff0000;\"><a style=\"color: #ff0000;\" href=\"http:\/\/www.nordiclightmals.com\/?page_id=16866\">ICI<\/a><\/span><\/strong><\/p>\n<p><img loading=\"lazy\" decoding=\"async\" class=\"alignleft wp-image-18282 size-large\" src=\"http:\/\/www.nordiclightmals.com\/wp-content\/uploads\/2023\/06\/IMG_7556-1024x683.jpg\" alt=\"\" width=\"584\" height=\"390\" srcset=\"https:\/\/www.nordiclightmals.com\/wp-content\/uploads\/2023\/06\/IMG_7556-1024x683.jpg 1024w, https:\/\/www.nordiclightmals.com\/wp-content\/uploads\/2023\/06\/IMG_7556-300x200.jpg 300w, https:\/\/www.nordiclightmals.com\/wp-content\/uploads\/2023\/06\/IMG_7556-768x512.jpg 768w, https:\/\/www.nordiclightmals.com\/wp-content\/uploads\/2023\/06\/IMG_7556-1536x1024.jpg 1536w, https:\/\/www.nordiclightmals.com\/wp-content\/uploads\/2023\/06\/IMG_7556-2048x1365.jpg 2048w, https:\/\/www.nordiclightmals.com\/wp-content\/uploads\/2023\/06\/IMG_7556-450x300.jpg 450w\" sizes=\"auto, (max-width: 584px) 100vw, 584px\" \/><\/p>\n<p><strong>Parents:<\/strong><\/p>\n<p>Nordic Sled Dog&rsquo;s Mi Zagreus x Back to Work High Spirit Knotte<\/p>\n<p><a href=\"http:\/\/www.nordiclightmals.com\/wp-content\/uploads\/2021\/03\/zagreus.jpg\"><img loading=\"lazy\" decoding=\"async\" class=\"alignleft  wp-image-16979\" src=\"http:\/\/www.nordiclightmals.com\/wp-content\/uploads\/2021\/03\/zagreus.jpg\" alt=\"\" width=\"193\" height=\"254\" \/><\/a><\/p>\n<p><a href=\"http:\/\/www.nordiclightmals.com\/wp-content\/uploads\/2021\/03\/Back-to-Work-High-Spirit-Knotte-2.jpg\"><img loading=\"lazy\" decoding=\"async\" class=\"alignleft  wp-image-16980\" src=\"http:\/\/www.nordiclightmals.com\/wp-content\/uploads\/2021\/03\/Back-to-Work-High-Spirit-Knotte-2.jpg\" alt=\"\" width=\"269\" height=\"205\" \/><\/a><\/p>\n<p>________________________________________________________________________<\/p>\n<p><strong>IROQUOIS&#8230; Nordiclight&rsquo;s Iroquois WTD WTDA<br \/>\n<\/strong><\/p>\n<p>(intact,\u00a0membre de l&rsquo;\u00e9quipe)<\/p>\n<p><strong>Voir sa page personnelle<span style=\"color: #ff0000;\"><a style=\"color: #ff0000;\" href=\"http:\/\/www.nordiclightmals.com\/?page_id=16649\"> ICI<\/a><\/span><\/strong><\/p>\n<p><img loading=\"lazy\" decoding=\"async\" class=\"aligncenter wp-image-19225 size-large\" src=\"http:\/\/www.nordiclightmals.com\/wp-content\/uploads\/2024\/02\/Iroquois2-1024x721.jpg\" alt=\"\" width=\"584\" height=\"411\" srcset=\"https:\/\/www.nordiclightmals.com\/wp-content\/uploads\/2024\/02\/Iroquois2-1024x721.jpg 1024w, https:\/\/www.nordiclightmals.com\/wp-content\/uploads\/2024\/02\/Iroquois2-300x211.jpg 300w, https:\/\/www.nordiclightmals.com\/wp-content\/uploads\/2024\/02\/Iroquois2-768x541.jpg 768w, https:\/\/www.nordiclightmals.com\/wp-content\/uploads\/2024\/02\/Iroquois2-1536x1082.jpg 1536w, https:\/\/www.nordiclightmals.com\/wp-content\/uploads\/2024\/02\/Iroquois2-426x300.jpg 426w, https:\/\/www.nordiclightmals.com\/wp-content\/uploads\/2024\/02\/Iroquois2.jpg 1999w\" sizes=\"auto, (max-width: 584px) 100vw, 584px\" \/><\/p>\n<p><strong>Parents:<\/strong><\/p>\n<p>Nordiclight&rsquo;s Mad Joker WTD WTDA x Nordiclight&rsquo;s Meg WTD WTDA<\/p>\n<p><img loading=\"lazy\" decoding=\"async\" class=\"alignleft  wp-image-16518\" src=\"http:\/\/www.nordiclightmals.com\/wp-content\/uploads\/2020\/03\/Joker_harness-1024x680.jpg\" alt=\"\" width=\"255\" height=\"171\" \/><\/p>\n<p><strong><a href=\"http:\/\/www.nordiclightmals.com\/wp-content\/uploads\/2014\/04\/IMG_7440.jpg\"><img loading=\"lazy\" decoding=\"async\" class=\"alignleft  wp-image-17272\" src=\"http:\/\/www.nordiclightmals.com\/wp-content\/uploads\/2021\/09\/megteam.jpg\" alt=\"\" width=\"243\" height=\"163\" \/><\/a><\/strong><\/p>\n<p>_____________________________________________________________________<\/p>\n<p><strong>KETO&#8230; Nordiclight&rsquo;s Keto Nugget WTD<br \/>\n<\/strong><\/p>\n<p>(intact, fait partie de notre programme d&rsquo;\u00e9levage, <a title=\"Service de reproduction \/semences congel\u00e9es\" href=\"http:\/\/www.nordiclightmals.com\/?page_id=516\"><span style=\"color: #ff0000;\">disponible pour service de reproduction<\/span><\/a>, membre de l&rsquo;\u00e9quipe)<\/p>\n<p><strong>Voir sa page personnelle <a href=\"http:\/\/www.nordiclightmals.com\/?page_id=17357\"><span style=\"color: #ff0000;\">ICI<\/span><\/a><\/strong><\/p>\n<p><img loading=\"lazy\" decoding=\"async\" class=\"aligncenter wp-image-19203 size-large\" src=\"http:\/\/www.nordiclightmals.com\/wp-content\/uploads\/2024\/01\/Keto-1024x720.jpg\" alt=\"\" width=\"584\" height=\"411\" srcset=\"https:\/\/www.nordiclightmals.com\/wp-content\/uploads\/2024\/01\/Keto-1024x720.jpg 1024w, https:\/\/www.nordiclightmals.com\/wp-content\/uploads\/2024\/01\/Keto-300x211.jpg 300w, https:\/\/www.nordiclightmals.com\/wp-content\/uploads\/2024\/01\/Keto-768x540.jpg 768w, https:\/\/www.nordiclightmals.com\/wp-content\/uploads\/2024\/01\/Keto-1536x1080.jpg 1536w, https:\/\/www.nordiclightmals.com\/wp-content\/uploads\/2024\/01\/Keto-2048x1440.jpg 2048w, https:\/\/www.nordiclightmals.com\/wp-content\/uploads\/2024\/01\/Keto-427x300.jpg 427w\" sizes=\"auto, (max-width: 584px) 100vw, 584px\" \/><\/p>\n<p><strong>Parents:<\/strong><\/p>\n<p>Nordiclight&rsquo;s Spike WTD WTDA x Nordiclight&rsquo;s Flip WTD WTDA<\/p>\n<p><img loading=\"lazy\" decoding=\"async\" class=\"alignleft wp-image-16852 \" src=\"http:\/\/www.nordiclightmals.com\/wp-content\/uploads\/2020\/10\/DSC_0940-1024x777.jpg\" alt=\"\" width=\"228\" height=\"174\" srcset=\"https:\/\/www.nordiclightmals.com\/wp-content\/uploads\/2020\/10\/DSC_0940-1024x777.jpg 1024w, https:\/\/www.nordiclightmals.com\/wp-content\/uploads\/2020\/10\/DSC_0940-300x228.jpg 300w, https:\/\/www.nordiclightmals.com\/wp-content\/uploads\/2020\/10\/DSC_0940-768x583.jpg 768w, https:\/\/www.nordiclightmals.com\/wp-content\/uploads\/2020\/10\/DSC_0940-1536x1166.jpg 1536w, https:\/\/www.nordiclightmals.com\/wp-content\/uploads\/2020\/10\/DSC_0940-2048x1554.jpg 2048w, https:\/\/www.nordiclightmals.com\/wp-content\/uploads\/2020\/10\/DSC_0940-395x300.jpg 395w\" sizes=\"auto, (max-width: 228px) 100vw, 228px\" \/><img loading=\"lazy\" decoding=\"async\" class=\"wp-image-18172  alignright\" src=\"http:\/\/www.nordiclightmals.com\/wp-content\/uploads\/2023\/02\/IMG_9514-1024x683.jpg\" alt=\"\" width=\"251\" height=\"171\" \/><\/p>\n<p>___________________________________________________________________<\/p>\n<p><strong>GROOVE\u2026 Nordiclight\u2019s in the Groove WTD<br \/>\n<\/strong><\/p>\n<p>(intact, membre de l&rsquo;\u00e9quipe)<\/p>\n<p><strong>Voir sa page personnelle <a href=\"http:\/\/www.nordiclightmals.com\/?page_id=18202\"><span style=\"color: #ff0000;\">ICI <\/span><\/a><\/strong><\/p>\n<p><img loading=\"lazy\" decoding=\"async\" class=\"aligncenter wp-image-19661 size-large\" src=\"http:\/\/www.nordiclightmals.com\/wp-content\/uploads\/2025\/03\/groove-2ans-1024x719.jpg\" alt=\"\" width=\"584\" height=\"410\" srcset=\"https:\/\/www.nordiclightmals.com\/wp-content\/uploads\/2025\/03\/groove-2ans-1024x719.jpg 1024w, https:\/\/www.nordiclightmals.com\/wp-content\/uploads\/2025\/03\/groove-2ans-300x211.jpg 300w, https:\/\/www.nordiclightmals.com\/wp-content\/uploads\/2025\/03\/groove-2ans-768x539.jpg 768w, https:\/\/www.nordiclightmals.com\/wp-content\/uploads\/2025\/03\/groove-2ans-1536x1079.jpg 1536w, https:\/\/www.nordiclightmals.com\/wp-content\/uploads\/2025\/03\/groove-2ans-427x300.jpg 427w, https:\/\/www.nordiclightmals.com\/wp-content\/uploads\/2025\/03\/groove-2ans.jpg 2048w\" sizes=\"auto, (max-width: 584px) 100vw, 584px\" \/><\/p>\n<p><strong>Parents<\/strong><\/p>\n<p>Biisaiyowaq Boomer for Nordiclight WLD WTD WLDA WTDA (SWE) x Nordiclight\u2019s Izzy WTD WTDA ROMWD<\/p>\n<p><img loading=\"lazy\" decoding=\"async\" class=\"alignleft wp-image-17565 \" src=\"http:\/\/www.nordiclightmals.com\/wp-content\/uploads\/2022\/01\/IMG_5688-1024x683.jpg\" alt=\"\" width=\"228\" height=\"156\" \/><\/p>\n<p><strong><img loading=\"lazy\" decoding=\"async\" class=\"wp-image-17883  alignright\" src=\"http:\/\/www.nordiclightmals.com\/wp-content\/uploads\/2022\/06\/IMG_6249-1024x683.jpg\" alt=\"\" width=\"227\" height=\"155\" \/><\/strong><\/p>\n<p>_____________________________________________________________________<\/p>\n<p><strong>ST\u00c9RILIS\u00c9<\/strong><\/p>\n<p><strong>ACE&#8230; Nordiclight&rsquo;s Ace Racer WTD WTDA<br \/>\n<\/strong><\/p>\n<p>(st\u00e9rilis\u00e9, membre de l&rsquo;\u00e9quipe)<\/p>\n<p><strong>Voir sa page personnelle <a href=\"http:\/\/www.nordiclightmals.com\/?page_id=17653\"><span style=\"color: #ff0000;\">ICI<\/span><\/a><\/strong><\/p>\n<p><img loading=\"lazy\" decoding=\"async\" class=\"alignleft wp-image-18115 size-large\" src=\"http:\/\/www.nordiclightmals.com\/wp-content\/uploads\/2023\/01\/IMG_2494-1024x683.jpg\" alt=\"\" width=\"584\" height=\"390\" srcset=\"https:\/\/www.nordiclightmals.com\/wp-content\/uploads\/2023\/01\/IMG_2494-1024x683.jpg 1024w, https:\/\/www.nordiclightmals.com\/wp-content\/uploads\/2023\/01\/IMG_2494-300x200.jpg 300w, https:\/\/www.nordiclightmals.com\/wp-content\/uploads\/2023\/01\/IMG_2494-768x512.jpg 768w, https:\/\/www.nordiclightmals.com\/wp-content\/uploads\/2023\/01\/IMG_2494-1536x1024.jpg 1536w, https:\/\/www.nordiclightmals.com\/wp-content\/uploads\/2023\/01\/IMG_2494-2048x1365.jpg 2048w, https:\/\/www.nordiclightmals.com\/wp-content\/uploads\/2023\/01\/IMG_2494-450x300.jpg 450w\" sizes=\"auto, (max-width: 584px) 100vw, 584px\" \/><\/p>\n<p><strong>Parents:<\/strong><\/p>\n<p>Nordiclight&rsquo;s Syd the Warrior WTD WTDA ROMWD x Nordiclight&rsquo;s Jett WTD ROMWD<\/p>\n<p><img loading=\"lazy\" decoding=\"async\" class=\"alignleft  wp-image-17275\" src=\"http:\/\/www.nordiclightmals.com\/wp-content\/uploads\/2021\/09\/sydteam.jpg\" alt=\"\" width=\"247\" height=\"187\" \/><\/p>\n<p><strong><a href=\"http:\/\/www.nordiclightmals.com\/wp-content\/uploads\/2014\/04\/IMG_7440.jpg\"><img loading=\"lazy\" decoding=\"async\" class=\"alignleft  wp-image-16831\" src=\"http:\/\/www.nordiclightmals.com\/wp-content\/uploads\/2020\/08\/DSC_1088-2-1024x812.jpg\" alt=\"\" width=\"229\" height=\"184\" \/><\/a><\/strong><\/p>\n<p>_____________________________________________________________________<\/p>\n","protected":false},"excerpt":{"rendered":"<p>JOKER&#8230; Nordiclight&rsquo;s Mad Joker WTD WTDA (retrait\u00e9 dans la maison avec nous) Voir sa page personnelle ICI Parents: Nordiclight&rsquo;s Black VooDoo WPD WTD WTDA ROMWD x Cheyenne Nordiclight des Rives du Haut Verdon WPD (FR) _________________________________________________________________________ SYD&#8230; Nordiclight&rsquo;s Syd the &hellip; <a href=\"https:\/\/www.nordiclightmals.com\/?page_id=32\">Continuer la lecture <span class=\"meta-nav\"> \u00bb<\/span><\/a><\/p>\n","protected":false},"author":1,"featured_media":0,"parent":609,"menu_order":2,"comment_status":"open","ping_status":"closed","template":"","meta":{"footnotes":""},"class_list":["post-32","page","type-page","status-publish","hentry"],"_links":{"self":[{"href":"https:\/\/www.nordiclightmals.com\/index.php?rest_route=\/wp\/v2\/pages\/32","targetHints":{"allow":["GET"]}}],"collection":[{"href":"https:\/\/www.nordiclightmals.com\/index.php?rest_route=\/wp\/v2\/pages"}],"about":[{"href":"https:\/\/www.nordiclightmals.com\/index.php?rest_route=\/wp\/v2\/types\/page"}],"author":[{"embeddable":true,"href":"https:\/\/www.nordiclightmals.com\/index.php?rest_route=\/wp\/v2\/users\/1"}],"replies":[{"embeddable":true,"href":"https:\/\/www.nordiclightmals.com\/index.php?rest_route=%2Fwp%2Fv2%2Fcomments&post=32"}],"version-history":[{"count":208,"href":"https:\/\/www.nordiclightmals.com\/index.php?rest_route=\/wp\/v2\/pages\/32\/revisions"}],"predecessor-version":[{"id":19777,"href":"https:\/\/www.nordiclightmals.com\/index.php?rest_route=\/wp\/v2\/pages\/32\/revisions\/19777"}],"up":[{"embeddable":true,"href":"https:\/\/www.nordiclightmals.com\/index.php?rest_route=\/wp\/v2\/pages\/609"}],"wp:attachment":[{"href":"https:\/\/www.nordiclightmals.com\/index.php?rest_route=%2Fwp%2Fv2%2Fmedia&parent=32"}],"curies":[{"name":"wp","href":"https:\/\/api.w.org\/{rel}","templated":true}]}}