{"id":44,"date":"2012-09-06T01:31:15","date_gmt":"2012-09-06T00:31:15","guid":{"rendered":"http:\/\/www.nordiclightmals.com\/?page_id=44"},"modified":"2018-01-29T00:18:02","modified_gmt":"2018-01-28T23:18:02","slug":"photos","status":"publish","type":"page","link":"https:\/\/www.nordiclightmals.com\/?page_id=44","title":{"rendered":"Photos"},"content":{"rendered":"<p style=\"text-align: center;\"><a href=\"http:\/\/www.nordiclightmals.com\/wp-content\/uploads\/2012\/09\/DSC_0413.jpg\"><img loading=\"lazy\" decoding=\"async\" class=\"aligncenter size-full wp-image-14596\" title=\"DSC_0413\" src=\"http:\/\/www.nordiclightmals.com\/wp-content\/uploads\/2012\/09\/DSC_0413.jpg\" alt=\"\" width=\"3216\" height=\"2136\" srcset=\"https:\/\/www.nordiclightmals.com\/wp-content\/uploads\/2012\/09\/DSC_0413.jpg 3216w, https:\/\/www.nordiclightmals.com\/wp-content\/uploads\/2012\/09\/DSC_0413-300x199.jpg 300w, https:\/\/www.nordiclightmals.com\/wp-content\/uploads\/2012\/09\/DSC_0413-1024x680.jpg 1024w, https:\/\/www.nordiclightmals.com\/wp-content\/uploads\/2012\/09\/DSC_0413-451x300.jpg 451w\" sizes=\"auto, (max-width: 3216px) 100vw, 3216px\" \/><\/a>Nous vous invitons \u00e0 visiter notre vaste s\u00e9lection d&rsquo;album photos. Au fil des ans, nous avons accumul\u00e9s un nombre impressionnant de photos qu&rsquo;il nous fait plaisir de partager avec vous.<\/p>\n<p style=\"text-align: center;\">We invite you to visit our wide selection of photo albums. Over the years, we have accumulated an impressive number of photos that we are pleased to share with you.<\/p>\n<p><a href=\"http:\/\/www.nordiclightmals.com\/wp-content\/uploads\/2012\/09\/DSC_1174.jpg\"><img loading=\"lazy\" decoding=\"async\" class=\"aligncenter  wp-image-14597\" title=\"Chilli\" src=\"http:\/\/www.nordiclightmals.com\/wp-content\/uploads\/2012\/09\/DSC_1174.jpg\" alt=\"\" width=\"453\" height=\"613\" \/><\/a><\/p>\n","protected":false},"excerpt":{"rendered":"<p>Nous vous invitons \u00e0 visiter notre vaste s\u00e9lection d&rsquo;album photos. Au fil des ans, nous avons accumul\u00e9s un nombre impressionnant de photos qu&rsquo;il nous fait plaisir de partager avec vous. We invite you to visit our wide selection of photo &hellip; <a href=\"https:\/\/www.nordiclightmals.com\/?page_id=44\">Continuer la lecture <span class=\"meta-nav\"> \u00bb<\/span><\/a><\/p>\n","protected":false},"author":1,"featured_media":0,"parent":0,"menu_order":4,"comment_status":"open","ping_status":"open","template":"","meta":{"footnotes":""},"class_list":["post-44","page","type-page","status-publish","hentry"],"_links":{"self":[{"href":"https:\/\/www.nordiclightmals.com\/index.php?rest_route=\/wp\/v2\/pages\/44","targetHints":{"allow":["GET"]}}],"collection":[{"href":"https:\/\/www.nordiclightmals.com\/index.php?rest_route=\/wp\/v2\/pages"}],"about":[{"href":"https:\/\/www.nordiclightmals.com\/index.php?rest_route=\/wp\/v2\/types\/page"}],"author":[{"embeddable":true,"href":"https:\/\/www.nordiclightmals.com\/index.php?rest_route=\/wp\/v2\/users\/1"}],"replies":[{"embeddable":true,"href":"https:\/\/www.nordiclightmals.com\/index.php?rest_route=%2Fwp%2Fv2%2Fcomments&post=44"}],"version-history":[{"count":9,"href":"https:\/\/www.nordiclightmals.com\/index.php?rest_route=\/wp\/v2\/pages\/44\/revisions"}],"predecessor-version":[{"id":14599,"href":"https:\/\/www.nordiclightmals.com\/index.php?rest_route=\/wp\/v2\/pages\/44\/revisions\/14599"}],"wp:attachment":[{"href":"https:\/\/www.nordiclightmals.com\/index.php?rest_route=%2Fwp%2Fv2%2Fmedia&parent=44"}],"curies":[{"name":"wp","href":"https:\/\/api.w.org\/{rel}","templated":true}]}}