{"id":6385,"date":"2013-09-21T22:27:27","date_gmt":"2013-09-21T21:27:27","guid":{"rendered":"http:\/\/www.nordiclightmals.com\/?page_id=6385"},"modified":"2023-07-01T19:51:30","modified_gmt":"2023-07-01T18:51:30","slug":"liens-links","status":"publish","type":"page","link":"https:\/\/www.nordiclightmals.com\/?page_id=6385","title":{"rendered":"Liens \/ Links"},"content":{"rendered":"<p style=\"text-align: center;\"><span style=\"text-decoration: underline; color: #ff0000;\"><strong><a href=\"http:\/\/www.nordiclightmals.com\/wp-content\/uploads\/2017\/02\/DSC_0224.jpg\" data-wplink-edit=\"true\"><img loading=\"lazy\" decoding=\"async\" class=\"aligncenter size-full wp-image-14016\" title=\"Nordiclight, photographe\/photographer: Fred Biss\" src=\"http:\/\/www.nordiclightmals.com\/wp-content\/uploads\/2017\/02\/DSC_0224.jpg\" alt=\"\" width=\"3216\" height=\"2136\" srcset=\"https:\/\/www.nordiclightmals.com\/wp-content\/uploads\/2017\/02\/DSC_0224.jpg 3216w, https:\/\/www.nordiclightmals.com\/wp-content\/uploads\/2017\/02\/DSC_0224-300x199.jpg 300w, https:\/\/www.nordiclightmals.com\/wp-content\/uploads\/2017\/02\/DSC_0224-1024x680.jpg 1024w, https:\/\/www.nordiclightmals.com\/wp-content\/uploads\/2017\/02\/DSC_0224-451x300.jpg 451w\" sizes=\"auto, (max-width: 3216px) 100vw, 3216px\" \/><\/a>Facebook<\/strong><\/span><\/p>\n<p><span style=\"color: #ff0000;\"><a href=\"https:\/\/www.facebook.com\/NordiclightWorkingKennel\" target=\"_blank\" rel=\"noopener\"><span style=\"color: #ff0000;\">Nordiclight Alaskan Malamutes<\/span><\/a>:<\/span> Notre page FB sur notre \u00e9levage. Venez nous visiter et montrez-nous votre int\u00e9r\u00eat en cliquant le bouton \u00ab\u00a0J&rsquo;AIME\u00a0\u00bb. Ainsi, vous pourrez recevoir nos mises \u00e0 jour dans votre journal.<\/p>\n<p><span style=\"color: #ff0000;\"><a href=\"https:\/\/www.facebook.com\/NordiclightWorkingKennel\" target=\"_blank\" rel=\"noopener\"><span style=\"color: #ff0000;\">Nordiclight Alaskan Malamutes<\/span><\/a>:<\/span> Our FB page about our kennel. <span id=\"result_box\" lang=\"en\"><span class=\"hps\">Come visit us and<\/span> <span class=\"hps\">show us your<\/span> <span class=\"hps\">interest<\/span> <span class=\"hps atn\">by clicking the \u00ab\u00a0<\/span>LIKE<span class=\"hps\">\u00a0\u00bb button<\/span>. <span class=\"hps\">Thus, you will<\/span> <span class=\"hps\">receive our<\/span> <span class=\"hps\">updates<\/span> <span class=\"hps\">on your wall.<a href=\"http:\/\/www.nordiclightmals.com\/wp-content\/uploads\/2017\/02\/DSC_0214-2.jpg\"><img loading=\"lazy\" decoding=\"async\" class=\"aligncenter size-full wp-image-14012\" title=\"Nordiclight, photographe\/photographer: Fred Biss\" src=\"http:\/\/www.nordiclightmals.com\/wp-content\/uploads\/2017\/02\/DSC_0214-2.jpg\" alt=\"\" width=\"2364\" height=\"1772\" srcset=\"https:\/\/www.nordiclightmals.com\/wp-content\/uploads\/2017\/02\/DSC_0214-2.jpg 2364w, https:\/\/www.nordiclightmals.com\/wp-content\/uploads\/2017\/02\/DSC_0214-2-300x224.jpg 300w, https:\/\/www.nordiclightmals.com\/wp-content\/uploads\/2017\/02\/DSC_0214-2-1024x767.jpg 1024w, https:\/\/www.nordiclightmals.com\/wp-content\/uploads\/2017\/02\/DSC_0214-2-400x300.jpg 400w\" sizes=\"auto, (max-width: 2364px) 100vw, 2364px\" \/><\/a><\/span><\/span><\/p>\n<p><span style=\"color: #ff0000;\"><a href=\"https:\/\/www.facebook.com\/groups\/130847533666295\/\" target=\"_blank\" rel=\"noopener\"><span style=\"color: #ff0000;\">AMWS (Alaskan Malamute&#8230;Working Side): <\/span><\/a><\/span>groupe FB d\u00e9di\u00e9 aux Malamutes au travail, cr\u00e9\u00e9 par moi-m\u00eame (Nathalie Roy) et administr\u00e9 avec d&rsquo;autres passionn\u00e9s de la race et du travail. Joignez-vous \u00e0 nous!!<\/p>\n<p><span id=\"result_box\" lang=\"en\"><span class=\"hps\"><span style=\"color: #ff0000;\"><a href=\"https:\/\/www.facebook.com\/groups\/130847533666295\/\" target=\"_blank\" rel=\"noopener\"><span style=\"color: #ff0000;\">AMWS (Alaskan Malamute&#8230;Working Side):<\/span><\/a> <\/span>FB group dedicated to Malamutes at work<\/span>, created by <span class=\"hps\">myself<\/span> <span class=\"hps\">(Nathalie<\/span> <span class=\"hps\">Roy)<\/span> <span class=\"hps\">and<\/span> <span class=\"hps\">administered with<\/span> <span class=\"hps\">other passionate of the<\/span> <span class=\"hps\">breed<\/span> <span class=\"hps\">and working activities.<\/span> <span class=\"hps\">Join<\/span> <span class=\"hps\">us!<\/span><\/span><\/p>\n<p><a href=\"http:\/\/www.nordiclightmals.com\/wp-content\/uploads\/2013\/01\/234.jpg\"><img loading=\"lazy\" decoding=\"async\" class=\"alignleft size-large wp-image-18987\" src=\"http:\/\/www.nordiclightmals.com\/wp-content\/uploads\/2023\/07\/IMG_team2-1024x729.jpg\" alt=\"\" width=\"584\" height=\"416\" srcset=\"https:\/\/www.nordiclightmals.com\/wp-content\/uploads\/2023\/07\/IMG_team2-1024x729.jpg 1024w, https:\/\/www.nordiclightmals.com\/wp-content\/uploads\/2023\/07\/IMG_team2-300x213.jpg 300w, https:\/\/www.nordiclightmals.com\/wp-content\/uploads\/2023\/07\/IMG_team2-768x546.jpg 768w, https:\/\/www.nordiclightmals.com\/wp-content\/uploads\/2023\/07\/IMG_team2-1536x1093.jpg 1536w, https:\/\/www.nordiclightmals.com\/wp-content\/uploads\/2023\/07\/IMG_team2-2048x1457.jpg 2048w, https:\/\/www.nordiclightmals.com\/wp-content\/uploads\/2023\/07\/IMG_team2-422x300.jpg 422w\" sizes=\"auto, (max-width: 584px) 100vw, 584px\" \/><\/a><\/p>\n<p style=\"text-align: center;\"><span style=\"text-decoration: underline; color: #ff0000;\"><strong>Clubs de Malamutes \/ Malamutes club<br \/><\/strong><\/span><\/p>\n<p style=\"text-align: center;\"><span style=\"color: #ff0000;\"><a href=\"http:\/\/www.alaskanmalamute.ca\/\" target=\"_blank\" rel=\"noopener\"><span style=\"color: #ff0000;\">AMCC<\/span><\/a><\/span> (Alaskan malamute Club Canada)<\/p>\n<p style=\"text-align: center;\"><span style=\"color: #ff0000;\"><a href=\"http:\/\/alaskanmalamute.org\/\" target=\"_blank\" rel=\"noopener\"><span style=\"color: #ff0000;\">AMCA<\/span><\/a><\/span> (Alaskan malamute Club America)<\/p>\n<p style=\"text-align: center;\"><strong><span style=\"color: #ff0000;\">Programme de titres de travail de l&rsquo;AMCA \/ AMCA working titles program:<\/span><\/strong><\/p>\n<p style=\"text-align: center;\">R\u00e8glements<strong> et applications<\/strong> \/ rules <strong>and applications<\/strong>:<\/p>\n<p style=\"text-align: center;\"><span style=\"color: #ff0000;\">\u00a0<a href=\"http:\/\/alaskanmalamute.org\/working\/working-dog\/working-dog-rules-application\" target=\"_blank\" rel=\"noopener\"><span style=\"color: #ff0000;\">WPD, WTD, WLD &amp; WWPD<\/span><\/a><\/span><\/p>\n<ul>\n<li style=\"text-align: center;\">les liens pour les titres Advanced &amp; Excellent pourront \u00eatre trouv\u00e9s par cette page \u00e9galement<\/li>\n<li style=\"text-align: center;\">the links for the Advanced &amp; Excellent titles can be found by this page too<\/li>\n<\/ul>\n<p style=\"text-align: center;\">(les applications pour les titres Advanced ou Excellent sont les m\u00eames que pour les titres r\u00e9guliers, alors voir le lien des formulaires pour les titres r\u00e9guliers pour les obtenir \/ the applications for the Advanced or the Excellent titles are the same than for the regular title, so you will find the links by this page)<\/p>\n<p style=\"text-align: center;\"><span style=\"text-decoration: underline; color: #ff0000;\"><strong>Sant\u00e9 \/ Health<\/strong><\/span><\/p>\n<p><a href=\"http:\/\/www.nordiclightmals.com\/wp-content\/uploads\/2013\/06\/action_nova_jump_over_lightning.jpg\"><img loading=\"lazy\" decoding=\"async\" class=\"aligncenter  wp-image-5705\" title=\"Nova saute par dessus Lightning \/ Nova jump over Lightning\" src=\"http:\/\/www.nordiclightmals.com\/wp-content\/uploads\/2013\/06\/action_nova_jump_over_lightning-300x276.jpg\" alt=\"\" width=\"418\" height=\"386\" srcset=\"https:\/\/www.nordiclightmals.com\/wp-content\/uploads\/2013\/06\/action_nova_jump_over_lightning-300x276.jpg 300w, https:\/\/www.nordiclightmals.com\/wp-content\/uploads\/2013\/06\/action_nova_jump_over_lightning-325x300.jpg 325w, https:\/\/www.nordiclightmals.com\/wp-content\/uploads\/2013\/06\/action_nova_jump_over_lightning.jpg 401w\" sizes=\"auto, (max-width: 418px) 100vw, 418px\" \/><\/a><\/p>\n<p><span style=\"color: #c0c0c0;\"><a href=\"https:\/\/www.avma.org\/Pages\/home.aspx\" target=\"_blank\" rel=\"noopener\"><span style=\"color: #c0c0c0;\">AVMA (american veterinary medical association)<\/span><\/a><\/span><\/p>\n<p><span style=\"color: #c0c0c0;\"><a href=\"http:\/\/www.biomedcentral.com\/1471-2156\/11\/71\" target=\"_blank\" rel=\"noopener\"><span style=\"color: #c0c0c0;\">BMC Genetics (A genetic dissection of breed composition and performance enhancement in the Alaskan sled dog)<\/span><\/a><\/span><\/p>\n<p><span style=\"color: #c0c0c0;\"><a href=\"http:\/\/www.canine-epilepsy.net\/\" target=\"_blank\" rel=\"noopener\"><span style=\"color: #c0c0c0;\">Canine Epilepsy Network<\/span><\/a><\/span><\/p>\n<p><span style=\"color: #c0c0c0;\"><a href=\"http:\/\/www.vet.cornell.edu\/\" target=\"_blank\" rel=\"noopener\"><span style=\"color: #c0c0c0;\">Cornell University (college of veterinary medicine)<\/span><\/a><\/span><\/p>\n<p><span style=\"color: #ff0000;\"><a href=\"http:\/\/www.vetdnacenter.com\/\" target=\"_blank\" rel=\"noopener\"><span style=\"color: #ff0000;\">DDC Veterinary (DNA testing)<\/span><\/a><\/span><\/p>\n<p><span style=\"color: #c0c0c0;\"><a href=\"http:\/\/dogtorj.com\/\" target=\"_blank\" rel=\"noopener\"><span style=\"color: #c0c0c0;\">Doctor J<\/span><\/a><\/span><\/p>\n<p><span style=\"color: #c0c0c0;\"><a href=\"http:\/\/www.dvm360.com\/\" target=\"_blank\" rel=\"noopener\"><span style=\"color: #c0c0c0;\">DVM 360<\/span><\/a><\/span><\/p>\n<p><span style=\"color: #ff0000;\"><a style=\"color: #ff0000;\" href=\"https:\/\/embarkvet.com\/\" target=\"_blank\" rel=\"noopener\">Embark<\/a><\/span><\/p>\n<p><span style=\"color: #c0c0c0;\"><a href=\"http:\/\/www.angelfire.com\/oh3\/rescuedogs\/cdemergency.html\" target=\"_blank\" rel=\"noopener\"><span style=\"color: #c0c0c0;\">Highland Animal Sanctuary (emergency measures)<\/span><\/a><\/span><\/p>\n<p><span style=\"color: #c0c0c0;\"><a href=\"http:\/\/www.isdvma.org\/\" target=\"_blank\" rel=\"noopener\"><span style=\"color: #c0c0c0;\">International Sled Dog Veterinary Medical Association<\/span><\/a><\/span><\/p>\n<p><span style=\"color: #c0c0c0;\"><a href=\"http:\/\/www.merckvetmanual.com\/mvm\/index.jsp\" target=\"_blank\" rel=\"noopener\"><span style=\"color: #c0c0c0;\">Merck Veterinary Manual<\/span><\/a><\/span><\/p>\n<p><span style=\"color: #ff0000;\"><a href=\"http:\/\/offa.org\/\" target=\"_blank\" rel=\"noopener\"><span style=\"color: #ff0000;\">Orthopedic Foundation for Animals (OFA)<\/span><\/a><\/span><\/p>\n<p><span style=\"color: #c0c0c0;\"><a href=\"http:\/\/research.vet.upenn.edu\/Default.aspx?alias=research.vet.upenn.edu\/pennhip\" target=\"_blank\" rel=\"noopener\"><span style=\"color: #c0c0c0;\">PennHip<\/span><\/a><\/span><\/p>\n<p><span style=\"color: #c0c0c0;\"><a href=\"http:\/\/www.youtube.com\/watch?v=yihpOUnJ9ww&amp;feature=share\" target=\"_blank\" rel=\"noopener\"><span style=\"color: #c0c0c0;\">Sled dog examination by Tim Hunt<\/span><\/a><\/span><\/p>\n<p><span style=\"color: #c0c0c0;\"><a href=\"http:\/\/www.vethelpdirect.com\/\" target=\"_blank\" rel=\"noopener\"><span style=\"color: #c0c0c0;\">Vet Help Direct<\/span><\/a><\/span><\/p>\n<p><a href=\"http:\/\/www.nordiclightmals.com\/wp-content\/uploads\/2013\/09\/041.jpg\"><img loading=\"lazy\" decoding=\"async\" class=\"aligncenter  wp-image-11187\" title=\"LightFoot's jump\" src=\"http:\/\/www.nordiclightmals.com\/wp-content\/uploads\/2013\/09\/041.jpg\" alt=\"\" width=\"440\" height=\"316\" \/><\/a><\/p>\n<h4><span style=\"text-decoration: underline; color: #c0c0c0;\"><strong>Articles<\/strong><\/span><\/h4>\n<p><span style=\"color: #c0c0c0;\"><a href=\"http:\/\/www.risingwoods.org\/OURFAMILY\/THEDOGS\/knowntoxicfoodsfordogs.htm\" target=\"_blank\" rel=\"noopener\"><span style=\"color: #c0c0c0;\"><strong>*** Known Toxic foods for dogs<\/strong><\/span><\/a><\/span><\/p>\n<p><span style=\"color: #c0c0c0;\"><a href=\"http:\/\/www.aspca.org\/pet-care\/poison-control\/\/\" target=\"_blank\" rel=\"noopener\"><span style=\"color: #c0c0c0;\"><strong>*** Animal Poison Control Center<\/strong><\/span><\/a><\/span><\/p>\n<p style=\"text-align: center;\"><span style=\"text-decoration: underline; color: #ff0000;\"><strong>\u00c9quipements \/ Equipments<\/strong><\/span><\/p>\n<p><a href=\"http:\/\/www.nordiclightmals.com\/wp-content\/uploads\/2013\/08\/01_FaithSummer.jpg\"><img loading=\"lazy\" decoding=\"async\" class=\"aligncenter  wp-image-6241\" title=\"Nordiclight... Faith &amp; Summer\" src=\"http:\/\/www.nordiclightmals.com\/wp-content\/uploads\/2013\/08\/01_FaithSummer-300x209.jpg\" alt=\"\" width=\"456\" height=\"323\" \/><\/a><\/p>\n<p><span style=\"text-decoration: underline;\"><strong>Canada<\/strong><\/span><\/p>\n<p><a href=\"https:\/\/nahak.ca\/\" target=\"_blank\" rel=\"noopener\">Nahak<\/a><\/p>\n<p><a href=\"https:\/\/www.facebook.com\/profile.php?id=100091654545657\" data-wplink-edit=\"true\">Sing&rsquo;l trak dog supplies<\/a><\/p>\n<p><a href=\"http:\/\/www.akkosports.com\/\" target=\"_blank\" rel=\"noopener\">Akko Sport (QC)<\/a><\/p>\n<p><a href=\"http:\/\/www.canadog.ca\/\" target=\"_blank\" rel=\"noopener\">Canadadog (MB)<\/a><\/p>\n<p><a href=\"http:\/\/www.paws-e-trax.com\/\" target=\"_blank\" rel=\"noopener\">Paws-e-Trax (ON)<\/a><\/p>\n<p><a href=\"https:\/\/tanzilla.ca\/\" target=\"_blank\" rel=\"noopener\">Tanzilla (YT)<\/a><\/p>\n<h4><span style=\"text-decoration: underline;\"><strong>Europe<\/strong><\/span><\/h4>\n<h4>\u00a0<\/h4>\n<p><a href=\"http:\/\/www.antipodesled.com\/\" target=\"_blank\" rel=\"noopener\">Antipode (France)<\/a><\/p>\n<p><a href=\"http:\/\/www.cani-fit.com\/\" target=\"_blank\" rel=\"noopener\">Cani-Fit (UK)<\/a><\/p>\n<p><a href=\"http:\/\/www.autohundeboxen.at\/\" target=\"_blank\" rel=\"noopener\">Fritz dog boxes (Austria)<\/a><\/p>\n<p><a href=\"http:\/\/www.manmat.cz\/en\/home\" target=\"_blank\" rel=\"noopener\">ManMat (Czech Republic)<\/a><\/p>\n<p><a href=\"http:\/\/www.hundeschlitten.at\/\" target=\"_blank\" rel=\"noopener\">RSS (Austria)<\/a><\/p>\n<p><a href=\"http:\/\/www.sassdogequipment.co.uk\/\" target=\"_blank\" rel=\"noopener\">SASS (UK)<\/a><\/p>\n<p><a href=\"http:\/\/www.snowpawstore.com\/\" target=\"_blank\" rel=\"noopener\">Snowpaw Store (UK)<\/a><\/p>\n<p><a href=\"http:\/\/www.swisscool-mushing.com\/\" target=\"_blank\" rel=\"noopener\">Swisscool-mushing<\/a><\/p>\n<h4><span style=\"text-decoration: underline;\"><strong>Scandinavia<\/strong><\/span><\/h4>\n<h4>\u00a0<\/h4>\n<p><a href=\"http:\/\/www.bjorkis.com\/default.aspx?PageNr=3\" target=\"_blank\" rel=\"noopener\">Bj\u00f6rkis (Sweden)<\/a><\/p>\n<p><a href=\"http:\/\/www.non-stopdogwear.no\/\" target=\"_blank\" rel=\"noopener\">Non-Stop Dog Wear (Norway)<\/a><\/p>\n<p><a href=\"http:\/\/www.seleverkstedet.no\/\" target=\"_blank\" rel=\"noopener\">Sleverkstedet (Norway)<\/a><\/p>\n<h4><span style=\"text-decoration: underline;\"><strong>USA<\/strong><\/span><\/h4>\n<h4>\u00a0<\/h4>\n<p><a href=\"http:\/\/www.10squaredracing.com\/index.shtml\" target=\"_blank\" rel=\"noopener\">10 Squared Racing (MN)<\/a><\/p>\n<p><a href=\"http:\/\/www.affordabledogsleds.com\/\" target=\"_blank\" rel=\"noopener\">Affordable Dog Sleds (WI)<\/a><\/p>\n<p><a href=\"http:\/\/www.alpineoutfitters.net\/secure\/scripts\/default.asp\" data-wplink-edit=\"true\">Alpine Outfitters (CA)<\/a><\/p>\n<p><a href=\"http:\/\/www.coldspotfeeds.com\/index.php\" target=\"_blank\" rel=\"noopener\">Cold Spot Feeds (AK)<\/a><\/p>\n<p><a href=\"https:\/\/www.dogbooties.com\/\" target=\"_blank\" rel=\"noopener\">Dogbooties (MN)<\/a><\/p>\n<p><a href=\"http:\/\/howlingdogalaska.com\/\" target=\"_blank\" rel=\"noopener\">Howling Dog Alaska (KS)<\/a><\/p>\n<p><a href=\"http:\/\/www.ikonoutfitters.com\/\" target=\"_blank\" rel=\"noopener\">Ikon Outfitters (WI)<\/a><\/p>\n<p><a href=\"http:\/\/www.mtnridge.com\/\" target=\"_blank\" rel=\"noopener\">Mountain Ridge (ME)<\/a><\/p>\n<p><a href=\"http:\/\/www.nordkyn.com\/\" target=\"_blank\" rel=\"noopener\">Nordkyn (WA)<\/a><\/p>\n<p><a href=\"http:\/\/www.ruffwear.com\/\" target=\"_blank\" rel=\"noopener\">Ruffwear (OR)<\/a><\/p>\n<p><a href=\"http:\/\/www.mushingsupplies.com\/index.html\" target=\"_blank\" rel=\"noopener\">Taiga<\/a><\/p>\n<p><a href=\"http:\/\/wolfpacks.com\/\" target=\"_blank\" rel=\"noopener\">Wolf Packs (OR)<\/a><\/p>\n<p style=\"text-align: center;\"><span style=\"text-decoration: underline; color: #ff0000;\"><strong>Tra\u00eeneaux, cart, trottinette des neiges, scooter &amp; v\u00e9lo \/ Sled, cart, kicksled, scooter &amp; bike<\/strong><\/span><\/p>\n<p><a href=\"http:\/\/www.nordiclightmals.com\/wp-content\/uploads\/2013\/01\/camp_janv11-065.jpg\"><img loading=\"lazy\" decoding=\"async\" class=\"aligncenter  wp-image-2986\" title=\"Nordiclight's team\" src=\"http:\/\/www.nordiclightmals.com\/wp-content\/uploads\/2013\/01\/camp_janv11-065-300x199.jpg\" alt=\"\" width=\"463\" height=\"314\" \/><\/a><\/p>\n<h4><span style=\"text-decoration: underline; color: #c0c0c0;\"><strong>Tra\u00eeneaux, cart \/Sled, cart<\/strong><\/span><\/h4>\n<p><span style=\"color: #c0c0c0;\"><a href=\"http:\/\/traineaux.antipode.free.fr\/\" target=\"_blank\" rel=\"noopener\"><span style=\"color: #c0c0c0;\">Antipode (France, EU)<\/span><\/a><\/span><\/p>\n<p><span style=\"color: #c0c0c0;\"><a href=\"http:\/\/www.arcticstarsleds.com\/\" target=\"_blank\" rel=\"noopener\"><span style=\"color: #c0c0c0;\">Arctic Star (PA, USA)<\/span><\/a><\/span><\/p>\n<p><span style=\"color: #c0c0c0;\"><a href=\"http:\/\/www.danler-sleds.com\/\" target=\"_blank\" rel=\"noopener\"><span style=\"color: #c0c0c0;\">Danler Dogsleds (Germany, EU)<\/span><\/a><\/span><\/p>\n<p><span style=\"color: #c0c0c0;\"><a href=\"http:\/\/www.gattsled.com\/\" target=\"_blank\" rel=\"noopener\"><span style=\"color: #c0c0c0;\">Gatt Sled (YT, Canada)<\/span><\/a><\/span><\/p>\n<p><span style=\"color: #c0c0c0;\"><a href=\"http:\/\/www.prairiebiltsleds.com\/\" target=\"_blank\" rel=\"noopener\"><span style=\"color: #c0c0c0;\">Prairie Bilt Sleds (ND, USA)<\/span><\/a><\/span><\/p>\n<p><span style=\"color: #c0c0c0;\"><a href=\"http:\/\/www.hundeschlitten.at\/\" target=\"_blank\" rel=\"noopener\"><span style=\"color: #c0c0c0;\">RSS (Austria, EU)<\/span><\/a><\/span><\/p>\n<p><span style=\"color: #c0c0c0;\"><a href=\"http:\/\/www.sled.cz\/\" target=\"_blank\" rel=\"noopener\"><span style=\"color: #c0c0c0;\">Sled.cz (Czech Republic, EU)<\/span><\/a><\/span><\/p>\n<p><span style=\"color: #c0c0c0;\"><a href=\"http:\/\/www.steeldog.co.uk\/\" target=\"_blank\" rel=\"noopener\"><span style=\"color: #c0c0c0;\">Steeldog (UK, EU)<\/span><\/a><\/span><\/p>\n<p><span style=\"color: #c0c0c0;\"><a href=\"http:\/\/www.huskycart.com\/de\/index.html\" target=\"_blank\" rel=\"noopener\"><span style=\"color: #c0c0c0;\">Woko (Austria, EU)<\/span><\/a><\/span><\/p>\n<h4>\u00a0<\/h4>\n<h4><span style=\"text-decoration: underline; color: #c0c0c0;\"><strong>Trottinette des neiges \/ KickSled<\/strong><\/span><\/h4>\n<h4>\u00a0<\/h4>\n<h4>\u00a0<\/h4>\n<h4><span style=\"color: #c0c0c0;\"><a href=\"http:\/\/www.laglisse.ca\/en\/index.php\" target=\"_blank\" rel=\"noopener\"><span style=\"color: #c0c0c0;\">GoSlide (Qc, Canada)<\/span><\/a><\/span><\/h4>\n<p><span style=\"color: #c0c0c0;\"><a href=\"http:\/\/www.pawtrek.ca\/\" target=\"_blank\" rel=\"noopener\"><span style=\"color: #c0c0c0;\">Pawtrek Canada (BC, Canada)<\/span><\/a><\/span><\/p>\n<p><span style=\"color: #c0c0c0;\"><a href=\"http:\/\/www.pawtrek.com\/\" target=\"_blank\" rel=\"noopener\"><span style=\"color: #c0c0c0;\">Pawtrek USA<\/span><\/a><\/span><\/p>\n<p><span style=\"color: #c0c0c0;\"><a href=\"http:\/\/www.pawtrekker.com\/\" target=\"_blank\" rel=\"noopener\"><span style=\"color: #c0c0c0;\">Pawtrekker (UK, EU)<\/span><\/a><\/span><\/p>\n<p><span style=\"color: #c0c0c0;\"><a href=\"http:\/\/www.tretroller.de\/\" target=\"_blank\" rel=\"noopener\"><span style=\"color: #c0c0c0;\">Tretroller (Germany, EU)<\/span><\/a><\/span><\/p>\n<h4><span style=\"text-decoration: underline; color: #c0c0c0;\"><strong>V\u00e9lo \/ Bike<\/strong><\/span><\/h4>\n<p>\u00a0<\/p>\n<h4><span style=\"color: #c0c0c0;\"><a href=\"http:\/\/www.kickbike.com\/\" target=\"_blank\" rel=\"noopener\"><span style=\"color: #c0c0c0;\">Kickbike (Finland, EU)<\/span><\/a><\/span><\/h4>\n<p><span style=\"color: #c0c0c0;\"><a href=\"http:\/\/www.pawtrek.com\/\" target=\"_blank\" rel=\"noopener\"><span style=\"color: #c0c0c0;\">Pawtrek USA<\/span><\/a><\/span><\/p>\n<p>\u00a0<\/p>\n<p><a href=\"http:\/\/www.nordiclightmals.com\/wp-content\/uploads\/2013\/09\/CAMP_Janv15-281.jpg\"><img loading=\"lazy\" decoding=\"async\" class=\"aligncenter size-full wp-image-11189\" title=\"CAMP_Janv15 281\" src=\"http:\/\/www.nordiclightmals.com\/wp-content\/uploads\/2013\/09\/CAMP_Janv15-281.jpg\" alt=\"\" width=\"1920\" height=\"1280\" srcset=\"https:\/\/www.nordiclightmals.com\/wp-content\/uploads\/2013\/09\/CAMP_Janv15-281.jpg 1920w, https:\/\/www.nordiclightmals.com\/wp-content\/uploads\/2013\/09\/CAMP_Janv15-281-300x200.jpg 300w, https:\/\/www.nordiclightmals.com\/wp-content\/uploads\/2013\/09\/CAMP_Janv15-281-1024x682.jpg 1024w, https:\/\/www.nordiclightmals.com\/wp-content\/uploads\/2013\/09\/CAMP_Janv15-281-450x300.jpg 450w\" sizes=\"auto, (max-width: 1920px) 100vw, 1920px\" \/><\/a><\/p>\n<p><a href=\"http:\/\/www.nordiclightmals.com\/wp-content\/uploads\/2013\/01\/Photos_FRED_2012-330.jpg\"><img loading=\"lazy\" decoding=\"async\" class=\"wp-image-1792 alignright\" title=\"Photos_FRED_2012 330\" src=\"http:\/\/www.nordiclightmals.com\/wp-content\/uploads\/2013\/01\/Photos_FRED_2012-330-300x200.jpg\" alt=\"\" width=\"468\" height=\"318\" \/><\/a><\/p>\n\n\n<p><\/p>\n","protected":false},"excerpt":{"rendered":"<p>Facebook Nordiclight Alaskan Malamutes: Notre page FB sur notre \u00e9levage. Venez nous visiter et montrez-nous votre int\u00e9r\u00eat en cliquant le bouton \u00ab\u00a0J&rsquo;AIME\u00a0\u00bb. Ainsi, vous pourrez recevoir nos mises \u00e0 jour dans votre journal. Nordiclight Alaskan Malamutes: Our FB page about &hellip; <a href=\"https:\/\/www.nordiclightmals.com\/?page_id=6385\">Continuer la lecture <span class=\"meta-nav\"> \u00bb<\/span><\/a><\/p>\n","protected":false},"author":1,"featured_media":0,"parent":0,"menu_order":5,"comment_status":"closed","ping_status":"closed","template":"","meta":{"footnotes":""},"class_list":["post-6385","page","type-page","status-publish","hentry"],"_links":{"self":[{"href":"https:\/\/www.nordiclightmals.com\/index.php?rest_route=\/wp\/v2\/pages\/6385","targetHints":{"allow":["GET"]}}],"collection":[{"href":"https:\/\/www.nordiclightmals.com\/index.php?rest_route=\/wp\/v2\/pages"}],"about":[{"href":"https:\/\/www.nordiclightmals.com\/index.php?rest_route=\/wp\/v2\/types\/page"}],"author":[{"embeddable":true,"href":"https:\/\/www.nordiclightmals.com\/index.php?rest_route=\/wp\/v2\/users\/1"}],"replies":[{"embeddable":true,"href":"https:\/\/www.nordiclightmals.com\/index.php?rest_route=%2Fwp%2Fv2%2Fcomments&post=6385"}],"version-history":[{"count":137,"href":"https:\/\/www.nordiclightmals.com\/index.php?rest_route=\/wp\/v2\/pages\/6385\/revisions"}],"predecessor-version":[{"id":19017,"href":"https:\/\/www.nordiclightmals.com\/index.php?rest_route=\/wp\/v2\/pages\/6385\/revisions\/19017"}],"wp:attachment":[{"href":"https:\/\/www.nordiclightmals.com\/index.php?rest_route=%2Fwp%2Fv2%2Fmedia&parent=6385"}],"curies":[{"name":"wp","href":"https:\/\/api.w.org\/{rel}","templated":true}]}}